{"id":1648,"date":"2023-05-03T13:44:59","date_gmt":"2023-05-03T11:44:59","guid":{"rendered":"https:\/\/www.campingdoller.fr\/rechtliche-hinweise\/"},"modified":"2025-12-12T17:04:10","modified_gmt":"2025-12-12T16:04:10","slug":"rechtliche-hinweise","status":"publish","type":"page","link":"https:\/\/www.campingdoller.fr\/de\/rechtliche-hinweise\/","title":{"rendered":"Rechtlich"},"content":{"rendered":"<section id=\"ls-section-block_839338ae2d036bbcf8d94c1b332d3369\" class=\"ls-section  page-titre\" >\r\n        <div class=\"container container--wide\">\r\n        \n\n<h1 class=\"ls__heading wp-block-heading has-text-align-center\">Rechtlich<\/h1>\n\n\n\n<h2 class=\"ls__heading wp-block-heading\">Bauleiter<\/h2>\n\n\n\n<p class=\"ls-paragraph\"><strong>CAMPSITE DE LA DOLLER<\/strong><br\/>Rue du Commandant Charpy<br\/>68116 Guewenheim<br\/>Tel. 07 86 28 30 58<br\/>E-Mail: <a href=\"mailto:contact@campingdoller.fr\">contact@campingdoller.fr<\/a><br\/>S.A.S. mit einem Kapital von 10.000 \u20ac<br\/>SIRET: 89817103800018<br\/>APE-Code: 5530Z<br\/>Mehrwertsteuer innerhalb der Gemeinschaft: FR81898171038<br\/>Publikationsleiterin: Fabrice und Nathalie Beuve<\/p>\n\n\n\n<h2 class=\"ls__heading wp-block-heading\">VERWIRKLICHUNG<\/h2>\n\n\n\n<p class=\"ls-paragraph\"><strong>GEEK TONIC<\/strong><br\/>Vertreten durch Herrn Yohan Darmayan in seiner Funktion als Manager<br\/>Eingetragenes B\u00fcro: Avenue du Lac Marion 50, Biarritz 64200<br\/>Telefon: 05 32 74 11 52<br\/>E-Mail: support@geek-tonic.com<br\/>Website: <a href=\"https:\/\/www.geek-tonic.com\/\">www.geek-tonic.com<\/a><br\/>SIRET: 89746755100015<br\/>APE: 6201Z<\/p>\n\n\n\n<h2 class=\"ls__heading wp-block-heading\">URHEBERRECHT<\/h2>\n\n\n\n<p class=\"ls-paragraph\">Der gesamte Inhalt dieser Website unterliegt dem Urheberrecht und dem geistigen Eigentum des franz\u00f6sischen Rechts Jegliche Vervielf\u00e4ltigung (einschlie\u00dflich Fotos, Symbole und herunterladbare Dokumente) ist ohne vorherige Zustimmung von GEEK TONIC untersagt. Die Vervielf\u00e4ltigung der gesamten Website oder eines Teils davon auf einem elektronischen Medium in Papier- oder elektronischem Format ist untersagt. GEEK TONIC lehnt jede Verantwortung f\u00fcr den Inhalt der Website ab. GEEK TONIC lehnt auch jede Verantwortung f\u00fcr externe Links ab, die auf diese Website verweisen.<\/p>\n\n\n\n<h2 class=\"ls__heading wp-block-heading\" id=\"m-t-6\">PERSONENBEZOGENE DATEN UND PERS\u00d6NLICHE INFORMATIONEN<\/h2>\n\n\n\n<p class=\"ls-paragraph\">Sie haben das Recht auf Zugang, \u00c4nderung, Berichtigung und L\u00f6schung der Sie betreffenden Daten gem\u00e4\u00df Artikel 34 des Gesetzes &#8222;Informatique et Libert\u00e9s&#8220; Nr. 78-17 vom 6. Januar 1978, ge\u00e4ndert am 6. August 2018. Um dieses Zugriffsrecht auszu\u00fcben, k\u00f6nnen Sie dies auf einfache schriftliche Anfrage an den Herausgeber der Website tun.<\/p>\n\n\n\n<h2 class=\"ls__heading wp-block-heading\">GESETZGEBUNG<\/h2>\n\n\n\n<p class=\"ls-paragraph\">Gem\u00e4\u00df dem Gesetz vom 11. M\u00e4rz 1957 (Art. 41) und dem Gesetz \u00fcber geistiges Eigentum vom 1. Juli 1992 ist es verboten, einen Teil der Website ohne vorherige Genehmigung des Herausgebers der Website ganz oder teilweise zu reproduzieren. Logos, Bilder, Fotos, Videos, Grafiken, Texte sind Eigentum ihrer jeweiligen Inhaber. Diese Seite kann ohne ihr Wissen \u00fcber Hypermedia-Links auf andere Seiten verlinken. Der Herausgeber der Website lehnt jede Verantwortung f\u00fcr die auf diesen anderen Websites pr\u00e4sentierten Informationen ab. Der Internetnutzer erkennt an, dass die Nutzung dieser Seite durch franz\u00f6sisches Recht geregelt ist.<\/p>\n\n\r\n    <\/div>\r\n<\/section>","protected":false},"excerpt":{"rendered":"","protected":false},"author":1,"featured_media":0,"parent":0,"menu_order":0,"comment_status":"closed","ping_status":"closed","template":"","meta":{"_acf_changed":false,"footnotes":""},"sujet":[],"class_list":["post-1648","page","type-page","status-publish","hentry"],"acf":[],"yoast_head":"<!-- This site is optimized with the Yoast SEO plugin v25.3 - https:\/\/yoast.com\/wordpress\/plugins\/seo\/ -->\n<title>Rechtlich - Camping de la Doller<\/title>\n<meta name=\"robots\" content=\"noindex, nofollow\" \/>\n<meta property=\"og:locale\" content=\"de_DE\" \/>\n<meta property=\"og:type\" content=\"article\" \/>\n<meta property=\"og:title\" content=\"Rechtlich - Camping de la Doller\" \/>\n<meta property=\"og:url\" content=\"https:\/\/www.campingdoller.fr\/de\/rechtliche-hinweise\/\" \/>\n<meta property=\"og:site_name\" content=\"Camping de la Doller\" \/>\n<meta property=\"article:modified_time\" content=\"2025-12-12T16:04:10+00:00\" \/>\n<meta name=\"twitter:card\" content=\"summary_large_image\" \/>\n<meta name=\"twitter:label1\" content=\"Gesch\u00e4tzte Lesezeit\" \/>\n\t<meta name=\"twitter:data1\" content=\"1\u00a0Minute\" \/>\n<script type=\"application\/ld+json\" class=\"yoast-schema-graph\">{\"@context\":\"https:\/\/schema.org\",\"@graph\":[{\"@type\":\"WebPage\",\"@id\":\"https:\/\/www.campingdoller.fr\/de\/rechtliche-hinweise\/\",\"url\":\"https:\/\/www.campingdoller.fr\/de\/rechtliche-hinweise\/\",\"name\":\"Rechtlich - Camping de la Doller\",\"isPartOf\":{\"@id\":\"https:\/\/www.campingdoller.fr\/#website\"},\"datePublished\":\"2023-05-03T11:44:59+00:00\",\"dateModified\":\"2025-12-12T16:04:10+00:00\",\"breadcrumb\":{\"@id\":\"https:\/\/www.campingdoller.fr\/de\/rechtliche-hinweise\/#breadcrumb\"},\"inLanguage\":\"de\",\"potentialAction\":[{\"@type\":\"ReadAction\",\"target\":[\"https:\/\/www.campingdoller.fr\/de\/rechtliche-hinweise\/\"]}]},{\"@type\":\"BreadcrumbList\",\"@id\":\"https:\/\/www.campingdoller.fr\/de\/rechtliche-hinweise\/#breadcrumb\",\"itemListElement\":[{\"@type\":\"ListItem\",\"position\":1,\"name\":\"Camping Alsace\",\"item\":\"https:\/\/www.campingdoller.fr\/de\/\"},{\"@type\":\"ListItem\",\"position\":2,\"name\":\"Rechtlich\"}]},{\"@type\":\"WebSite\",\"@id\":\"https:\/\/www.campingdoller.fr\/#website\",\"url\":\"https:\/\/www.campingdoller.fr\/\",\"name\":\"Camping de la Doller\",\"description\":\"\",\"publisher\":{\"@id\":\"https:\/\/www.campingdoller.fr\/#organization\"},\"potentialAction\":[{\"@type\":\"SearchAction\",\"target\":{\"@type\":\"EntryPoint\",\"urlTemplate\":\"https:\/\/www.campingdoller.fr\/?s={search_term_string}\"},\"query-input\":{\"@type\":\"PropertyValueSpecification\",\"valueRequired\":true,\"valueName\":\"search_term_string\"}}],\"inLanguage\":\"de\"},{\"@type\":\"Organization\",\"@id\":\"https:\/\/www.campingdoller.fr\/#organization\",\"name\":\"Camping de la Doller\",\"url\":\"https:\/\/www.campingdoller.fr\/\",\"logo\":{\"@type\":\"ImageObject\",\"inLanguage\":\"de\",\"@id\":\"https:\/\/www.campingdoller.fr\/#\/schema\/logo\/image\/\",\"url\":\"https:\/\/www.campingdoller.fr\/wp-content\/uploads\/2023\/03\/cropped-logo-camping-de-la-doller.png\",\"contentUrl\":\"https:\/\/www.campingdoller.fr\/wp-content\/uploads\/2023\/03\/cropped-logo-camping-de-la-doller.png\",\"width\":512,\"height\":512,\"caption\":\"Camping de la Doller\"},\"image\":{\"@id\":\"https:\/\/www.campingdoller.fr\/#\/schema\/logo\/image\/\"}}]}<\/script>\n<!-- \/ Yoast SEO plugin. -->","yoast_head_json":{"title":"Rechtlich - Camping de la Doller","robots":{"index":"noindex","follow":"nofollow"},"og_locale":"de_DE","og_type":"article","og_title":"Rechtlich - Camping de la Doller","og_url":"https:\/\/www.campingdoller.fr\/de\/rechtliche-hinweise\/","og_site_name":"Camping de la Doller","article_modified_time":"2025-12-12T16:04:10+00:00","twitter_card":"summary_large_image","twitter_misc":{"Gesch\u00e4tzte Lesezeit":"1\u00a0Minute"},"schema":{"@context":"https:\/\/schema.org","@graph":[{"@type":"WebPage","@id":"https:\/\/www.campingdoller.fr\/de\/rechtliche-hinweise\/","url":"https:\/\/www.campingdoller.fr\/de\/rechtliche-hinweise\/","name":"Rechtlich - Camping de la Doller","isPartOf":{"@id":"https:\/\/www.campingdoller.fr\/#website"},"datePublished":"2023-05-03T11:44:59+00:00","dateModified":"2025-12-12T16:04:10+00:00","breadcrumb":{"@id":"https:\/\/www.campingdoller.fr\/de\/rechtliche-hinweise\/#breadcrumb"},"inLanguage":"de","potentialAction":[{"@type":"ReadAction","target":["https:\/\/www.campingdoller.fr\/de\/rechtliche-hinweise\/"]}]},{"@type":"BreadcrumbList","@id":"https:\/\/www.campingdoller.fr\/de\/rechtliche-hinweise\/#breadcrumb","itemListElement":[{"@type":"ListItem","position":1,"name":"Camping Alsace","item":"https:\/\/www.campingdoller.fr\/de\/"},{"@type":"ListItem","position":2,"name":"Rechtlich"}]},{"@type":"WebSite","@id":"https:\/\/www.campingdoller.fr\/#website","url":"https:\/\/www.campingdoller.fr\/","name":"Camping de la Doller","description":"","publisher":{"@id":"https:\/\/www.campingdoller.fr\/#organization"},"potentialAction":[{"@type":"SearchAction","target":{"@type":"EntryPoint","urlTemplate":"https:\/\/www.campingdoller.fr\/?s={search_term_string}"},"query-input":{"@type":"PropertyValueSpecification","valueRequired":true,"valueName":"search_term_string"}}],"inLanguage":"de"},{"@type":"Organization","@id":"https:\/\/www.campingdoller.fr\/#organization","name":"Camping de la Doller","url":"https:\/\/www.campingdoller.fr\/","logo":{"@type":"ImageObject","inLanguage":"de","@id":"https:\/\/www.campingdoller.fr\/#\/schema\/logo\/image\/","url":"https:\/\/www.campingdoller.fr\/wp-content\/uploads\/2023\/03\/cropped-logo-camping-de-la-doller.png","contentUrl":"https:\/\/www.campingdoller.fr\/wp-content\/uploads\/2023\/03\/cropped-logo-camping-de-la-doller.png","width":512,"height":512,"caption":"Camping de la Doller"},"image":{"@id":"https:\/\/www.campingdoller.fr\/#\/schema\/logo\/image\/"}}]}},"_links":{"self":[{"href":"https:\/\/www.campingdoller.fr\/de\/wp-json\/wp\/v2\/pages\/1648","targetHints":{"allow":["GET"]}}],"collection":[{"href":"https:\/\/www.campingdoller.fr\/de\/wp-json\/wp\/v2\/pages"}],"about":[{"href":"https:\/\/www.campingdoller.fr\/de\/wp-json\/wp\/v2\/types\/page"}],"author":[{"embeddable":true,"href":"https:\/\/www.campingdoller.fr\/de\/wp-json\/wp\/v2\/users\/1"}],"replies":[{"embeddable":true,"href":"https:\/\/www.campingdoller.fr\/de\/wp-json\/wp\/v2\/comments?post=1648"}],"version-history":[{"count":4,"href":"https:\/\/www.campingdoller.fr\/de\/wp-json\/wp\/v2\/pages\/1648\/revisions"}],"predecessor-version":[{"id":3075,"href":"https:\/\/www.campingdoller.fr\/de\/wp-json\/wp\/v2\/pages\/1648\/revisions\/3075"}],"wp:attachment":[{"href":"https:\/\/www.campingdoller.fr\/de\/wp-json\/wp\/v2\/media?parent=1648"}],"wp:term":[{"taxonomy":"sujet","embeddable":true,"href":"https:\/\/www.campingdoller.fr\/de\/wp-json\/wp\/v2\/sujet?post=1648"}],"curies":[{"name":"wp","href":"https:\/\/api.w.org\/{rel}","templated":true}]}}