{"id":1654,"date":"2023-05-03T13:48:01","date_gmt":"2023-05-03T11:48:01","guid":{"rendered":"https:\/\/www.campingdoller.fr\/camping-pas-cher-colmar\/"},"modified":"2026-01-12T15:44:17","modified_gmt":"2026-01-12T14:44:17","slug":"gunstiger-campingplatz-colmar","status":"publish","type":"page","link":"https:\/\/www.campingdoller.fr\/de\/gunstiger-campingplatz-colmar\/","title":{"rendered":"Grundsteuer"},"content":{"rendered":"<section id=\"ls-section-block_2f7d567459ed8aa09eaa7df6730be1f4\" class=\"ls-section  page-titre has-p-b p-b-0\" >\r\n        <div class=\"container container--wide\">\r\n        \n\n<h1 class=\"ls__heading wp-block-heading has-text-align-center\">Ihr g\u00fcnstiger Campingplatz in der N\u00e4he von Colmar <\/h1>\n\n\r\n    <\/div>\r\n<\/section><section id=\"ls-section-block_6c063d797ba69490d01779a09db1ffb0\" class=\"ls-section  page-heberg-filtre-2 has-p-t p-t-2 has-p-b p-b-3\" >\r\n        <div class=\"container \">\r\n        \n\n<script>\n    window.ctoutvert = {\n\t\tid: 12076, \n\t\tlang: 'auto', \n\t\turl: 'https:\/\/bookingpremium.secureholiday.net\/widgets\/'\n    };\n\n    (function (w, d, s, ctv, r, js, fjs) {\n        r=new XMLHttpRequest();r.open('GET',w[ctv].url+'js\/src.json');\n        r.responseType='json';r.json=true;r.send();\n        r.onload=function(){w[ctv].src=r.responseType=='json'?r.response:JSON.parse(r.response);\n        js.src=w[ctv].src[0];fjs.parentNode.insertBefore(js, fjs);}\n        js=d.createElement(s),fjs=d.getElementsByTagName(s)[0];\n        js.id='ctvwidget';js.async=1;\n    }(window, document, 'script', 'ctoutvert'));\n<\/script>\n<ctv-availability data-background-color=\"#FFFFFFFF\"><\/ctv-availability>\n\n\r\n    <\/div>\r\n<\/section><section id=\"ls-section-block_8f7c081f949fca8fb00a352cdd3da278\" class=\"ls-section  page-hebergement has-background has-color-1-background-color has-text-color has-color-white-color\" >\r\n        <div class=\"container container--wide\">\r\n        \n\n<div class=\"wp-block-columns is-layout-flex wp-container-core-columns-is-layout-9d6595d7 wp-block-columns-is-layout-flex\">\n<div class=\"wp-block-column is-layout-flow wp-block-column-is-layout-flow\">\n<h2 class=\"ls__heading wp-block-heading has-color-white-color has-text-color\">Mietunterk\u00fcnfte zum besten Preis-Leistungs-Verh\u00e4ltnis im Elsass<\/h2>\n\n\n\n<p class=\"ls-paragraph\">Der <a href=\"https:\/\/www.campingdoller.fr\/de\/\">Campingplatz La Doller im Elsass<\/a> bietet Ihnen die <strong>besten Preise<\/strong>! Perfekt f\u00fcr einen Campingurlaub zum besten <strong>Preis-Leistungs-Verh\u00e4ltnis<\/strong>! Unser preisg\u00fcnstiger Campingplatz in der N\u00e4he von Colmar bietet Ihnen das ganze Jahr \u00fcber die besten Sonderangebote.<\/p>\n\n\n\n<p class=\"ls-paragraph\"><a href=\"https:\/\/www.campingdoller.fr\/de\/lage-stellplatz-colmar\/\">Mieten Sie einen komfortablen Stellplatz<\/a> f\u00fcr 2 Personen ab nur <strong>21 \u20ac pro Nacht<\/strong>! Genie\u00dfen Sie den Komfort unserer Mobilheime mit Terrasse und unserer verschiedenen Zelte und Lodges zum besten Preis, indem Sie direkt auf unserer Website buchen! Wir m\u00f6chten, dass jeder einen sch\u00f6nen Urlaub hat, ohne die Bank zu sprengen.<\/p>\n\n\n\n<h2 class=\"ls__heading wp-block-heading has-color-white-color has-text-color\">Profitieren Sie von unseren Angeboten auf dem Campingplatz<\/h2>\n\n\n\n<p class=\"ls-paragraph\">Wenn Sie<strong><a href=\"https:\/\/www.campingdoller.fr\/de\/lage-stellplatz-colmar\/\"> Inhaber einer ACSI-Karte<\/a><\/strong> sind, profitieren Sie von einem Preisnachlass auf unsere Stellpl\u00e4tze in der Nebensaison.<\/p>\n<\/div>\n\n\n\n<div class=\"wp-block-column is-vertically-aligned-center is-layout-flow wp-block-column-is-layout-flow\">\n<p class=\"ls-paragraph\">Au\u00dferdem m\u00f6chten wir Sie darauf hinweisen, dass wir das ganze Jahr \u00fcber Sonderangebote anbieten, da wir Ihnen die besten Preise auf dem Markt f\u00fcr die <a href=\"https:\/\/www.campingdoller.fr\/de\/vermietung-von-mobilheimen-colmar\/\">Vermietung von Mobilheimen<\/a>, Stellpl\u00e4tzen, Zelten und Lodges bieten. Unser Ziel ist es, Ihnen die g\u00fcnstigsten Preise zu bieten, um einen idealen Urlaub im Elsass in der N\u00e4he von Colmar zu verbringen.<\/p>\n\n\n\n<h2 class=\"ls__heading wp-block-heading has-color-white-color has-text-color\">Die besten Preise bei Direktbuchung<\/h2>\n\n\n\n<p class=\"ls-paragraph\">M\u00f6chten Sie zum g\u00fcnstigsten Preis mieten? In diesem Fall empfehlen wir Ihnen, Ihren Aufenthalt auf unserem Campingplatz mit Schwimmbad direkt \u00fcber unsere Website zu buchen. <strong>Wenn Sie direkt buchen<\/strong> , k\u00f6nnen Sie von den besten Preisen auf dem Markt sowie von allen unseren aktuellen Angeboten profitieren.<\/p>\n\n\n\n<p class=\"ls-paragraph\">Unser <strong>Low-Cost-Campingplatz<\/strong>in der N\u00e4he von Colmar bietet Ihnen Zugang zu Mietunterk\u00fcnften, ohne die Bank zu sprengen. Gehen Sie beruhigt in dem Wissen, dass Sie das Beste daraus machen k\u00f6nnen auf unserem Campingplatz zum besten Preis-Leistungs-Verh\u00e4ltnis.<\/p>\n<\/div>\n<\/div>\n\n\r\n    <\/div>\r\n<\/section><section id=\"tarifs\" class=\"ls-section  page-hebergement has-p-t p-t-3 has-p-b p-b-0\" >\r\n        <div class=\"container container--wide\">\r\n        \n\n<h2 class=\"ls__heading wp-block-heading has-text-align-center\">Preise f\u00fcr Dienstleistungen<\/h2>\n\n\n\n<div class=\"wp-block-columns is-layout-flex wp-container-core-columns-is-layout-9d6595d7 wp-block-columns-is-layout-flex\">\n<div class=\"wp-block-column is-layout-flow wp-block-column-is-layout-flow\" style=\"flex-basis:20%\"><\/div>\n\n\n\n<div class=\"wp-block-column is-layout-flow wp-block-column-is-layout-flow\">\n<table id=\"tablepress-5\" class=\"tablepress tablepress-id-5\">\n<thead>\n<tr class=\"row-1\">\n\t<th class=\"column-1\">Services<\/th><th class=\"column-2\">Preise<\/th>\n<\/tr>\n<\/thead>\n<tbody class=\"row-striping row-hover\">\n<tr class=\"row-2\">\n\t<td class=\"column-1\">Wifi Zugang auf der Terrasse<\/td><td class=\"column-2\">Free<\/td>\n<\/tr>\n<tr class=\"row-3\">\n\t<td class=\"column-1\">Fr\u00fchst\u00fcck auf Reservierung<\/td><td class=\"column-2\">8,5\u20ac bei Reservierung vor 18 Uhr<\/td>\n<\/tr>\n<tr class=\"row-4\">\n\t<td class=\"column-1\">Verleih von Spannbettt\u00fcchern, Kissenbez\u00fcgen und Bettbez\u00fcgen<\/td><td class=\"column-2\">15\u20ac pro Doppelbett<br \/>\r\n10\u20ac pro Einzelbett<\/td>\n<\/tr>\n<tr class=\"row-5\">\n\t<td class=\"column-1\">Handtuchverleih<\/td><td class=\"column-2\">10\u20ac<\/td>\n<\/tr>\n<tr class=\"row-6\">\n\t<td class=\"column-1\">Gasgrill mieten<\/td><td class=\"column-2\">50\u20ac pro Woche<\/td>\n<\/tr>\n<tr class=\"row-7\">\n\t<td class=\"column-1\">K\u00fchlschrank mieten<\/td><td class=\"column-2\">12\u20ac pro Nacht<br \/>\n50\u20ac pro Woche<\/td>\n<\/tr>\n<tr class=\"row-8\">\n\t<td class=\"column-1\">Brot und Geb\u00e4ck auf Vorbestellung <strong>in der Hochsaison<\/strong><\/td><td class=\"column-2\">1.30\u20ac f\u00fcr ein Baguette <br \/>\n1.60\u20ac Brot <br \/>\n1.40\u20ac f\u00fcr ein Croissant <br \/>\n1.50\u20ac for a pain au chocolat <\/td>\n<\/tr>\n<tr class=\"row-9\">\n\t<td class=\"column-1\">M\u00fcnzen f\u00fcr W\u00e4sche<\/td><td class=\"column-2\">6\u20ac<\/td>\n<\/tr>\n<tr class=\"row-10\">\n\t<td class=\"column-1\">M\u00fcnzen f\u00fcr  W\u00e4schetrockner<\/td><td class=\"column-2\">6\u20ac<\/td>\n<\/tr>\n<tr class=\"row-11\">\n\t<td class=\"column-1\">Dosis des Reinigungsmittels<\/td><td class=\"column-2\">1\u20ac<\/td>\n<\/tr>\n<tr class=\"row-12\">\n\t<td class=\"column-1\">Barriere-Plakette<\/td><td class=\"column-2\">30\u20ac<\/td>\n<\/tr>\n<tr class=\"row-13\">\n\t<td class=\"column-1\">Gasflasche<\/td><td class=\"column-2\">37\u20ac<\/td>\n<\/tr>\n<tr class=\"row-14\">\n\t<td class=\"column-1\">Housekeeping-Paket<\/td><td class=\"column-2\">80\u20ac<\/td>\n<\/tr>\n<tr class=\"row-15\">\n\t<td class=\"column-1\">Tennisplatz<\/td><td class=\"column-2\">10\u20ac pro Stellplatz und Stunde<\/td>\n<\/tr>\n<tr class=\"row-16\">\n\t<td class=\"column-1\">Rasen m\u00e4hen<\/td><td class=\"column-2\">30\u20ac<\/td>\n<\/tr>\n<tr class=\"row-17\">\n\t<td class=\"column-1\">Beschneiden von Hecken<\/td><td class=\"column-2\">10\u20ac pro laufendem Meter pro Seite<\/td>\n<\/tr>\n<\/tbody>\n<\/table>\n<!-- #tablepress-5 from cache -->\n<\/div>\n\n\n\n<div class=\"wp-block-column is-layout-flow wp-block-column-is-layout-flow\" style=\"flex-basis:20%\"><\/div>\n<\/div>\n\n\r\n    <\/div>\r\n<\/section><section id=\"ls-section-block_f6ed227aca3506f1adf627d7bcd524c7\" class=\"ls-section  page-five m-t-0 m-b-0 has-p-t p-t-1\" >\r\n        <div class=\"container container--wide\">\r\n        \n\n<div id=\"ls-heading ls-titre-div-block_4624876c3c9b2a2d3d119f89d208e9d8\" class=\"ls-titre-div aligncenter h2-like\" >\n    <strong>Entdecken Sie unsere verschiedenen Unterk\u00fcnfte und unser Restaurant<\/strong><\/div>\n\n\n<div id=\"ls-maillage-block_02ccc1d351ecc0ec0759941294420a5b\" class=\"ls-maillage cta-style-normal\" data-rows=\"3\">\r\n    <div class=\"wp-block-columns\"><div class=\"wp-block-column\"><div class=\"ls-cta\">\n\n<a href=\"https:\/\/www.campingdoller.fr\/de\/vermietung-von-mobilheimen-colmar\/\" target=\"\" rel=\"noopener\" class=\"ls-cta__link\">\n\n\t<div class=\"ls-cta__image\"><img decoding=\"async\" src=\"https:\/\/www.campingdoller.fr\/wp-content\/uploads\/2023\/04\/location-mobil-home-camping-alsace-colmar.jpg\" alt=\"Standort Mobilheim Campingplatz Elsass Colmar\"><\/div>\n\t<div class=\"ls-cta__title\">\n\t\tMieten\t<\/div>\n\n\t\n<\/a><\/div><\/div><div class=\"wp-block-column\"><div class=\"ls-cta\">\n\n<a href=\"https:\/\/www.campingdoller.fr\/de\/lage-stellplatz-colmar\/\" target=\"\" rel=\"noopener\" class=\"ls-cta__link\">\n\n\t<div class=\"ls-cta__image\"><img decoding=\"async\" src=\"https:\/\/www.campingdoller.fr\/wp-content\/uploads\/2025\/12\/1er-mai-rouge-et-blanc-1-768x578.jpg\" alt=\"1. Mai in Rot und Wei\u00df\"><\/div>\n\t<div class=\"ls-cta__title\">\n\t\tOrte\t<\/div>\n\n\t\n<\/a><\/div><\/div><div class=\"wp-block-column\"><div class=\"ls-cta\">\n\n<a href=\"https:\/\/www.campingdoller.fr\/de\/restaurant-im-guewenheim\/\" target=\"\" rel=\"noopener\" class=\"ls-cta__link\">\n\n\t<div class=\"ls-cta__image\"><img decoding=\"async\" src=\"https:\/\/www.campingdoller.fr\/wp-content\/uploads\/2025\/12\/Soiree-1-768x512.jpg\" alt=\"Abendveranstaltung\"><\/div>\n\t<div class=\"ls-cta__title\">\n\t\tBar, Eis &amp; Restaurant\t<\/div>\n\n\t\n<\/a><\/div><\/div><\/div><\/div>\n\r\n    <\/div>\r\n<\/section>","protected":false},"excerpt":{"rendered":"","protected":false},"author":1,"featured_media":2974,"parent":0,"menu_order":0,"comment_status":"closed","ping_status":"closed","template":"","meta":{"_acf_changed":false,"footnotes":""},"sujet":[],"class_list":["post-1654","page","type-page","status-publish","has-post-thumbnail","hentry"],"acf":[],"yoast_head":"<!-- This site is optimized with the Yoast SEO plugin v25.3 - https:\/\/yoast.com\/wordpress\/plugins\/seo\/ -->\n<title>G\u00fcnstige Campingpl\u00e4tze im Elsass | Bester Preis Campingplatz in der N\u00e4he von Colmar<\/title>\n<meta name=\"robots\" content=\"index, follow, max-snippet:-1, max-image-preview:large, max-video-preview:-1\" \/>\n<link rel=\"canonical\" href=\"https:\/\/www.campingdoller.fr\/de\/gunstiger-campingplatz-colmar\/\" \/>\n<meta property=\"og:locale\" content=\"de_DE\" \/>\n<meta property=\"og:type\" content=\"article\" \/>\n<meta property=\"og:title\" content=\"G\u00fcnstige Campingpl\u00e4tze im Elsass | Bester Preis Campingplatz in der N\u00e4he von Colmar\" \/>\n<meta property=\"og:url\" content=\"https:\/\/www.campingdoller.fr\/de\/gunstiger-campingplatz-colmar\/\" \/>\n<meta property=\"og:site_name\" content=\"Camping de la Doller\" \/>\n<meta property=\"article:modified_time\" content=\"2026-01-12T14:44:17+00:00\" \/>\n<meta property=\"og:image\" content=\"https:\/\/www.campingdoller.fr\/wp-content\/uploads\/2025\/12\/DS-Vintage.jpg\" \/>\n\t<meta property=\"og:image:width\" content=\"1037\" \/>\n\t<meta property=\"og:image:height\" content=\"780\" \/>\n\t<meta property=\"og:image:type\" content=\"image\/jpeg\" \/>\n<meta name=\"twitter:card\" content=\"summary_large_image\" \/>\n<meta name=\"twitter:label1\" content=\"Gesch\u00e4tzte Lesezeit\" \/>\n\t<meta name=\"twitter:data1\" content=\"1\u00a0Minute\" \/>\n<script type=\"application\/ld+json\" class=\"yoast-schema-graph\">{\"@context\":\"https:\/\/schema.org\",\"@graph\":[{\"@type\":\"WebPage\",\"@id\":\"https:\/\/www.campingdoller.fr\/de\/gunstiger-campingplatz-colmar\/\",\"url\":\"https:\/\/www.campingdoller.fr\/de\/gunstiger-campingplatz-colmar\/\",\"name\":\"G\u00fcnstige Campingpl\u00e4tze im Elsass | Bester Preis Campingplatz in der N\u00e4he von Colmar\",\"isPartOf\":{\"@id\":\"https:\/\/www.campingdoller.fr\/#website\"},\"primaryImageOfPage\":{\"@id\":\"https:\/\/www.campingdoller.fr\/de\/gunstiger-campingplatz-colmar\/#primaryimage\"},\"image\":{\"@id\":\"https:\/\/www.campingdoller.fr\/de\/gunstiger-campingplatz-colmar\/#primaryimage\"},\"thumbnailUrl\":\"https:\/\/www.campingdoller.fr\/wp-content\/uploads\/2025\/12\/DS-Vintage.jpg\",\"datePublished\":\"2023-05-03T11:48:01+00:00\",\"dateModified\":\"2026-01-12T14:44:17+00:00\",\"breadcrumb\":{\"@id\":\"https:\/\/www.campingdoller.fr\/de\/gunstiger-campingplatz-colmar\/#breadcrumb\"},\"inLanguage\":\"de\",\"potentialAction\":[{\"@type\":\"ReadAction\",\"target\":[\"https:\/\/www.campingdoller.fr\/de\/gunstiger-campingplatz-colmar\/\"]}]},{\"@type\":\"ImageObject\",\"inLanguage\":\"de\",\"@id\":\"https:\/\/www.campingdoller.fr\/de\/gunstiger-campingplatz-colmar\/#primaryimage\",\"url\":\"https:\/\/www.campingdoller.fr\/wp-content\/uploads\/2025\/12\/DS-Vintage.jpg\",\"contentUrl\":\"https:\/\/www.campingdoller.fr\/wp-content\/uploads\/2025\/12\/DS-Vintage.jpg\",\"width\":1037,\"height\":780,\"caption\":\"DS Vintage\"},{\"@type\":\"BreadcrumbList\",\"@id\":\"https:\/\/www.campingdoller.fr\/de\/gunstiger-campingplatz-colmar\/#breadcrumb\",\"itemListElement\":[{\"@type\":\"ListItem\",\"position\":1,\"name\":\"Camping Alsace\",\"item\":\"https:\/\/www.campingdoller.fr\/de\/\"},{\"@type\":\"ListItem\",\"position\":2,\"name\":\"Camping zum besten Preis im Elsass\"}]},{\"@type\":\"WebSite\",\"@id\":\"https:\/\/www.campingdoller.fr\/#website\",\"url\":\"https:\/\/www.campingdoller.fr\/\",\"name\":\"Camping de la Doller\",\"description\":\"\",\"publisher\":{\"@id\":\"https:\/\/www.campingdoller.fr\/#organization\"},\"potentialAction\":[{\"@type\":\"SearchAction\",\"target\":{\"@type\":\"EntryPoint\",\"urlTemplate\":\"https:\/\/www.campingdoller.fr\/?s={search_term_string}\"},\"query-input\":{\"@type\":\"PropertyValueSpecification\",\"valueRequired\":true,\"valueName\":\"search_term_string\"}}],\"inLanguage\":\"de\"},{\"@type\":\"Organization\",\"@id\":\"https:\/\/www.campingdoller.fr\/#organization\",\"name\":\"Camping de la Doller\",\"url\":\"https:\/\/www.campingdoller.fr\/\",\"logo\":{\"@type\":\"ImageObject\",\"inLanguage\":\"de\",\"@id\":\"https:\/\/www.campingdoller.fr\/#\/schema\/logo\/image\/\",\"url\":\"https:\/\/www.campingdoller.fr\/wp-content\/uploads\/2023\/03\/cropped-logo-camping-de-la-doller.png\",\"contentUrl\":\"https:\/\/www.campingdoller.fr\/wp-content\/uploads\/2023\/03\/cropped-logo-camping-de-la-doller.png\",\"width\":512,\"height\":512,\"caption\":\"Camping de la Doller\"},\"image\":{\"@id\":\"https:\/\/www.campingdoller.fr\/#\/schema\/logo\/image\/\"}}]}<\/script>\n<!-- \/ Yoast SEO plugin. -->","yoast_head_json":{"title":"G\u00fcnstige Campingpl\u00e4tze im Elsass | Bester Preis Campingplatz in der N\u00e4he von Colmar","robots":{"index":"index","follow":"follow","max-snippet":"max-snippet:-1","max-image-preview":"max-image-preview:large","max-video-preview":"max-video-preview:-1"},"canonical":"https:\/\/www.campingdoller.fr\/de\/gunstiger-campingplatz-colmar\/","og_locale":"de_DE","og_type":"article","og_title":"G\u00fcnstige Campingpl\u00e4tze im Elsass | Bester Preis Campingplatz in der N\u00e4he von Colmar","og_url":"https:\/\/www.campingdoller.fr\/de\/gunstiger-campingplatz-colmar\/","og_site_name":"Camping de la Doller","article_modified_time":"2026-01-12T14:44:17+00:00","og_image":[{"width":1037,"height":780,"url":"https:\/\/www.campingdoller.fr\/wp-content\/uploads\/2025\/12\/DS-Vintage.jpg","type":"image\/jpeg"}],"twitter_card":"summary_large_image","twitter_misc":{"Gesch\u00e4tzte Lesezeit":"1\u00a0Minute"},"schema":{"@context":"https:\/\/schema.org","@graph":[{"@type":"WebPage","@id":"https:\/\/www.campingdoller.fr\/de\/gunstiger-campingplatz-colmar\/","url":"https:\/\/www.campingdoller.fr\/de\/gunstiger-campingplatz-colmar\/","name":"G\u00fcnstige Campingpl\u00e4tze im Elsass | Bester Preis Campingplatz in der N\u00e4he von Colmar","isPartOf":{"@id":"https:\/\/www.campingdoller.fr\/#website"},"primaryImageOfPage":{"@id":"https:\/\/www.campingdoller.fr\/de\/gunstiger-campingplatz-colmar\/#primaryimage"},"image":{"@id":"https:\/\/www.campingdoller.fr\/de\/gunstiger-campingplatz-colmar\/#primaryimage"},"thumbnailUrl":"https:\/\/www.campingdoller.fr\/wp-content\/uploads\/2025\/12\/DS-Vintage.jpg","datePublished":"2023-05-03T11:48:01+00:00","dateModified":"2026-01-12T14:44:17+00:00","breadcrumb":{"@id":"https:\/\/www.campingdoller.fr\/de\/gunstiger-campingplatz-colmar\/#breadcrumb"},"inLanguage":"de","potentialAction":[{"@type":"ReadAction","target":["https:\/\/www.campingdoller.fr\/de\/gunstiger-campingplatz-colmar\/"]}]},{"@type":"ImageObject","inLanguage":"de","@id":"https:\/\/www.campingdoller.fr\/de\/gunstiger-campingplatz-colmar\/#primaryimage","url":"https:\/\/www.campingdoller.fr\/wp-content\/uploads\/2025\/12\/DS-Vintage.jpg","contentUrl":"https:\/\/www.campingdoller.fr\/wp-content\/uploads\/2025\/12\/DS-Vintage.jpg","width":1037,"height":780,"caption":"DS Vintage"},{"@type":"BreadcrumbList","@id":"https:\/\/www.campingdoller.fr\/de\/gunstiger-campingplatz-colmar\/#breadcrumb","itemListElement":[{"@type":"ListItem","position":1,"name":"Camping Alsace","item":"https:\/\/www.campingdoller.fr\/de\/"},{"@type":"ListItem","position":2,"name":"Camping zum besten Preis im Elsass"}]},{"@type":"WebSite","@id":"https:\/\/www.campingdoller.fr\/#website","url":"https:\/\/www.campingdoller.fr\/","name":"Camping de la Doller","description":"","publisher":{"@id":"https:\/\/www.campingdoller.fr\/#organization"},"potentialAction":[{"@type":"SearchAction","target":{"@type":"EntryPoint","urlTemplate":"https:\/\/www.campingdoller.fr\/?s={search_term_string}"},"query-input":{"@type":"PropertyValueSpecification","valueRequired":true,"valueName":"search_term_string"}}],"inLanguage":"de"},{"@type":"Organization","@id":"https:\/\/www.campingdoller.fr\/#organization","name":"Camping de la Doller","url":"https:\/\/www.campingdoller.fr\/","logo":{"@type":"ImageObject","inLanguage":"de","@id":"https:\/\/www.campingdoller.fr\/#\/schema\/logo\/image\/","url":"https:\/\/www.campingdoller.fr\/wp-content\/uploads\/2023\/03\/cropped-logo-camping-de-la-doller.png","contentUrl":"https:\/\/www.campingdoller.fr\/wp-content\/uploads\/2023\/03\/cropped-logo-camping-de-la-doller.png","width":512,"height":512,"caption":"Camping de la Doller"},"image":{"@id":"https:\/\/www.campingdoller.fr\/#\/schema\/logo\/image\/"}}]}},"_links":{"self":[{"href":"https:\/\/www.campingdoller.fr\/de\/wp-json\/wp\/v2\/pages\/1654","targetHints":{"allow":["GET"]}}],"collection":[{"href":"https:\/\/www.campingdoller.fr\/de\/wp-json\/wp\/v2\/pages"}],"about":[{"href":"https:\/\/www.campingdoller.fr\/de\/wp-json\/wp\/v2\/types\/page"}],"author":[{"embeddable":true,"href":"https:\/\/www.campingdoller.fr\/de\/wp-json\/wp\/v2\/users\/1"}],"replies":[{"embeddable":true,"href":"https:\/\/www.campingdoller.fr\/de\/wp-json\/wp\/v2\/comments?post=1654"}],"version-history":[{"count":8,"href":"https:\/\/www.campingdoller.fr\/de\/wp-json\/wp\/v2\/pages\/1654\/revisions"}],"predecessor-version":[{"id":3149,"href":"https:\/\/www.campingdoller.fr\/de\/wp-json\/wp\/v2\/pages\/1654\/revisions\/3149"}],"wp:featuredmedia":[{"embeddable":true,"href":"https:\/\/www.campingdoller.fr\/de\/wp-json\/wp\/v2\/media\/2974"}],"wp:attachment":[{"href":"https:\/\/www.campingdoller.fr\/de\/wp-json\/wp\/v2\/media?parent=1654"}],"wp:term":[{"taxonomy":"sujet","embeddable":true,"href":"https:\/\/www.campingdoller.fr\/de\/wp-json\/wp\/v2\/sujet?post=1654"}],"curies":[{"name":"wp","href":"https:\/\/api.w.org\/{rel}","templated":true}]}}