{"id":1736,"date":"2023-05-03T14:04:01","date_gmt":"2023-05-03T12:04:01","guid":{"rendered":"https:\/\/www.campingdoller.fr\/aktivitaten-alsass\/"},"modified":"2026-01-14T11:08:20","modified_gmt":"2026-01-14T10:08:20","slug":"aktivitaten-alsass","status":"publish","type":"page","link":"https:\/\/www.campingdoller.fr\/de\/aktivitaten-alsass\/","title":{"rendered":"Aktivit\u00e4ten rund um den Campingplatz"},"content":{"rendered":"<section id=\"ls-section-block_7e06175f521dec503ed9c796c825e510\" class=\"ls-section  home-first m-b-0 page-one has-background-image\" >\r\n    <div class=\"ls-section__background-image opacity-100\"><img decoding=\"async\" src=\"https:\/\/www.campingdoller.fr\/wp-content\/uploads\/2023\/04\/fond-bois-camping-de-la-doller.webp\" alt=\"Campingplatz Haut Rhin\"><\/div>    <div class=\"container container--wide\">\r\n        \n\n<h1 class=\"ls__heading wp-block-heading has-text-align-center m-b-5\">Aktivit\u00e4ten im Elsass<\/h1>\n\n\n\n<div class=\"wp-block-columns are-vertically-aligned-center is-layout-flex wp-container-core-columns-is-layout-9d6595d7 wp-block-columns-is-layout-flex\">\n<div class=\"wp-block-column is-vertically-aligned-center is-layout-flow wp-block-column-is-layout-flow\" style=\"flex-basis:66.66%\">\n<figure class=\"wp-block-image size-full animated fadeInLeft slow\"><a href=\"https:\/\/www.campingdoller.fr\/wp-content\/uploads\/2025\/12\/Europa-Park-1.jpg\"><img decoding=\"async\" width=\"1000\" height=\"563\" src=\"https:\/\/www.campingdoller.fr\/wp-content\/uploads\/2025\/12\/Europa-Park-1.jpg\" alt=\"Europa Park\" class=\"wp-image-2989\" srcset=\"https:\/\/www.campingdoller.fr\/wp-content\/uploads\/2025\/12\/Europa-Park-1.jpg 1000w, https:\/\/www.campingdoller.fr\/wp-content\/uploads\/2025\/12\/Europa-Park-1-300x169.jpg 300w, https:\/\/www.campingdoller.fr\/wp-content\/uploads\/2025\/12\/Europa-Park-1-768x432.jpg 768w\" sizes=\"(max-width: 1000px) 100vw, 1000px\" \/><\/a><\/figure>\n<\/div>\n\n\n\n<div class=\"wp-block-column is-vertically-aligned-center is-layout-flow wp-block-column-is-layout-flow\" style=\"flex-basis:33.33%\">\n<h2 class=\"ls__heading wp-block-heading\">Die besten Vergn\u00fcgungsparks f\u00fcr Familien in der N\u00e4he des Campingplatzes<\/h2>\n\n\n\n<p class=\"ls-paragraph\">Wie kann man \u00fcber die besten Vergn\u00fcgungsparks in der N\u00e4he von Colmar sprechen, ohne den <a href=\"https:\/\/www.europapark.de\/fr\" target=\"_blank\" rel=\"noreferrer noopener\">Europa-Park<\/a> zu erw\u00e4hnen? Nur eine Autostunde vom <a href=\"https:\/\/www.campingdoller.fr\/de\/\">Campingplatz La Doller<\/a> entfernt, ist dieser Park ein Paradies f\u00fcr Kinder jeden Alters! Nervenkitzel garantieren!<br\/>Nicht weit entfernt finden Sie auch den <a href=\"https:\/\/parcdupetitprince.com\/\" target=\"_blank\" rel=\"noreferrer noopener\">Parc du Petit Prince<\/a>, den ersten Luftpark der Welt, sowie Cigoland, einen Tierpark. Dort k\u00f6nnen Sie den<a href=\"https:\/\/www.montagnedessinges.com\/\"> Affenberg und die Adlervoliere <\/a>mit mehr als 200 Affen sowie den gr\u00f6\u00dften Raubv\u00f6geln der Welt entdecken.  <\/p>\n<\/div>\n<\/div>\n\n\n\n<figure class=\"wp-block-image size-full illustration-oiseau\"><img decoding=\"async\" width=\"800\" height=\"650\" src=\"https:\/\/www.campingdoller.fr\/wp-content\/uploads\/2023\/03\/oiseau-camping-de-la-doller.webp\" alt=\"Bird Camping de la Doller\" class=\"wp-image-348\" srcset=\"https:\/\/www.campingdoller.fr\/wp-content\/uploads\/2023\/03\/oiseau-camping-de-la-doller.webp 800w, https:\/\/www.campingdoller.fr\/wp-content\/uploads\/2023\/03\/oiseau-camping-de-la-doller-300x244.webp 300w, https:\/\/www.campingdoller.fr\/wp-content\/uploads\/2023\/03\/oiseau-camping-de-la-doller-768x624.webp 768w\" sizes=\"(max-width: 800px) 100vw, 800px\" \/><\/figure>\n\n\r\n    <\/div>\r\n<\/section><section id=\"ls-section-block_b9bca0800fd3147266f89b0333bcf6bd\" class=\"ls-section  home-third page-two m-b-0 has-background-image\" >\r\n    <div class=\"ls-section__background-image opacity-100\"><img decoding=\"async\" src=\"https:\/\/www.campingdoller.fr\/wp-content\/uploads\/2023\/04\/fond-bois-camping-de-la-doller.webp\" alt=\"Campingplatz Haut Rhin\"><\/div>    <div class=\"container container--wide\">\r\n        \n\n<div class=\"wp-block-columns are-vertically-aligned-center is-layout-flex wp-container-core-columns-is-layout-9d6595d7 wp-block-columns-is-layout-flex\">\n<div class=\"wp-block-column is-vertically-aligned-center is-layout-flow wp-block-column-is-layout-flow\" style=\"flex-basis:40%\">\n<h2 class=\"ls__heading wp-block-heading\">Sportliche Aktivit\u00e4ten im Elsass<\/h2>\n\n\n\n<p class=\"ls-paragraph\">Sport im Elsass zu treiben ist nicht kompliziert, ganz im Gegenteil! Dank seiner reichen und beeindruckenden Natur haben Sie viele <strong>sportliche Aktivit\u00e4ten zu entdecken<\/strong> ! Zum Beispiel: Wie w\u00e4re es mit einer Hei\u00dfluftballonfahrt, <a href=\"https:\/\/ballondalsaceaventure.com\/\" target=\"_blank\" rel=\"noreferrer noopener\">Canyoning oder Baumklettern<\/a> ?  <\/p>\n\n\n\n<p class=\"ls-paragraph\">Eher trendige <strong>atypische Aktivit\u00e4t<\/strong> ? Warum entscheiden Sie sich nicht f\u00fcr einen \u00dcberlebenskurs in der Wildnis? F\u00fcr Spazierg\u00e4nger sind sch\u00f6ne <strong>Spazierg\u00e4nge und Wanderungen<\/strong> im Elsass zu unternehmen. Die Auswahl ist gro\u00df und Sie haben die Wahl! <strong>Entdecken Sie <a href=\"https:\/\/www.geologie-terre-alsace.fr\/\" target=\"_blank\" rel=\"noreferrer noopener nofollow\">hier<\/a> die Flyer<\/strong> zu den Besichtigungen, Spazierg\u00e4ngen und Entdeckungstouren.<\/p>\n\n\n\n<h2 class=\"ls__heading wp-block-heading\">Spazierg\u00e4nge in der Natur in der N\u00e4he des Campingplatzes<\/h2>\n\n\n\n<p class=\"ls-paragraph\">Tr\u00e4umen Sie von <strong>sch\u00f6nen Spazierg\u00e4ngen mitten in der Natur<\/strong> , um neue Energie zu tanken? Wandern geh\u00f6rt zu den beliebtesten Familienaktivit\u00e4ten und sportlichen Aktivit\u00e4ten unserer G\u00e4ste in den Ferien!<\/p>\n\n\n\n<p class=\"ls-paragraph\">Beachten Sie, dass das Vogesenmassiv \u00fcber die Kammstra\u00dfe direkt neben dem Campingplatz erreichbar ist. Sie werden die volle Aussicht mit der <strong>Entdeckung von Wasserf\u00e4llen<\/strong>, Seen und anderen <strong>Wundern der els\u00e4ssischen Natur<\/strong> genie\u00dfen. Entdecken Sie auch den Ballon d&#8217;Alsace, den Lac Blanc oder den Grand Ballon!<\/p>\n<\/div>\n\n\n\n<div class=\"wp-block-column is-vertically-aligned-center is-layout-flow wp-block-column-is-layout-flow\" style=\"flex-basis:60%\">\n<figure class=\"wp-block-gallery has-nested-images columns-1 is-cropped wp-block-gallery-1 is-layout-flex wp-block-gallery-is-layout-flex\">\n<figure class=\"wp-block-image size-full animated fadeInRight slow\"><a href=\"https:\/\/www.campingdoller.fr\/wp-content\/uploads\/2023\/04\/activites-sportives-en-alsace-proche-camping-la-doller.jpg\"><img decoding=\"async\" width=\"857\" height=\"536\" data-id=\"1113\" src=\"https:\/\/www.campingdoller.fr\/wp-content\/uploads\/2023\/04\/activites-sportives-en-alsace-proche-camping-la-doller.jpg\" alt=\"Sportliche Aktivit&#xE4;ten im Elsass in der N&#xE4;he des Campingplatzes\" class=\"wp-image-1113\" srcset=\"https:\/\/www.campingdoller.fr\/wp-content\/uploads\/2023\/04\/activites-sportives-en-alsace-proche-camping-la-doller.jpg 857w, https:\/\/www.campingdoller.fr\/wp-content\/uploads\/2023\/04\/activites-sportives-en-alsace-proche-camping-la-doller-300x188.jpg 300w, https:\/\/www.campingdoller.fr\/wp-content\/uploads\/2023\/04\/activites-sportives-en-alsace-proche-camping-la-doller-768x480.jpg 768w\" sizes=\"(max-width: 857px) 100vw, 857px\" \/><\/a><\/figure>\n\n\n\n<figure class=\"wp-block-image size-large\"><a href=\"https:\/\/www.campingdoller.fr\/wp-content\/uploads\/2024\/02\/activite-autour-camping-balade-doller.jpg\"><img decoding=\"async\" width=\"781\" height=\"380\" data-id=\"2420\" src=\"https:\/\/www.campingdoller.fr\/wp-content\/uploads\/2024\/02\/activite-autour-camping-balade-doller.jpg\" alt=\"Aktivit&#xE4;ten rund um den Campingplatz Spaziergang Doller\" class=\"wp-image-2420\" srcset=\"https:\/\/www.campingdoller.fr\/wp-content\/uploads\/2024\/02\/activite-autour-camping-balade-doller.jpg 781w, https:\/\/www.campingdoller.fr\/wp-content\/uploads\/2024\/02\/activite-autour-camping-balade-doller-300x146.jpg 300w, https:\/\/www.campingdoller.fr\/wp-content\/uploads\/2024\/02\/activite-autour-camping-balade-doller-768x374.jpg 768w\" sizes=\"(max-width: 781px) 100vw, 781px\" \/><\/a><\/figure>\n<\/figure>\n<\/div>\n<\/div>\n\n\r\n    <\/div>\r\n<\/section><section id=\"ls-section-block_fb517a7fa6dc6339e4a0696eb0d7c29a\" class=\"ls-section  page-five m-t-0 m-b-0\" >\r\n        <div class=\"container container--wide\">\r\n        \n\n<div id=\"ls-heading ls-titre-div-block_a09c534efae9e3b66334b9370dea6dc3\" class=\"ls-titre-div aligncenter h2-like\" >\n    <strong>Entdecken Sie die Umgebung des Campingplatzes<\/strong><\/div>\n\n\n<div id=\"ls-maillage-block_686357cb43e5d7ec6dbb268d14c66d8c\" class=\"ls-maillage cta-style-normal\" data-rows=\"3\">\r\n    <div class=\"wp-block-columns\"><div class=\"wp-block-column\"><div class=\"ls-cta\">\n\n<a href=\"https:\/\/www.campingdoller.fr\/de\/gunstiger-campingplatz-colmar\/\" target=\"\" rel=\"noopener\" class=\"ls-cta__link\">\n\n\t<div class=\"ls-cta__image\"><img decoding=\"async\" src=\"https:\/\/www.campingdoller.fr\/wp-content\/uploads\/2025\/12\/Ballon-foot-WhatsApp-Nathalie.jpg\" alt=\"Fu\u00dfball WhatsApp Nathalie\"><\/div>\n\t<div class=\"ls-cta__title\">\n\t\tGrundsteuer\t<\/div>\n\n\t\n<\/a><\/div><\/div><div class=\"wp-block-column\"><div class=\"ls-cta\">\n\n<a href=\"https:\/\/www.campingdoller.fr\/de\/tourismus-elsass\/\" target=\"\" rel=\"noopener\" class=\"ls-cta__link\">\n\n\t<div class=\"ls-cta__image\"><img decoding=\"async\" src=\"https:\/\/www.campingdoller.fr\/wp-content\/uploads\/2023\/04\/visiter-colmar-camping-la-doller.jpg\" alt=\"Tourismus im Elsass\"><\/div>\n\t<div class=\"ls-cta__title\">\n\t\tBesichtigungen in der Umgebung\t<\/div>\n\n\t\n<\/a><\/div><\/div><div class=\"wp-block-column\"><div class=\"ls-cta\">\n\n<a href=\"https:\/\/www.campingdoller.fr\/de\/campingplaetze-bord-riviere-colmar\/\" target=\"\" rel=\"noopener\" class=\"ls-cta__link\">\n\n\t<div class=\"ls-cta__image\"><img decoding=\"async\" src=\"https:\/\/www.campingdoller.fr\/wp-content\/uploads\/2025\/12\/Riviere-1-768x508.jpg\" alt=\"Fluss\"><\/div>\n\t<div class=\"ls-cta__title\">\n\t\tCampingplatz am Flussufer\t<\/div>\n\n\t\n<\/a><\/div><\/div><\/div><\/div>\n\r\n    <\/div>\r\n<\/section>","protected":false},"excerpt":{"rendered":"","protected":false},"author":1,"featured_media":1125,"parent":0,"menu_order":0,"comment_status":"closed","ping_status":"closed","template":"","meta":{"_acf_changed":false,"footnotes":""},"sujet":[],"class_list":["post-1736","page","type-page","status-publish","has-post-thumbnail","hentry"],"acf":[],"yoast_head":"<!-- This site is optimized with the Yoast SEO plugin v25.3 - https:\/\/yoast.com\/wordpress\/plugins\/seo\/ -->\n<title>Aktivit\u00e4ten im Elsass | Vergn\u00fcgungsparks in der N\u00e4he des Campingplatzes<\/title>\n<meta name=\"robots\" content=\"index, follow, max-snippet:-1, max-image-preview:large, max-video-preview:-1\" \/>\n<link rel=\"canonical\" href=\"https:\/\/www.campingdoller.fr\/de\/aktivitaten-alsass\/\" \/>\n<meta property=\"og:locale\" content=\"de_DE\" \/>\n<meta property=\"og:type\" content=\"article\" \/>\n<meta property=\"og:title\" content=\"Aktivit\u00e4ten im Elsass | Vergn\u00fcgungsparks in der N\u00e4he des Campingplatzes\" \/>\n<meta property=\"og:url\" content=\"https:\/\/www.campingdoller.fr\/de\/aktivitaten-alsass\/\" \/>\n<meta property=\"og:site_name\" content=\"Camping de la Doller\" \/>\n<meta property=\"article:modified_time\" content=\"2026-01-14T10:08:20+00:00\" \/>\n<meta property=\"og:image\" content=\"https:\/\/www.campingdoller.fr\/wp-content\/uploads\/2023\/04\/activites-en-alsace-camping-la-doller.jpg\" \/>\n\t<meta property=\"og:image:width\" content=\"1920\" \/>\n\t<meta property=\"og:image:height\" content=\"600\" \/>\n\t<meta property=\"og:image:type\" content=\"image\/jpeg\" \/>\n<meta name=\"twitter:card\" content=\"summary_large_image\" \/>\n<meta name=\"twitter:label1\" content=\"Gesch\u00e4tzte Lesezeit\" \/>\n\t<meta name=\"twitter:data1\" content=\"3\u00a0Minuten\" \/>\n<script type=\"application\/ld+json\" class=\"yoast-schema-graph\">{\"@context\":\"https:\/\/schema.org\",\"@graph\":[{\"@type\":\"WebPage\",\"@id\":\"https:\/\/www.campingdoller.fr\/de\/aktivitaten-alsass\/\",\"url\":\"https:\/\/www.campingdoller.fr\/de\/aktivitaten-alsass\/\",\"name\":\"Aktivit\u00e4ten im Elsass | Vergn\u00fcgungsparks in der N\u00e4he des Campingplatzes\",\"isPartOf\":{\"@id\":\"https:\/\/www.campingdoller.fr\/#website\"},\"primaryImageOfPage\":{\"@id\":\"https:\/\/www.campingdoller.fr\/de\/aktivitaten-alsass\/#primaryimage\"},\"image\":{\"@id\":\"https:\/\/www.campingdoller.fr\/de\/aktivitaten-alsass\/#primaryimage\"},\"thumbnailUrl\":\"https:\/\/www.campingdoller.fr\/wp-content\/uploads\/2023\/04\/activites-en-alsace-camping-la-doller.jpg\",\"datePublished\":\"2023-05-03T12:04:01+00:00\",\"dateModified\":\"2026-01-14T10:08:20+00:00\",\"breadcrumb\":{\"@id\":\"https:\/\/www.campingdoller.fr\/de\/aktivitaten-alsass\/#breadcrumb\"},\"inLanguage\":\"de\",\"potentialAction\":[{\"@type\":\"ReadAction\",\"target\":[\"https:\/\/www.campingdoller.fr\/de\/aktivitaten-alsass\/\"]}]},{\"@type\":\"ImageObject\",\"inLanguage\":\"de\",\"@id\":\"https:\/\/www.campingdoller.fr\/de\/aktivitaten-alsass\/#primaryimage\",\"url\":\"https:\/\/www.campingdoller.fr\/wp-content\/uploads\/2023\/04\/activites-en-alsace-camping-la-doller.jpg\",\"contentUrl\":\"https:\/\/www.campingdoller.fr\/wp-content\/uploads\/2023\/04\/activites-en-alsace-camping-la-doller.jpg\",\"width\":1920,\"height\":600,\"caption\":\"Aktivit\u00e4ten im Elsass Campingplatz La Doller\"},{\"@type\":\"BreadcrumbList\",\"@id\":\"https:\/\/www.campingdoller.fr\/de\/aktivitaten-alsass\/#breadcrumb\",\"itemListElement\":[{\"@type\":\"ListItem\",\"position\":1,\"name\":\"Camping Alsace\",\"item\":\"https:\/\/www.campingdoller.fr\/de\/\"},{\"@type\":\"ListItem\",\"position\":2,\"name\":\"Vergn\u00fcgungsparks in der N\u00e4he des Campingplatzes\"}]},{\"@type\":\"WebSite\",\"@id\":\"https:\/\/www.campingdoller.fr\/#website\",\"url\":\"https:\/\/www.campingdoller.fr\/\",\"name\":\"Camping de la Doller\",\"description\":\"\",\"publisher\":{\"@id\":\"https:\/\/www.campingdoller.fr\/#organization\"},\"potentialAction\":[{\"@type\":\"SearchAction\",\"target\":{\"@type\":\"EntryPoint\",\"urlTemplate\":\"https:\/\/www.campingdoller.fr\/?s={search_term_string}\"},\"query-input\":{\"@type\":\"PropertyValueSpecification\",\"valueRequired\":true,\"valueName\":\"search_term_string\"}}],\"inLanguage\":\"de\"},{\"@type\":\"Organization\",\"@id\":\"https:\/\/www.campingdoller.fr\/#organization\",\"name\":\"Camping de la Doller\",\"url\":\"https:\/\/www.campingdoller.fr\/\",\"logo\":{\"@type\":\"ImageObject\",\"inLanguage\":\"de\",\"@id\":\"https:\/\/www.campingdoller.fr\/#\/schema\/logo\/image\/\",\"url\":\"https:\/\/www.campingdoller.fr\/wp-content\/uploads\/2023\/03\/cropped-logo-camping-de-la-doller.png\",\"contentUrl\":\"https:\/\/www.campingdoller.fr\/wp-content\/uploads\/2023\/03\/cropped-logo-camping-de-la-doller.png\",\"width\":512,\"height\":512,\"caption\":\"Camping de la Doller\"},\"image\":{\"@id\":\"https:\/\/www.campingdoller.fr\/#\/schema\/logo\/image\/\"}}]}<\/script>\n<!-- \/ Yoast SEO plugin. -->","yoast_head_json":{"title":"Aktivit\u00e4ten im Elsass | Vergn\u00fcgungsparks in der N\u00e4he des Campingplatzes","robots":{"index":"index","follow":"follow","max-snippet":"max-snippet:-1","max-image-preview":"max-image-preview:large","max-video-preview":"max-video-preview:-1"},"canonical":"https:\/\/www.campingdoller.fr\/de\/aktivitaten-alsass\/","og_locale":"de_DE","og_type":"article","og_title":"Aktivit\u00e4ten im Elsass | Vergn\u00fcgungsparks in der N\u00e4he des Campingplatzes","og_url":"https:\/\/www.campingdoller.fr\/de\/aktivitaten-alsass\/","og_site_name":"Camping de la Doller","article_modified_time":"2026-01-14T10:08:20+00:00","og_image":[{"width":1920,"height":600,"url":"https:\/\/www.campingdoller.fr\/wp-content\/uploads\/2023\/04\/activites-en-alsace-camping-la-doller.jpg","type":"image\/jpeg"}],"twitter_card":"summary_large_image","twitter_misc":{"Gesch\u00e4tzte Lesezeit":"3\u00a0Minuten"},"schema":{"@context":"https:\/\/schema.org","@graph":[{"@type":"WebPage","@id":"https:\/\/www.campingdoller.fr\/de\/aktivitaten-alsass\/","url":"https:\/\/www.campingdoller.fr\/de\/aktivitaten-alsass\/","name":"Aktivit\u00e4ten im Elsass | Vergn\u00fcgungsparks in der N\u00e4he des Campingplatzes","isPartOf":{"@id":"https:\/\/www.campingdoller.fr\/#website"},"primaryImageOfPage":{"@id":"https:\/\/www.campingdoller.fr\/de\/aktivitaten-alsass\/#primaryimage"},"image":{"@id":"https:\/\/www.campingdoller.fr\/de\/aktivitaten-alsass\/#primaryimage"},"thumbnailUrl":"https:\/\/www.campingdoller.fr\/wp-content\/uploads\/2023\/04\/activites-en-alsace-camping-la-doller.jpg","datePublished":"2023-05-03T12:04:01+00:00","dateModified":"2026-01-14T10:08:20+00:00","breadcrumb":{"@id":"https:\/\/www.campingdoller.fr\/de\/aktivitaten-alsass\/#breadcrumb"},"inLanguage":"de","potentialAction":[{"@type":"ReadAction","target":["https:\/\/www.campingdoller.fr\/de\/aktivitaten-alsass\/"]}]},{"@type":"ImageObject","inLanguage":"de","@id":"https:\/\/www.campingdoller.fr\/de\/aktivitaten-alsass\/#primaryimage","url":"https:\/\/www.campingdoller.fr\/wp-content\/uploads\/2023\/04\/activites-en-alsace-camping-la-doller.jpg","contentUrl":"https:\/\/www.campingdoller.fr\/wp-content\/uploads\/2023\/04\/activites-en-alsace-camping-la-doller.jpg","width":1920,"height":600,"caption":"Aktivit\u00e4ten im Elsass Campingplatz La Doller"},{"@type":"BreadcrumbList","@id":"https:\/\/www.campingdoller.fr\/de\/aktivitaten-alsass\/#breadcrumb","itemListElement":[{"@type":"ListItem","position":1,"name":"Camping Alsace","item":"https:\/\/www.campingdoller.fr\/de\/"},{"@type":"ListItem","position":2,"name":"Vergn\u00fcgungsparks in der N\u00e4he des Campingplatzes"}]},{"@type":"WebSite","@id":"https:\/\/www.campingdoller.fr\/#website","url":"https:\/\/www.campingdoller.fr\/","name":"Camping de la Doller","description":"","publisher":{"@id":"https:\/\/www.campingdoller.fr\/#organization"},"potentialAction":[{"@type":"SearchAction","target":{"@type":"EntryPoint","urlTemplate":"https:\/\/www.campingdoller.fr\/?s={search_term_string}"},"query-input":{"@type":"PropertyValueSpecification","valueRequired":true,"valueName":"search_term_string"}}],"inLanguage":"de"},{"@type":"Organization","@id":"https:\/\/www.campingdoller.fr\/#organization","name":"Camping de la Doller","url":"https:\/\/www.campingdoller.fr\/","logo":{"@type":"ImageObject","inLanguage":"de","@id":"https:\/\/www.campingdoller.fr\/#\/schema\/logo\/image\/","url":"https:\/\/www.campingdoller.fr\/wp-content\/uploads\/2023\/03\/cropped-logo-camping-de-la-doller.png","contentUrl":"https:\/\/www.campingdoller.fr\/wp-content\/uploads\/2023\/03\/cropped-logo-camping-de-la-doller.png","width":512,"height":512,"caption":"Camping de la Doller"},"image":{"@id":"https:\/\/www.campingdoller.fr\/#\/schema\/logo\/image\/"}}]}},"_links":{"self":[{"href":"https:\/\/www.campingdoller.fr\/de\/wp-json\/wp\/v2\/pages\/1736","targetHints":{"allow":["GET"]}}],"collection":[{"href":"https:\/\/www.campingdoller.fr\/de\/wp-json\/wp\/v2\/pages"}],"about":[{"href":"https:\/\/www.campingdoller.fr\/de\/wp-json\/wp\/v2\/types\/page"}],"author":[{"embeddable":true,"href":"https:\/\/www.campingdoller.fr\/de\/wp-json\/wp\/v2\/users\/1"}],"replies":[{"embeddable":true,"href":"https:\/\/www.campingdoller.fr\/de\/wp-json\/wp\/v2\/comments?post=1736"}],"version-history":[{"count":5,"href":"https:\/\/www.campingdoller.fr\/de\/wp-json\/wp\/v2\/pages\/1736\/revisions"}],"predecessor-version":[{"id":3151,"href":"https:\/\/www.campingdoller.fr\/de\/wp-json\/wp\/v2\/pages\/1736\/revisions\/3151"}],"wp:featuredmedia":[{"embeddable":true,"href":"https:\/\/www.campingdoller.fr\/de\/wp-json\/wp\/v2\/media\/1125"}],"wp:attachment":[{"href":"https:\/\/www.campingdoller.fr\/de\/wp-json\/wp\/v2\/media?parent=1736"}],"wp:term":[{"taxonomy":"sujet","embeddable":true,"href":"https:\/\/www.campingdoller.fr\/de\/wp-json\/wp\/v2\/sujet?post=1736"}],"curies":[{"name":"wp","href":"https:\/\/api.w.org\/{rel}","templated":true}]}}