{"id":1744,"date":"2023-05-03T14:07:57","date_gmt":"2023-05-03T12:07:57","guid":{"rendered":"https:\/\/www.campingdoller.fr\/camping-swimmingpool-elsass\/"},"modified":"2026-01-12T15:03:43","modified_gmt":"2026-01-12T14:03:43","slug":"camping-swimmingpool-elsass","status":"publish","type":"page","link":"https:\/\/www.campingdoller.fr\/de\/camping-swimmingpool-elsass\/","title":{"rendered":"Das Schwimmbad"},"content":{"rendered":"<section id=\"ls-section-block_18b08a0892f796c1a34265596a507fa4\" class=\"ls-section  home-first m-b-0 page-one has-background-image\" >\r\n    <div class=\"ls-section__background-image opacity-100\"><img decoding=\"async\" src=\"https:\/\/www.campingdoller.fr\/wp-content\/uploads\/2023\/04\/fond-bois-camping-de-la-doller.webp\" alt=\"Campingplatz Haut Rhin\"><\/div>    <div class=\"container container--wide\">\r\n        \n\n<h1 class=\"ls__heading wp-block-heading has-text-align-center m-b-5\">Ihr Campingplatz mit beheiztem Wasserbereich in der N\u00e4he von Colmar<\/h1>\n\n\n\n<div class=\"wp-block-columns are-vertically-aligned-center is-layout-flex wp-container-core-columns-is-layout-9d6595d7 wp-block-columns-is-layout-flex\">\n<div class=\"wp-block-column is-vertically-aligned-center is-layout-flow wp-block-column-is-layout-flow\" style=\"flex-basis:66.66%\">\n<figure class=\"wp-block-image size-full animated fadeInLeft slow\"><a href=\"https:\/\/www.campingdoller.fr\/wp-content\/uploads\/2023\/04\/camping-piscine-alsace-colmar.jpg\"><img decoding=\"async\" width=\"900\" height=\"630\" src=\"https:\/\/www.campingdoller.fr\/wp-content\/uploads\/2023\/04\/camping-piscine-alsace-colmar.jpg\" alt=\"Campingplatz mit Schwimmbad im Elsass, Colmar\" class=\"wp-image-2242\" srcset=\"https:\/\/www.campingdoller.fr\/wp-content\/uploads\/2023\/04\/camping-piscine-alsace-colmar.jpg 900w, https:\/\/www.campingdoller.fr\/wp-content\/uploads\/2023\/04\/camping-piscine-alsace-colmar-300x210.jpg 300w, https:\/\/www.campingdoller.fr\/wp-content\/uploads\/2023\/04\/camping-piscine-alsace-colmar-768x538.jpg 768w\" sizes=\"(max-width: 900px) 100vw, 900px\" \/><\/a><\/figure>\n<\/div>\n\n\n\n<div class=\"wp-block-column is-vertically-aligned-center is-layout-flow wp-block-column-is-layout-flow\" style=\"flex-basis:33.33%\">\n<h2 class=\"ls__heading wp-block-heading\">Das nach S\u00fcden ausgerichtete Freibad im Elsass<\/h2>\n\n\n\n<p class=\"ls-paragraph\">Unser <a href=\"https:\/\/www.campingdoller.fr\/de\/\">Camping de la Doller in der N\u00e4he von Colmar<\/a> verf\u00fcgt \u00fcber einen von der Sonne nat\u00fcrlich beheizten Au\u00dfenpool. Es ist vom 1. Juni bis 10. September von 10 bis 19 Uhr ge\u00f6ffnet und von wundersch\u00f6nen B\u00e4umen umgeben und bietet eine <strong>besonders entspannende Umgebung<\/strong>.<\/p>\n\n\n\n<p class=\"ls-paragraph\">Nutzen Sie die Gelegenheit, um ein Bad zu nehmen und sich in der Sonne auszuruhen! Ruhe<em> <\/em>herrscht \u00fcber unseren Wasserbereich. Ideal, um zu jeder Tageszeit im von der els\u00e4ssischen <strong>Sonne erw\u00e4rmten Wasser<\/strong> ihre Bahnen zu ziehen.<\/p>\n\n\n\n<p class=\"ls-paragraph\">Auf der Suche nach einem Moment des Teilens und der Geselligkeit? Viel Spa\u00df im Wasser mit deinen Liebsten und anderen Campern! Sie werden <strong>unvergessliche Gl\u00fccksmomente<\/strong> mit Familie oder Freunden erleben.<\/p>\n\n\n\n<p class=\"ls-paragraph addReadMore showlesscontent\">Beachten Sie, dass unser Wasserbereich weder eine Rutsche noch Wasserspiele hat. Unser Campingplatz stellt Ihnen jedoch B\u00e4lle, Tore und einen Basketballkorb zur Verf\u00fcgung, damit Sie Spa\u00df haben k\u00f6nnen!<\/p>\n<\/div>\n<\/div>\n\n\n\n<figure class=\"wp-block-image size-full illustration-oiseau\"><img decoding=\"async\" width=\"800\" height=\"650\" src=\"https:\/\/www.campingdoller.fr\/wp-content\/uploads\/2023\/03\/oiseau-camping-de-la-doller.webp\" alt=\"Bird Camping de la Doller\" class=\"wp-image-348\" srcset=\"https:\/\/www.campingdoller.fr\/wp-content\/uploads\/2023\/03\/oiseau-camping-de-la-doller.webp 800w, https:\/\/www.campingdoller.fr\/wp-content\/uploads\/2023\/03\/oiseau-camping-de-la-doller-300x244.webp 300w, https:\/\/www.campingdoller.fr\/wp-content\/uploads\/2023\/03\/oiseau-camping-de-la-doller-768x624.webp 768w\" sizes=\"(max-width: 800px) 100vw, 800px\" \/><\/figure>\n\n\r\n    <\/div>\r\n<\/section><section id=\"ls-section-block_14a040b5b6029fae6bb91f3a489fcdc1\" class=\"ls-section  home-third page-two m-b-0 has-background-image\" >\r\n    <div class=\"ls-section__background-image opacity-100\"><img decoding=\"async\" src=\"https:\/\/www.campingdoller.fr\/wp-content\/uploads\/2023\/04\/fond-bois-camping-de-la-doller.webp\" alt=\"Campingplatz Haut Rhin\"><\/div>    <div class=\"container container--wide\">\r\n        \n\n<div class=\"wp-block-columns are-vertically-aligned-center is-layout-flex wp-container-core-columns-is-layout-9d6595d7 wp-block-columns-is-layout-flex\">\n<div class=\"wp-block-column is-vertically-aligned-center is-layout-flow wp-block-column-is-layout-flow\" style=\"flex-basis:40%\">\n<h2 class=\"ls__heading wp-block-heading\">Setzen Sie sich auf unsere Liegest\u00fchle am Pool<\/h2>\n\n\n\n<p class=\"ls-paragraph\">M\u00f6chten Sie w\u00e4hrend Ihres Aufenthalts nach einem <a href=\"https:\/\/www.campingdoller.fr\/de\/campingplaetze-bord-riviere-colmar\/\">Spaziergang am Fluss<\/a> im Elsass ein Sonnenbad nehmen? Wisse, dass wir Sonnenliegen rund um den <strong>nat\u00fcrlich beheizten Pool<\/strong> installiert haben, damit du dich entspannen und hinlegen kannst, wann immer du willst.<\/p>\n\n\n\n<p class=\"ls-paragraph\">Diese Liegest\u00fchle sind ideal, um Ihre <strong>Sommerbr\u00e4une<\/strong> zu perfektionieren, und werden zu Ihrer Oase der Ruhe. Sie k\u00f6nnen ruhig lesen, wenn Sie Lust dazu haben.<\/p>\n\n\n\n<p class=\"ls-paragraph addReadMore showlesscontent\">Unser Campingplatz mit Schwimmbad im Elsass hat alles geplant, damit Sie w\u00e4hrend Ihres Urlaubs <strong>Momente der totalen Entspannung<\/strong> verbringen k\u00f6nnen. M\u00fc\u00dfiggang und Schwimmen warten auf Sie!<\/p>\n<\/div>\n\n\n\n<div class=\"wp-block-column is-vertically-aligned-center is-layout-flow wp-block-column-is-layout-flow\" style=\"flex-basis:60%\">\n<figure class=\"wp-block-gallery has-nested-images columns-1 is-cropped wp-block-gallery-1 is-layout-flex wp-block-gallery-is-layout-flex\">\n<figure class=\"wp-block-image size-full animated fadeInRight slow\"><a href=\"https:\/\/www.campingdoller.fr\/wp-content\/uploads\/2024\/02\/photo-page-piscine-section2-doller.jpg\"><img decoding=\"async\" width=\"781\" height=\"380\" data-id=\"2385\" src=\"https:\/\/www.campingdoller.fr\/wp-content\/uploads\/2024\/02\/photo-page-piscine-section2-doller.jpg\" alt=\"Foto Seite Schwimmbad Abschnitt 2 Dollar\" class=\"wp-image-2385\" srcset=\"https:\/\/www.campingdoller.fr\/wp-content\/uploads\/2024\/02\/photo-page-piscine-section2-doller.jpg 781w, https:\/\/www.campingdoller.fr\/wp-content\/uploads\/2024\/02\/photo-page-piscine-section2-doller-300x146.jpg 300w, https:\/\/www.campingdoller.fr\/wp-content\/uploads\/2024\/02\/photo-page-piscine-section2-doller-768x374.jpg 768w\" sizes=\"(max-width: 781px) 100vw, 781px\" \/><\/a><\/figure>\n<\/figure>\n<\/div>\n<\/div>\n\n\r\n    <\/div>\r\n<\/section><section id=\"ls-section-block_050bcb6e63ce5ee25bd7b6c938c6f004\" class=\"ls-section  page-five m-t-0 m-b-0\" >\r\n        <div class=\"container container--wide\">\r\n        \n\n<div id=\"ls-heading ls-titre-div-block_872a32fafcdae9b14fa293eeb1c0a1c3\" class=\"ls-titre-div aligncenter h2-like\" >\n    <strong>Entdecken Sie den Fluss, unsere Dienstleistungen und unsere Animationen<\/strong><\/div>\n\n\n<div id=\"ls-maillage-block_d233105fb48b0dfc3e56e684be9f0966\" class=\"ls-maillage cta-style-normal\" data-rows=\"3\">\r\n    <div class=\"wp-block-columns\"><div class=\"wp-block-column\"><div class=\"ls-cta\">\n\n<a href=\"https:\/\/www.campingdoller.fr\/de\/camping-familiar-colmar\/\" target=\"\" rel=\"noopener\" class=\"ls-cta__link\">\n\n\t<div class=\"ls-cta__image\"><img decoding=\"async\" src=\"https:\/\/www.campingdoller.fr\/wp-content\/uploads\/2024\/02\/bandeau-service-cta.jpg\" alt=\"Banner Service CTA\"><\/div>\n\t<div class=\"ls-cta__title\">\n\t\tDienste\t<\/div>\n\n\t\n<\/a><\/div><\/div><div class=\"wp-block-column\"><div class=\"ls-cta\">\n\n<a href=\"https:\/\/www.campingdoller.fr\/de\/campingplaetze-bord-riviere-colmar\/\" target=\"\" rel=\"noopener\" class=\"ls-cta__link\">\n\n\t<div class=\"ls-cta__image\"><img decoding=\"async\" src=\"https:\/\/www.campingdoller.fr\/wp-content\/uploads\/2025\/12\/Riviere-1-768x508.jpg\" alt=\"Fluss\"><\/div>\n\t<div class=\"ls-cta__title\">\n\t\tCampingplatz am Flussufer\t<\/div>\n\n\t\n<\/a><\/div><\/div><div class=\"wp-block-column\"><div class=\"ls-cta\">\n\n<a href=\"https:\/\/www.campingdoller.fr\/de\/camping-animationen-im-elsass\/\" target=\"\" rel=\"noopener\" class=\"ls-cta__link\">\n\n\t<div class=\"ls-cta__image\"><img decoding=\"async\" src=\"https:\/\/www.campingdoller.fr\/wp-content\/uploads\/2025\/12\/Observation-1-768x1024.jpg\" alt=\"Beobachtung\"><\/div>\n\t<div class=\"ls-cta__title\">\n\t\tUnterhaltung\t<\/div>\n\n\t\n<\/a><\/div><\/div><\/div><\/div>\n\r\n    <\/div>\r\n<\/section>","protected":false},"excerpt":{"rendered":"","protected":false},"author":1,"featured_media":2930,"parent":0,"menu_order":0,"comment_status":"closed","ping_status":"closed","template":"","meta":{"_acf_changed":false,"footnotes":""},"sujet":[],"class_list":["post-1744","page","type-page","status-publish","has-post-thumbnail","hentry"],"acf":[],"yoast_head":"<!-- This site is optimized with the Yoast SEO plugin v25.3 - https:\/\/yoast.com\/wordpress\/plugins\/seo\/ -->\n<title>Camping-Schwimmbad in der N\u00e4he von Colmar | Aquapark im Elsass<\/title>\n<meta name=\"robots\" content=\"index, follow, max-snippet:-1, max-image-preview:large, max-video-preview:-1\" \/>\n<link rel=\"canonical\" href=\"https:\/\/www.campingdoller.fr\/de\/camping-swimmingpool-elsass\/\" \/>\n<meta property=\"og:locale\" content=\"de_DE\" \/>\n<meta property=\"og:type\" content=\"article\" \/>\n<meta property=\"og:title\" content=\"Camping-Schwimmbad in der N\u00e4he von Colmar | Aquapark im Elsass\" \/>\n<meta property=\"og:url\" content=\"https:\/\/www.campingdoller.fr\/de\/camping-swimmingpool-elsass\/\" \/>\n<meta property=\"og:site_name\" content=\"Camping de la Doller\" \/>\n<meta property=\"article:modified_time\" content=\"2026-01-12T14:03:43+00:00\" \/>\n<meta property=\"og:image\" content=\"https:\/\/www.campingdoller.fr\/wp-content\/uploads\/2025\/12\/Enfants.jpg\" \/>\n\t<meta property=\"og:image:width\" content=\"1169\" \/>\n\t<meta property=\"og:image:height\" content=\"778\" \/>\n\t<meta property=\"og:image:type\" content=\"image\/jpeg\" \/>\n<meta name=\"twitter:card\" content=\"summary_large_image\" \/>\n<meta name=\"twitter:label1\" content=\"Gesch\u00e4tzte Lesezeit\" \/>\n\t<meta name=\"twitter:data1\" content=\"3\u00a0Minuten\" \/>\n<script type=\"application\/ld+json\" class=\"yoast-schema-graph\">{\"@context\":\"https:\/\/schema.org\",\"@graph\":[{\"@type\":\"WebPage\",\"@id\":\"https:\/\/www.campingdoller.fr\/de\/camping-swimmingpool-elsass\/\",\"url\":\"https:\/\/www.campingdoller.fr\/de\/camping-swimmingpool-elsass\/\",\"name\":\"Camping-Schwimmbad in der N\u00e4he von Colmar | Aquapark im Elsass\",\"isPartOf\":{\"@id\":\"https:\/\/www.campingdoller.fr\/#website\"},\"primaryImageOfPage\":{\"@id\":\"https:\/\/www.campingdoller.fr\/de\/camping-swimmingpool-elsass\/#primaryimage\"},\"image\":{\"@id\":\"https:\/\/www.campingdoller.fr\/de\/camping-swimmingpool-elsass\/#primaryimage\"},\"thumbnailUrl\":\"https:\/\/www.campingdoller.fr\/wp-content\/uploads\/2025\/12\/Enfants.jpg\",\"datePublished\":\"2023-05-03T12:07:57+00:00\",\"dateModified\":\"2026-01-12T14:03:43+00:00\",\"breadcrumb\":{\"@id\":\"https:\/\/www.campingdoller.fr\/de\/camping-swimmingpool-elsass\/#breadcrumb\"},\"inLanguage\":\"de\",\"potentialAction\":[{\"@type\":\"ReadAction\",\"target\":[\"https:\/\/www.campingdoller.fr\/de\/camping-swimmingpool-elsass\/\"]}]},{\"@type\":\"ImageObject\",\"inLanguage\":\"de\",\"@id\":\"https:\/\/www.campingdoller.fr\/de\/camping-swimmingpool-elsass\/#primaryimage\",\"url\":\"https:\/\/www.campingdoller.fr\/wp-content\/uploads\/2025\/12\/Enfants.jpg\",\"contentUrl\":\"https:\/\/www.campingdoller.fr\/wp-content\/uploads\/2025\/12\/Enfants.jpg\",\"width\":1169,\"height\":778,\"caption\":\"Kinder\"},{\"@type\":\"BreadcrumbList\",\"@id\":\"https:\/\/www.campingdoller.fr\/de\/camping-swimmingpool-elsass\/#breadcrumb\",\"itemListElement\":[{\"@type\":\"ListItem\",\"position\":1,\"name\":\"Camping Alsace\",\"item\":\"https:\/\/www.campingdoller.fr\/de\/\"},{\"@type\":\"ListItem\",\"position\":2,\"name\":\"Campingplatz mit Schwimmbad in der N\u00e4he von Colmar\"}]},{\"@type\":\"WebSite\",\"@id\":\"https:\/\/www.campingdoller.fr\/#website\",\"url\":\"https:\/\/www.campingdoller.fr\/\",\"name\":\"Camping de la Doller\",\"description\":\"\",\"publisher\":{\"@id\":\"https:\/\/www.campingdoller.fr\/#organization\"},\"potentialAction\":[{\"@type\":\"SearchAction\",\"target\":{\"@type\":\"EntryPoint\",\"urlTemplate\":\"https:\/\/www.campingdoller.fr\/?s={search_term_string}\"},\"query-input\":{\"@type\":\"PropertyValueSpecification\",\"valueRequired\":true,\"valueName\":\"search_term_string\"}}],\"inLanguage\":\"de\"},{\"@type\":\"Organization\",\"@id\":\"https:\/\/www.campingdoller.fr\/#organization\",\"name\":\"Camping de la Doller\",\"url\":\"https:\/\/www.campingdoller.fr\/\",\"logo\":{\"@type\":\"ImageObject\",\"inLanguage\":\"de\",\"@id\":\"https:\/\/www.campingdoller.fr\/#\/schema\/logo\/image\/\",\"url\":\"https:\/\/www.campingdoller.fr\/wp-content\/uploads\/2023\/03\/cropped-logo-camping-de-la-doller.png\",\"contentUrl\":\"https:\/\/www.campingdoller.fr\/wp-content\/uploads\/2023\/03\/cropped-logo-camping-de-la-doller.png\",\"width\":512,\"height\":512,\"caption\":\"Camping de la Doller\"},\"image\":{\"@id\":\"https:\/\/www.campingdoller.fr\/#\/schema\/logo\/image\/\"}}]}<\/script>\n<!-- \/ Yoast SEO plugin. -->","yoast_head_json":{"title":"Camping-Schwimmbad in der N\u00e4he von Colmar | Aquapark im Elsass","robots":{"index":"index","follow":"follow","max-snippet":"max-snippet:-1","max-image-preview":"max-image-preview:large","max-video-preview":"max-video-preview:-1"},"canonical":"https:\/\/www.campingdoller.fr\/de\/camping-swimmingpool-elsass\/","og_locale":"de_DE","og_type":"article","og_title":"Camping-Schwimmbad in der N\u00e4he von Colmar | Aquapark im Elsass","og_url":"https:\/\/www.campingdoller.fr\/de\/camping-swimmingpool-elsass\/","og_site_name":"Camping de la Doller","article_modified_time":"2026-01-12T14:03:43+00:00","og_image":[{"width":1169,"height":778,"url":"https:\/\/www.campingdoller.fr\/wp-content\/uploads\/2025\/12\/Enfants.jpg","type":"image\/jpeg"}],"twitter_card":"summary_large_image","twitter_misc":{"Gesch\u00e4tzte Lesezeit":"3\u00a0Minuten"},"schema":{"@context":"https:\/\/schema.org","@graph":[{"@type":"WebPage","@id":"https:\/\/www.campingdoller.fr\/de\/camping-swimmingpool-elsass\/","url":"https:\/\/www.campingdoller.fr\/de\/camping-swimmingpool-elsass\/","name":"Camping-Schwimmbad in der N\u00e4he von Colmar | Aquapark im Elsass","isPartOf":{"@id":"https:\/\/www.campingdoller.fr\/#website"},"primaryImageOfPage":{"@id":"https:\/\/www.campingdoller.fr\/de\/camping-swimmingpool-elsass\/#primaryimage"},"image":{"@id":"https:\/\/www.campingdoller.fr\/de\/camping-swimmingpool-elsass\/#primaryimage"},"thumbnailUrl":"https:\/\/www.campingdoller.fr\/wp-content\/uploads\/2025\/12\/Enfants.jpg","datePublished":"2023-05-03T12:07:57+00:00","dateModified":"2026-01-12T14:03:43+00:00","breadcrumb":{"@id":"https:\/\/www.campingdoller.fr\/de\/camping-swimmingpool-elsass\/#breadcrumb"},"inLanguage":"de","potentialAction":[{"@type":"ReadAction","target":["https:\/\/www.campingdoller.fr\/de\/camping-swimmingpool-elsass\/"]}]},{"@type":"ImageObject","inLanguage":"de","@id":"https:\/\/www.campingdoller.fr\/de\/camping-swimmingpool-elsass\/#primaryimage","url":"https:\/\/www.campingdoller.fr\/wp-content\/uploads\/2025\/12\/Enfants.jpg","contentUrl":"https:\/\/www.campingdoller.fr\/wp-content\/uploads\/2025\/12\/Enfants.jpg","width":1169,"height":778,"caption":"Kinder"},{"@type":"BreadcrumbList","@id":"https:\/\/www.campingdoller.fr\/de\/camping-swimmingpool-elsass\/#breadcrumb","itemListElement":[{"@type":"ListItem","position":1,"name":"Camping Alsace","item":"https:\/\/www.campingdoller.fr\/de\/"},{"@type":"ListItem","position":2,"name":"Campingplatz mit Schwimmbad in der N\u00e4he von Colmar"}]},{"@type":"WebSite","@id":"https:\/\/www.campingdoller.fr\/#website","url":"https:\/\/www.campingdoller.fr\/","name":"Camping de la Doller","description":"","publisher":{"@id":"https:\/\/www.campingdoller.fr\/#organization"},"potentialAction":[{"@type":"SearchAction","target":{"@type":"EntryPoint","urlTemplate":"https:\/\/www.campingdoller.fr\/?s={search_term_string}"},"query-input":{"@type":"PropertyValueSpecification","valueRequired":true,"valueName":"search_term_string"}}],"inLanguage":"de"},{"@type":"Organization","@id":"https:\/\/www.campingdoller.fr\/#organization","name":"Camping de la Doller","url":"https:\/\/www.campingdoller.fr\/","logo":{"@type":"ImageObject","inLanguage":"de","@id":"https:\/\/www.campingdoller.fr\/#\/schema\/logo\/image\/","url":"https:\/\/www.campingdoller.fr\/wp-content\/uploads\/2023\/03\/cropped-logo-camping-de-la-doller.png","contentUrl":"https:\/\/www.campingdoller.fr\/wp-content\/uploads\/2023\/03\/cropped-logo-camping-de-la-doller.png","width":512,"height":512,"caption":"Camping de la Doller"},"image":{"@id":"https:\/\/www.campingdoller.fr\/#\/schema\/logo\/image\/"}}]}},"_links":{"self":[{"href":"https:\/\/www.campingdoller.fr\/de\/wp-json\/wp\/v2\/pages\/1744","targetHints":{"allow":["GET"]}}],"collection":[{"href":"https:\/\/www.campingdoller.fr\/de\/wp-json\/wp\/v2\/pages"}],"about":[{"href":"https:\/\/www.campingdoller.fr\/de\/wp-json\/wp\/v2\/types\/page"}],"author":[{"embeddable":true,"href":"https:\/\/www.campingdoller.fr\/de\/wp-json\/wp\/v2\/users\/1"}],"replies":[{"embeddable":true,"href":"https:\/\/www.campingdoller.fr\/de\/wp-json\/wp\/v2\/comments?post=1744"}],"version-history":[{"count":4,"href":"https:\/\/www.campingdoller.fr\/de\/wp-json\/wp\/v2\/pages\/1744\/revisions"}],"predecessor-version":[{"id":3143,"href":"https:\/\/www.campingdoller.fr\/de\/wp-json\/wp\/v2\/pages\/1744\/revisions\/3143"}],"wp:featuredmedia":[{"embeddable":true,"href":"https:\/\/www.campingdoller.fr\/de\/wp-json\/wp\/v2\/media\/2930"}],"wp:attachment":[{"href":"https:\/\/www.campingdoller.fr\/de\/wp-json\/wp\/v2\/media?parent=1744"}],"wp:term":[{"taxonomy":"sujet","embeddable":true,"href":"https:\/\/www.campingdoller.fr\/de\/wp-json\/wp\/v2\/sujet?post=1744"}],"curies":[{"name":"wp","href":"https:\/\/api.w.org\/{rel}","templated":true}]}}