{"id":1760,"date":"2023-05-03T14:16:05","date_gmt":"2023-05-03T12:16:05","guid":{"rendered":"https:\/\/www.campingdoller.fr\/campingplaetze-bord-riviere-colmar\/"},"modified":"2026-01-12T12:07:33","modified_gmt":"2026-01-12T11:07:33","slug":"campingplaetze-bord-riviere-colmar","status":"publish","type":"page","link":"https:\/\/www.campingdoller.fr\/de\/campingplaetze-bord-riviere-colmar\/","title":{"rendered":"Campingplatz am Flussufer"},"content":{"rendered":"<section id=\"ls-section-block_36fb0b188c09331e038d76fa89ed7ade\" class=\"ls-section  home-first m-b-0 page-one has-background-image\" >\r\n    <div class=\"ls-section__background-image opacity-100\"><img decoding=\"async\" src=\"https:\/\/www.campingdoller.fr\/wp-content\/uploads\/2023\/04\/fond-bois-camping-de-la-doller.webp\" alt=\"Campingplatz Haut Rhin\"><\/div>    <div class=\"container container--wide\">\r\n        \n\n<h1 class=\"ls__heading wp-block-heading has-text-align-center m-b-5\">Frische mit Ihrem Campingplatz am Flussufer im Elsass<\/h1>\n\n\n\n<div class=\"wp-block-columns are-vertically-aligned-center is-layout-flex wp-container-core-columns-is-layout-9d6595d7 wp-block-columns-is-layout-flex\">\n<div class=\"wp-block-column is-vertically-aligned-center is-layout-flow wp-block-column-is-layout-flow\" style=\"flex-basis:66.66%\">\n<figure class=\"wp-block-image size-full animated fadeInLeft slow\"><a href=\"https:\/\/www.campingdoller.fr\/wp-content\/uploads\/2025\/12\/Lac-vue-haut.jpg\"><img decoding=\"async\" width=\"1168\" height=\"778\" src=\"https:\/\/www.campingdoller.fr\/wp-content\/uploads\/2025\/12\/Lac-vue-haut.jpg\" alt=\"Lac vue haut\" class=\"wp-image-2934\" srcset=\"https:\/\/www.campingdoller.fr\/wp-content\/uploads\/2025\/12\/Lac-vue-haut.jpg 1168w, https:\/\/www.campingdoller.fr\/wp-content\/uploads\/2025\/12\/Lac-vue-haut-300x200.jpg 300w, https:\/\/www.campingdoller.fr\/wp-content\/uploads\/2025\/12\/Lac-vue-haut-1024x682.jpg 1024w, https:\/\/www.campingdoller.fr\/wp-content\/uploads\/2025\/12\/Lac-vue-haut-768x512.jpg 768w\" sizes=\"(max-width: 1168px) 100vw, 1168px\" \/><\/a><\/figure>\n<\/div>\n\n\n\n<div class=\"wp-block-column is-vertically-aligned-center is-layout-flow wp-block-column-is-layout-flow\" style=\"flex-basis:33.33%\">\n<h2 class=\"ls__heading wp-block-heading\">Im Sommer k\u00fchlen Sie sich im Fluss in der N\u00e4he von Colmar ab<\/h2>\n\n\n\n<p class=\"ls-paragraph\">Unser <a href=\"https:\/\/www.campingdoller.fr\/de\/\">3-Sterne-Campingplatz im Elsass<\/a> liegt direkt am Fluss. Die Doller flie\u00dft direkt am Campingplatz vorbei und sorgt im Sommer f\u00fcr besonders angenehme Frische. Beachten Sie, dass es von einigen Mietstationen aus zug\u00e4nglich ist. En revanche, il n\u2019est pas possible de s\u2019y baigner, ni d&#8217;y p\u00e9cher. Im Sommer ist der Wasserstand oft niedrig. Wenn Sie schwimmen m\u00f6chten, ist das <a href=\"https:\/\/www.campingdoller.fr\/de\/camping-swimmingpool-elsass\/\">Schwimmbad des Campingplatzes<\/a> ideal.<\/p>\n\n\n\n<p class=\"ls-paragraph\">Sie k\u00f6nnen jedoch am Rand entlang gehen und sich vom sanften Rauschen des Wassers einlullen lassen, das Sie sofort entspannen wird. Unser Campingplatz am Fluss in der N\u00e4he von Colmar bietet Ihnen eine <strong>absolut au\u00dfergew\u00f6hnliche Naturkulisse<\/strong> !  <\/p>\n<\/div>\n<\/div>\n\n\n\n<figure class=\"wp-block-image size-full illustration-oiseau\"><img decoding=\"async\" width=\"800\" height=\"650\" src=\"https:\/\/www.campingdoller.fr\/wp-content\/uploads\/2023\/03\/oiseau-camping-de-la-doller.webp\" alt=\"Bird Camping de la Doller\" class=\"wp-image-348\" srcset=\"https:\/\/www.campingdoller.fr\/wp-content\/uploads\/2023\/03\/oiseau-camping-de-la-doller.webp 800w, https:\/\/www.campingdoller.fr\/wp-content\/uploads\/2023\/03\/oiseau-camping-de-la-doller-300x244.webp 300w, https:\/\/www.campingdoller.fr\/wp-content\/uploads\/2023\/03\/oiseau-camping-de-la-doller-768x624.webp 768w\" sizes=\"(max-width: 800px) 100vw, 800px\" \/><\/figure>\n\n\r\n    <\/div>\r\n<\/section><section id=\"ls-section-block_ebd1e754cf1811f9a4412a28ab9a89ff\" class=\"ls-section  home-third page-two m-b-0 has-background-image\" >\r\n    <div class=\"ls-section__background-image opacity-100\"><img decoding=\"async\" src=\"https:\/\/www.campingdoller.fr\/wp-content\/uploads\/2023\/04\/fond-bois-camping-de-la-doller.webp\" alt=\"Campingplatz Haut Rhin\"><\/div>    <div class=\"container container--wide\">\r\n        \n\n<div class=\"wp-block-columns are-vertically-aligned-center is-layout-flex wp-container-core-columns-is-layout-9d6595d7 wp-block-columns-is-layout-flex\">\n<div class=\"wp-block-column is-vertically-aligned-center is-layout-flow wp-block-column-is-layout-flow\" style=\"flex-basis:40%\">\n<h2 class=\"ls__heading wp-block-heading\">Ein ruhiger Spaziergang am Fluss<\/h2>\n\n\n\n<p class=\"ls-paragraph\">Auch wenn das Angeln im Fluss nicht erlaubt ist (es gibt kein Gegenseitigkeitsrecht von Burnhaupt bis Lauw), k\u00f6nnen Sie hier einen <strong>entspannten und erholsamen Moment genie\u00dfen<\/strong>. Machen Sie einen kleinen Spaziergang in der ruhigen Umgebung unseres Campingplatzes in der N\u00e4he von Colmar und genie\u00dfen Sie das sanfte Rauschen des Flusses, der seinem Lauf folgt.<br\/>Ein Spaziergang mit der Familie, mit Freunden oder alleine, um neue Energie zu tanken \u2013 alles ist m\u00f6glich! Setzen Sie sich ans Ufer, bringen Sie ein gutes Buch mit und bewundern Sie <strong>die Sch\u00f6nheit dieses els\u00e4ssischen Flusses<\/strong>! Wenn Sie Ruhe brauchen, ist das Flussufer der perfekte Ort daf\u00fcr!<\/p>\n\n\n\n<h2 class=\"ls__heading wp-block-heading\">Angeln im Dorfteich<\/h2>\n\n\n\n<p class=\"ls-paragraph\">Gute Nachrichten f\u00fcr Angler im Urlaub! Sie k\u00f6nnen im <strong>Dorfteich angeln<\/strong>, der sich direkt neben unserem Campingplatz befindet.<br\/>Bitte beachten Sie: Sie m\u00fcssen einen <strong>Angelschein<\/strong> erwerben (erh\u00e4ltlich an der Rezeption des Campingplatzes).<\/p>\n\n\n\n<p class=\"ls-paragraph\">Bringen Sie Ihre Ruten und Haken mit und verbringen Sie einen Morgen oder einen ganzen Tag damit, nach den verschiedenen Fischen im Teich zu fischen. Ideal f\u00fcr einen Familien- oder Solo-Moment, um sich zu entspannen und <strong>die umliegende Natur zu genie\u00dfen<\/strong>.<\/p>\n\n\n\n<p class=\"ls-paragraph\">Beachten Sie, dass der Campingplatz \u201eCamping de la Doller\u201d <strong>Ausgangspunkt f\u00fcr 180 km markierte Wanderwege<\/strong> ist, die vom Club Vosgien gepflegt werden. Ideal f\u00fcr die Erkundung der Umgebung nach Ihrem Angelausflug!<\/p>\n<\/div>\n\n\n\n<div class=\"wp-block-column is-vertically-aligned-center is-layout-flow wp-block-column-is-layout-flow\" style=\"flex-basis:60%\">\n<figure class=\"wp-block-gallery has-nested-images columns-1 is-cropped wp-block-gallery-1 is-layout-flex wp-block-gallery-is-layout-flex\">\n<figure class=\"wp-block-image size-full animated fadeInRight slow\"><a href=\"https:\/\/www.campingdoller.fr\/wp-content\/uploads\/2023\/04\/balade-en-bord-de-riviere-camping-la-doller.jpg\"><img decoding=\"async\" width=\"857\" height=\"536\" data-id=\"1206\" src=\"https:\/\/www.campingdoller.fr\/wp-content\/uploads\/2023\/04\/balade-en-bord-de-riviere-camping-la-doller.jpg\" alt=\"Spaziergang entlang des Flusses Colmar\" class=\"wp-image-1206\" srcset=\"https:\/\/www.campingdoller.fr\/wp-content\/uploads\/2023\/04\/balade-en-bord-de-riviere-camping-la-doller.jpg 857w, https:\/\/www.campingdoller.fr\/wp-content\/uploads\/2023\/04\/balade-en-bord-de-riviere-camping-la-doller-300x188.jpg 300w, https:\/\/www.campingdoller.fr\/wp-content\/uploads\/2023\/04\/balade-en-bord-de-riviere-camping-la-doller-768x480.jpg 768w\" sizes=\"(max-width: 857px) 100vw, 857px\" \/><\/a><\/figure>\n\n\n\n<figure class=\"wp-block-image size-full animated fadeInRight slow delay-200ms\"><a href=\"https:\/\/www.campingdoller.fr\/wp-content\/uploads\/2025\/12\/Etang-Guewenheim.jpg\"><img decoding=\"async\" width=\"1533\" height=\"779\" data-id=\"2939\" src=\"https:\/\/www.campingdoller.fr\/wp-content\/uploads\/2025\/12\/Etang-Guewenheim.jpg\" alt=\"Guewenheim See\" class=\"wp-image-2939\" srcset=\"https:\/\/www.campingdoller.fr\/wp-content\/uploads\/2025\/12\/Etang-Guewenheim.jpg 1533w, https:\/\/www.campingdoller.fr\/wp-content\/uploads\/2025\/12\/Etang-Guewenheim-300x152.jpg 300w, https:\/\/www.campingdoller.fr\/wp-content\/uploads\/2025\/12\/Etang-Guewenheim-1024x520.jpg 1024w, https:\/\/www.campingdoller.fr\/wp-content\/uploads\/2025\/12\/Etang-Guewenheim-768x390.jpg 768w\" sizes=\"(max-width: 1533px) 100vw, 1533px\" \/><\/a><\/figure>\n<\/figure>\n<\/div>\n<\/div>\n\n\r\n    <\/div>\r\n<\/section><section id=\"ls-section-block_453e012a757877f50b6beb5e8c8a1218\" class=\"ls-section  page-five m-t-0 m-b-0\" >\r\n        <div class=\"container container--wide\">\r\n        \n\n<div id=\"ls-heading ls-titre-div-block_fceae4e04901803c0e67230e30f0e2de\" class=\"ls-titre-div aligncenter h2-like\" >\n    <strong>Entdecken Sie unsere Dienstleistungen, unser Schwimmbad und unser Restaurant<\/strong><\/div>\n\n\n<div id=\"ls-maillage-block_2dc09fe75a20d4f747e510709e7bba03\" class=\"ls-maillage cta-style-normal\" data-rows=\"3\">\r\n    <div class=\"wp-block-columns\"><div class=\"wp-block-column\"><div class=\"ls-cta\">\n\n<a href=\"https:\/\/www.campingdoller.fr\/de\/camping-familiar-colmar\/\" target=\"\" rel=\"noopener\" class=\"ls-cta__link\">\n\n\t<div class=\"ls-cta__image\"><img decoding=\"async\" src=\"https:\/\/www.campingdoller.fr\/wp-content\/uploads\/2024\/02\/bandeau-service-cta.jpg\" alt=\"Banner Service CTA\"><\/div>\n\t<div class=\"ls-cta__title\">\n\t\tDienste\t<\/div>\n\n\t\n<\/a><\/div><\/div><div class=\"wp-block-column\"><div class=\"ls-cta\">\n\n<a href=\"https:\/\/www.campingdoller.fr\/de\/camping-swimmingpool-elsass\/\" target=\"\" rel=\"noopener\" class=\"ls-cta__link\">\n\n\t<div class=\"ls-cta__image\"><img decoding=\"async\" src=\"https:\/\/www.campingdoller.fr\/wp-content\/uploads\/2025\/12\/Piscine-1-768x512.jpg\" alt=\"Schwimmbad\"><\/div>\n\t<div class=\"ls-cta__title\">\n\t\tDas Schwimmbad\t<\/div>\n\n\t\n<\/a><\/div><\/div><div class=\"wp-block-column\"><div class=\"ls-cta\">\n\n<a href=\"https:\/\/www.campingdoller.fr\/de\/restaurant-im-guewenheim\/\" target=\"\" rel=\"noopener\" class=\"ls-cta__link\">\n\n\t<div class=\"ls-cta__image\"><img decoding=\"async\" src=\"https:\/\/www.campingdoller.fr\/wp-content\/uploads\/2025\/12\/Soiree-1-768x512.jpg\" alt=\"Abendveranstaltung\"><\/div>\n\t<div class=\"ls-cta__title\">\n\t\tBar, Eis &amp; Restaurant\t<\/div>\n\n\t\n<\/a><\/div><\/div><\/div><\/div>\n\r\n    <\/div>\r\n<\/section>","protected":false},"excerpt":{"rendered":"","protected":false},"author":1,"featured_media":2405,"parent":0,"menu_order":0,"comment_status":"closed","ping_status":"closed","template":"","meta":{"_acf_changed":false,"footnotes":""},"sujet":[],"class_list":["post-1760","page","type-page","status-publish","has-post-thumbnail","hentry"],"acf":[],"yoast_head":"<!-- This site is optimized with the Yoast SEO plugin v25.3 - https:\/\/yoast.com\/wordpress\/plugins\/seo\/ -->\n<title>Campingplatz am Flussufer Elsass | Fischteich in der N\u00e4he von Colmar<\/title>\n<meta name=\"robots\" content=\"index, follow, max-snippet:-1, max-image-preview:large, max-video-preview:-1\" \/>\n<link rel=\"canonical\" href=\"https:\/\/www.campingdoller.fr\/de\/campingplaetze-bord-riviere-colmar\/\" \/>\n<meta property=\"og:locale\" content=\"de_DE\" \/>\n<meta property=\"og:type\" content=\"article\" \/>\n<meta property=\"og:title\" content=\"Campingplatz am Flussufer Elsass | Fischteich in der N\u00e4he von Colmar\" \/>\n<meta property=\"og:url\" content=\"https:\/\/www.campingdoller.fr\/de\/campingplaetze-bord-riviere-colmar\/\" \/>\n<meta property=\"og:site_name\" content=\"Camping de la Doller\" \/>\n<meta property=\"article:modified_time\" content=\"2026-01-12T11:07:33+00:00\" \/>\n<meta property=\"og:image\" content=\"https:\/\/www.campingdoller.fr\/wp-content\/uploads\/2024\/02\/bord-riviere-maj-doller.jpg\" \/>\n\t<meta property=\"og:image:width\" content=\"1903\" \/>\n\t<meta property=\"og:image:height\" content=\"449\" \/>\n\t<meta property=\"og:image:type\" content=\"image\/jpeg\" \/>\n<meta name=\"twitter:card\" content=\"summary_large_image\" \/>\n<meta name=\"twitter:label1\" content=\"Gesch\u00e4tzte Lesezeit\" \/>\n\t<meta name=\"twitter:data1\" content=\"2\u00a0Minuten\" \/>\n<script type=\"application\/ld+json\" class=\"yoast-schema-graph\">{\"@context\":\"https:\/\/schema.org\",\"@graph\":[{\"@type\":\"WebPage\",\"@id\":\"https:\/\/www.campingdoller.fr\/de\/campingplaetze-bord-riviere-colmar\/\",\"url\":\"https:\/\/www.campingdoller.fr\/de\/campingplaetze-bord-riviere-colmar\/\",\"name\":\"Campingplatz am Flussufer Elsass | Fischteich in der N\u00e4he von Colmar\",\"isPartOf\":{\"@id\":\"https:\/\/www.campingdoller.fr\/#website\"},\"primaryImageOfPage\":{\"@id\":\"https:\/\/www.campingdoller.fr\/de\/campingplaetze-bord-riviere-colmar\/#primaryimage\"},\"image\":{\"@id\":\"https:\/\/www.campingdoller.fr\/de\/campingplaetze-bord-riviere-colmar\/#primaryimage\"},\"thumbnailUrl\":\"https:\/\/www.campingdoller.fr\/wp-content\/uploads\/2024\/02\/bord-riviere-maj-doller.jpg\",\"datePublished\":\"2023-05-03T12:16:05+00:00\",\"dateModified\":\"2026-01-12T11:07:33+00:00\",\"breadcrumb\":{\"@id\":\"https:\/\/www.campingdoller.fr\/de\/campingplaetze-bord-riviere-colmar\/#breadcrumb\"},\"inLanguage\":\"de\",\"potentialAction\":[{\"@type\":\"ReadAction\",\"target\":[\"https:\/\/www.campingdoller.fr\/de\/campingplaetze-bord-riviere-colmar\/\"]}]},{\"@type\":\"ImageObject\",\"inLanguage\":\"de\",\"@id\":\"https:\/\/www.campingdoller.fr\/de\/campingplaetze-bord-riviere-colmar\/#primaryimage\",\"url\":\"https:\/\/www.campingdoller.fr\/wp-content\/uploads\/2024\/02\/bord-riviere-maj-doller.jpg\",\"contentUrl\":\"https:\/\/www.campingdoller.fr\/wp-content\/uploads\/2024\/02\/bord-riviere-maj-doller.jpg\",\"width\":1903,\"height\":449,\"caption\":\"Flussufer Maj Doller\"},{\"@type\":\"BreadcrumbList\",\"@id\":\"https:\/\/www.campingdoller.fr\/de\/campingplaetze-bord-riviere-colmar\/#breadcrumb\",\"itemListElement\":[{\"@type\":\"ListItem\",\"position\":1,\"name\":\"Camping Alsace\",\"item\":\"https:\/\/www.campingdoller.fr\/de\/\"},{\"@type\":\"ListItem\",\"position\":2,\"name\":\"Angeln im Teich in der N\u00e4he von Colmar\"}]},{\"@type\":\"WebSite\",\"@id\":\"https:\/\/www.campingdoller.fr\/#website\",\"url\":\"https:\/\/www.campingdoller.fr\/\",\"name\":\"Camping de la Doller\",\"description\":\"\",\"publisher\":{\"@id\":\"https:\/\/www.campingdoller.fr\/#organization\"},\"potentialAction\":[{\"@type\":\"SearchAction\",\"target\":{\"@type\":\"EntryPoint\",\"urlTemplate\":\"https:\/\/www.campingdoller.fr\/?s={search_term_string}\"},\"query-input\":{\"@type\":\"PropertyValueSpecification\",\"valueRequired\":true,\"valueName\":\"search_term_string\"}}],\"inLanguage\":\"de\"},{\"@type\":\"Organization\",\"@id\":\"https:\/\/www.campingdoller.fr\/#organization\",\"name\":\"Camping de la Doller\",\"url\":\"https:\/\/www.campingdoller.fr\/\",\"logo\":{\"@type\":\"ImageObject\",\"inLanguage\":\"de\",\"@id\":\"https:\/\/www.campingdoller.fr\/#\/schema\/logo\/image\/\",\"url\":\"https:\/\/www.campingdoller.fr\/wp-content\/uploads\/2023\/03\/cropped-logo-camping-de-la-doller.png\",\"contentUrl\":\"https:\/\/www.campingdoller.fr\/wp-content\/uploads\/2023\/03\/cropped-logo-camping-de-la-doller.png\",\"width\":512,\"height\":512,\"caption\":\"Camping de la Doller\"},\"image\":{\"@id\":\"https:\/\/www.campingdoller.fr\/#\/schema\/logo\/image\/\"}}]}<\/script>\n<!-- \/ Yoast SEO plugin. -->","yoast_head_json":{"title":"Campingplatz am Flussufer Elsass | Fischteich in der N\u00e4he von Colmar","robots":{"index":"index","follow":"follow","max-snippet":"max-snippet:-1","max-image-preview":"max-image-preview:large","max-video-preview":"max-video-preview:-1"},"canonical":"https:\/\/www.campingdoller.fr\/de\/campingplaetze-bord-riviere-colmar\/","og_locale":"de_DE","og_type":"article","og_title":"Campingplatz am Flussufer Elsass | Fischteich in der N\u00e4he von Colmar","og_url":"https:\/\/www.campingdoller.fr\/de\/campingplaetze-bord-riviere-colmar\/","og_site_name":"Camping de la Doller","article_modified_time":"2026-01-12T11:07:33+00:00","og_image":[{"width":1903,"height":449,"url":"https:\/\/www.campingdoller.fr\/wp-content\/uploads\/2024\/02\/bord-riviere-maj-doller.jpg","type":"image\/jpeg"}],"twitter_card":"summary_large_image","twitter_misc":{"Gesch\u00e4tzte Lesezeit":"2\u00a0Minuten"},"schema":{"@context":"https:\/\/schema.org","@graph":[{"@type":"WebPage","@id":"https:\/\/www.campingdoller.fr\/de\/campingplaetze-bord-riviere-colmar\/","url":"https:\/\/www.campingdoller.fr\/de\/campingplaetze-bord-riviere-colmar\/","name":"Campingplatz am Flussufer Elsass | Fischteich in der N\u00e4he von Colmar","isPartOf":{"@id":"https:\/\/www.campingdoller.fr\/#website"},"primaryImageOfPage":{"@id":"https:\/\/www.campingdoller.fr\/de\/campingplaetze-bord-riviere-colmar\/#primaryimage"},"image":{"@id":"https:\/\/www.campingdoller.fr\/de\/campingplaetze-bord-riviere-colmar\/#primaryimage"},"thumbnailUrl":"https:\/\/www.campingdoller.fr\/wp-content\/uploads\/2024\/02\/bord-riviere-maj-doller.jpg","datePublished":"2023-05-03T12:16:05+00:00","dateModified":"2026-01-12T11:07:33+00:00","breadcrumb":{"@id":"https:\/\/www.campingdoller.fr\/de\/campingplaetze-bord-riviere-colmar\/#breadcrumb"},"inLanguage":"de","potentialAction":[{"@type":"ReadAction","target":["https:\/\/www.campingdoller.fr\/de\/campingplaetze-bord-riviere-colmar\/"]}]},{"@type":"ImageObject","inLanguage":"de","@id":"https:\/\/www.campingdoller.fr\/de\/campingplaetze-bord-riviere-colmar\/#primaryimage","url":"https:\/\/www.campingdoller.fr\/wp-content\/uploads\/2024\/02\/bord-riviere-maj-doller.jpg","contentUrl":"https:\/\/www.campingdoller.fr\/wp-content\/uploads\/2024\/02\/bord-riviere-maj-doller.jpg","width":1903,"height":449,"caption":"Flussufer Maj Doller"},{"@type":"BreadcrumbList","@id":"https:\/\/www.campingdoller.fr\/de\/campingplaetze-bord-riviere-colmar\/#breadcrumb","itemListElement":[{"@type":"ListItem","position":1,"name":"Camping Alsace","item":"https:\/\/www.campingdoller.fr\/de\/"},{"@type":"ListItem","position":2,"name":"Angeln im Teich in der N\u00e4he von Colmar"}]},{"@type":"WebSite","@id":"https:\/\/www.campingdoller.fr\/#website","url":"https:\/\/www.campingdoller.fr\/","name":"Camping de la Doller","description":"","publisher":{"@id":"https:\/\/www.campingdoller.fr\/#organization"},"potentialAction":[{"@type":"SearchAction","target":{"@type":"EntryPoint","urlTemplate":"https:\/\/www.campingdoller.fr\/?s={search_term_string}"},"query-input":{"@type":"PropertyValueSpecification","valueRequired":true,"valueName":"search_term_string"}}],"inLanguage":"de"},{"@type":"Organization","@id":"https:\/\/www.campingdoller.fr\/#organization","name":"Camping de la Doller","url":"https:\/\/www.campingdoller.fr\/","logo":{"@type":"ImageObject","inLanguage":"de","@id":"https:\/\/www.campingdoller.fr\/#\/schema\/logo\/image\/","url":"https:\/\/www.campingdoller.fr\/wp-content\/uploads\/2023\/03\/cropped-logo-camping-de-la-doller.png","contentUrl":"https:\/\/www.campingdoller.fr\/wp-content\/uploads\/2023\/03\/cropped-logo-camping-de-la-doller.png","width":512,"height":512,"caption":"Camping de la Doller"},"image":{"@id":"https:\/\/www.campingdoller.fr\/#\/schema\/logo\/image\/"}}]}},"_links":{"self":[{"href":"https:\/\/www.campingdoller.fr\/de\/wp-json\/wp\/v2\/pages\/1760","targetHints":{"allow":["GET"]}}],"collection":[{"href":"https:\/\/www.campingdoller.fr\/de\/wp-json\/wp\/v2\/pages"}],"about":[{"href":"https:\/\/www.campingdoller.fr\/de\/wp-json\/wp\/v2\/types\/page"}],"author":[{"embeddable":true,"href":"https:\/\/www.campingdoller.fr\/de\/wp-json\/wp\/v2\/users\/1"}],"replies":[{"embeddable":true,"href":"https:\/\/www.campingdoller.fr\/de\/wp-json\/wp\/v2\/comments?post=1760"}],"version-history":[{"count":6,"href":"https:\/\/www.campingdoller.fr\/de\/wp-json\/wp\/v2\/pages\/1760\/revisions"}],"predecessor-version":[{"id":3140,"href":"https:\/\/www.campingdoller.fr\/de\/wp-json\/wp\/v2\/pages\/1760\/revisions\/3140"}],"wp:featuredmedia":[{"embeddable":true,"href":"https:\/\/www.campingdoller.fr\/de\/wp-json\/wp\/v2\/media\/2405"}],"wp:attachment":[{"href":"https:\/\/www.campingdoller.fr\/de\/wp-json\/wp\/v2\/media?parent=1760"}],"wp:term":[{"taxonomy":"sujet","embeddable":true,"href":"https:\/\/www.campingdoller.fr\/de\/wp-json\/wp\/v2\/sujet?post=1760"}],"curies":[{"name":"wp","href":"https:\/\/api.w.org\/{rel}","templated":true}]}}