{"id":1782,"date":"2023-05-03T14:19:55","date_gmt":"2023-05-03T12:19:55","guid":{"rendered":"https:\/\/www.campingdoller.fr\/restaurant-colmar\/"},"modified":"2026-01-12T11:50:07","modified_gmt":"2026-01-12T10:50:07","slug":"restaurant-im-guewenheim","status":"publish","type":"page","link":"https:\/\/www.campingdoller.fr\/de\/restaurant-im-guewenheim\/","title":{"rendered":"Bar, Eis &amp; Restaurant"},"content":{"rendered":"<section id=\"ls-section-block_cbedd7a4f2c3006ef5ebcf3605920ea4\" class=\"ls-section  home-first m-b-0 page-one has-background-image\" >\r\n    <div class=\"ls-section__background-image opacity-100\"><img decoding=\"async\" src=\"https:\/\/www.campingdoller.fr\/wp-content\/uploads\/2023\/04\/fond-bois-camping-de-la-doller.webp\" alt=\"Campingplatz Haut Rhin\"><\/div>    <div class=\"container container--wide\">\r\n        \n\n<h1 class=\"ls__heading wp-block-heading has-text-align-center m-b-5\">Restaurant in der N\u00e4he von Mulhouse<\/h1>\n\n\n\n<div class=\"wp-block-columns are-vertically-aligned-center is-layout-flex wp-container-core-columns-is-layout-9d6595d7 wp-block-columns-is-layout-flex\">\n<div class=\"wp-block-column is-vertically-aligned-center is-layout-flow wp-block-column-is-layout-flow\" style=\"flex-basis:66.66%\">\n<figure class=\"wp-block-image size-full animated fadeInLeft slow\"><a href=\"https:\/\/www.campingdoller.fr\/wp-content\/uploads\/2023\/04\/snack-pizza-et-tartes-camping-la-doller-alsace.jpg\"><img decoding=\"async\" width=\"857\" height=\"536\" src=\"https:\/\/www.campingdoller.fr\/wp-content\/uploads\/2023\/04\/snack-pizza-et-tartes-camping-la-doller-alsace.jpg\" alt=\"Jausenpizza Guewenheim\" class=\"wp-image-865\" srcset=\"https:\/\/www.campingdoller.fr\/wp-content\/uploads\/2023\/04\/snack-pizza-et-tartes-camping-la-doller-alsace.jpg 857w, https:\/\/www.campingdoller.fr\/wp-content\/uploads\/2023\/04\/snack-pizza-et-tartes-camping-la-doller-alsace-300x188.jpg 300w, https:\/\/www.campingdoller.fr\/wp-content\/uploads\/2023\/04\/snack-pizza-et-tartes-camping-la-doller-alsace-768x480.jpg 768w\" sizes=\"(max-width: 857px) 100vw, 857px\" \/><\/a><\/figure>\n<\/div>\n\n\n\n<div class=\"wp-block-column is-vertically-aligned-center is-layout-flow wp-block-column-is-layout-flow\" style=\"flex-basis:33.33%\">\n<h2 class=\"ls__heading wp-block-heading\">Traditionelle K\u00fcche und lokale Produkte im Elsass <\/h2>\n\n\n\n<p class=\"ls-paragraph\">Der Restaurantbereich des <a href=\"https:\/\/www.campingdoller.fr\/de\/\">Campingplatzes La Doller<\/a> (<strong>haupts\u00e4chlich im Juli\/August ge\u00f6ffnet<\/strong>) bietet Ihnen traditionelle Spezialit\u00e4ten, die ausschlie\u00dflich aus frischen Produkten zubereitet werden. Diese Mahlzeiten werden angek\u00fcndigt und finden nach Anmeldung statt. <strong> TraditionelleK\u00fcche<\/strong>, lokale Produkte und die Entdeckung k\u00f6stlicher els\u00e4ssischer Gerichte erwarten Sie!<\/p>\n\n\n\n<p class=\"ls-paragraph\">Kommen Sie und genie\u00dfen Sie unsere im <strong>Holzofen gebackenen Pizzen<\/strong> und <strong>Flammkuchen<\/strong>, die ganze Saison \u00fcber <strong>freitagabends <\/strong>sowie <strong>montagabends im Juli\/August<\/strong>.<\/p>\n\n\n\n<p class=\"ls-paragraph\"><strong>Mittwochabends im Juli\/August<\/strong> gibt es <strong>Burger<\/strong>, die von unserem K\u00fcchenchef mit viel Liebe zubereitet werden. Genie\u00dfen Sie die <strong>gro\u00dfe Auswahl<\/strong> und die gem\u00fctliche Atmosph\u00e4re auf der Terrasse des Campingplatzes. <\/p>\n\n\n\n<p class=\"ls-paragraph\">An den <strong>Sonntagen im Juli\/August<\/strong> bieten wir Ihnen mittags <strong>H\u00e4hnchen<\/strong>, <strong>Haxen <\/strong>und <strong>Pommes frites<\/strong> zum Mitnehmen an.<\/p>\n\n\n\n<p class=\"ls-paragraph\">An den <strong>Sonntagabenden im Juli\/August<\/strong> kommt unser Partner KanoKwan mit seinem Food Truck auf unseren Campingplatz und nimmt Sie mit auf eine kulinarische Reise durch die vielf\u00e4ltigen <strong>Aromen Thailands<\/strong>.<\/p>\n\n\n\n<p class=\"ls-paragraph\">Des repas suppl\u00e9mentaires peuvent s&#8217;ajouter au cours de la saison, comme une pa\u00eblla pr\u00e9par\u00e9e par les \u00e9quipes de Jos\u00e9 Aparicio. Mais encore des soir\u00e9es italiennes avec les merveilleux arraginis du traiteur Gio Gusto. Ainsi que des sp\u00e9cialit\u00e9s alsaciennes : Baeckaoffa, Choucroute, Fleischschnakas, &#8230; Ces repas seront affich\u00e9s dans l&#8217;enceinte du camping.   <\/p>\n\n\n\n<p class=\"ls-paragraph addReadMore showlesscontent\">Beachten Sie, dass unser Restaurant im Elsass \u00fcber einen gro\u00dfen Speisesaal sowie eine 100 m\u00b2 gro\u00dfe Terrasse verf\u00fcgt. Sie m\u00fcssen nicht einmal den Campingplatz verlassen, um k\u00f6stliche Gerichte zu genie\u00dfen, <strong>die mit den besten Produkten der Region zubereitet<\/strong> werden!<\/p>\n<\/div>\n<\/div>\n\n\n\n<figure class=\"wp-block-image size-full illustration-oiseau\"><img decoding=\"async\" width=\"800\" height=\"650\" src=\"https:\/\/www.campingdoller.fr\/wp-content\/uploads\/2023\/03\/oiseau-camping-de-la-doller.webp\" alt=\"Bird Camping de la Doller\" class=\"wp-image-348\" srcset=\"https:\/\/www.campingdoller.fr\/wp-content\/uploads\/2023\/03\/oiseau-camping-de-la-doller.webp 800w, https:\/\/www.campingdoller.fr\/wp-content\/uploads\/2023\/03\/oiseau-camping-de-la-doller-300x244.webp 300w, https:\/\/www.campingdoller.fr\/wp-content\/uploads\/2023\/03\/oiseau-camping-de-la-doller-768x624.webp 768w\" sizes=\"(max-width: 800px) 100vw, 800px\" \/><\/figure>\n\n\r\n    <\/div>\r\n<\/section><section id=\"ls-section-block_7478a5e040f38805b3607f319f684845\" class=\"ls-section  home-third page-two m-b-0 has-background-image\" >\r\n    <div class=\"ls-section__background-image opacity-100\"><img decoding=\"async\" src=\"https:\/\/www.campingdoller.fr\/wp-content\/uploads\/2023\/04\/fond-bois-camping-de-la-doller.webp\" alt=\"Campingplatz Haut Rhin\"><\/div>    <div class=\"container container--wide\">\r\n        \n\n<div class=\"wp-block-columns are-vertically-aligned-center is-layout-flex wp-container-core-columns-is-layout-9d6595d7 wp-block-columns-is-layout-flex\">\n<div class=\"wp-block-column is-vertically-aligned-center is-layout-flow wp-block-column-is-layout-flow\" style=\"flex-basis:40%\">\n<h2 class=\"ls__heading wp-block-heading\">Themengerichte in der N\u00e4he von Mulhouse<\/h2>\n\n\n\n<p class=\"ls-paragraph\">W\u00e4hrend der Saison k\u00f6nnen wir Sie an bestimmten Abenden zu <strong>Themenmen\u00fcs <\/strong>begr\u00fc\u00dfen. Vous trouverez le planning des soir\u00e9es affich\u00e9 dans le camping et sur notre page Facebook et Instagram.<\/p>\n\n\n\n<p class=\"ls-paragraph\">Genie\u00dfen Sie hochwertiges Catering und haben Sie Spa\u00df allein oder mit Ihren Liebsten! Unsere Themengerichte sind eine Gelegenheit, neue Gerichte und Geschmacksrichtungen zu entdecken. Eine gro\u00dfartige Gelegenheit, einen besonderen Abend auf dem Campingplatz Doller zu verbringen!<\/p>\n\n\n\n<h2 class=\"ls__heading wp-block-heading\">Die Bar (Lizenz IV) des Campingplatzes<\/h2>\n\n\n\n<p class=\"ls-paragraph\">Le bar de notre camping 3 \u00e9toiles en Alsace ouvre tous les jours, les horaires sont les suivantes :<\/p>\n\n\n\n<p class=\"ls-paragraph\"><strong>Au\u00dferhalb der Saison<\/strong> (April, Mai, Juni und September): 9:00\u201312:00 Uhr\/15:00\u201320:00 Uhr.<\/p>\n\n\n\n<p class=\"ls-paragraph\"><strong>Hochsaison <\/strong>(Juli und August): 8:00\u201312:00 Uhr\/14:00\u201322:00 Uhr.<\/p>\n\n\n\n<p class=\"ls-paragraph\"><strong>Nutzen Sie unsere Terrasse<\/strong> , um sich zu versammeln und bei einem Drink zu entspannen! Cocktails, Bier, Wein und alkoholfreie Getr\u00e4nke oder auch Eisbecher, Cr\u00eapes und Waffeln erwarten Sie f\u00fcr einen genussvollen Moment.<\/p>\n<\/div>\n\n\n\n<div class=\"wp-block-column is-vertically-aligned-center is-layout-flow wp-block-column-is-layout-flow\" style=\"flex-basis:60%\">\n<figure class=\"wp-block-gallery has-nested-images columns-1 is-cropped wp-block-gallery-1 is-layout-flex wp-block-gallery-is-layout-flex\">\n<figure class=\"wp-block-image size-full animated fadeInRight slow\"><a href=\"https:\/\/www.campingdoller.fr\/wp-content\/uploads\/2023\/04\/repas-a-theme-camping-alsace.jpg\"><img decoding=\"async\" width=\"857\" height=\"536\" data-id=\"870\" src=\"https:\/\/www.campingdoller.fr\/wp-content\/uploads\/2023\/04\/repas-a-theme-camping-alsace.jpg\" alt=\"Themenessen Camping Alsace\" class=\"wp-image-870\" srcset=\"https:\/\/www.campingdoller.fr\/wp-content\/uploads\/2023\/04\/repas-a-theme-camping-alsace.jpg 857w, https:\/\/www.campingdoller.fr\/wp-content\/uploads\/2023\/04\/repas-a-theme-camping-alsace-300x188.jpg 300w, https:\/\/www.campingdoller.fr\/wp-content\/uploads\/2023\/04\/repas-a-theme-camping-alsace-768x480.jpg 768w\" sizes=\"(max-width: 857px) 100vw, 857px\" \/><\/a><\/figure>\n\n\n\n<figure class=\"wp-block-image size-full animated fadeInRight slow delay-200ms\"><a href=\"https:\/\/www.campingdoller.fr\/wp-content\/uploads\/2023\/05\/snack-du-camping.webp\"><img decoding=\"async\" width=\"1000\" height=\"667\" data-id=\"1540\" src=\"https:\/\/www.campingdoller.fr\/wp-content\/uploads\/2023\/05\/snack-du-camping.webp\" alt=\"Imbiss auf dem Campingplatz\" class=\"wp-image-1540\" srcset=\"https:\/\/www.campingdoller.fr\/wp-content\/uploads\/2023\/05\/snack-du-camping.webp 1000w, https:\/\/www.campingdoller.fr\/wp-content\/uploads\/2023\/05\/snack-du-camping-300x200.webp 300w, https:\/\/www.campingdoller.fr\/wp-content\/uploads\/2023\/05\/snack-du-camping-768x512.webp 768w\" sizes=\"(max-width: 1000px) 100vw, 1000px\" \/><\/a><\/figure>\n<\/figure>\n<\/div>\n<\/div>\n\n\r\n    <\/div>\r\n<\/section><section id=\"ls-section-block_1b61065aa93bea6c6b22ad050fbc3111\" class=\"ls-section  page-five m-t-0 m-b-0\" >\r\n        <div class=\"container container--wide\">\r\n        \n\n<div id=\"ls-heading ls-titre-div-block_ea0fa8c18431ea0cfa34ed6f479e3ea8\" class=\"ls-titre-div aligncenter h2-like\" >\n    <strong>Entdecken Sie die Animationen, Dienstleistungen und das Schwimmbad unseres Campingplatzes<\/strong><\/div>\n\n\n<div id=\"ls-maillage-block_97649baf928fb7b8e2da41c3eaa59092\" class=\"ls-maillage cta-style-normal\" data-rows=\"3\">\r\n    <div class=\"wp-block-columns\"><div class=\"wp-block-column\"><div class=\"ls-cta\">\n\n<a href=\"https:\/\/www.campingdoller.fr\/de\/camping-familiar-colmar\/\" target=\"\" rel=\"noopener\" class=\"ls-cta__link\">\n\n\t<div class=\"ls-cta__image\"><img decoding=\"async\" src=\"https:\/\/www.campingdoller.fr\/wp-content\/uploads\/2024\/02\/bandeau-service-cta.jpg\" alt=\"Banner Service CTA\"><\/div>\n\t<div class=\"ls-cta__title\">\n\t\tDienste\t<\/div>\n\n\t\n<\/a><\/div><\/div><div class=\"wp-block-column\"><div class=\"ls-cta\">\n\n<a href=\"https:\/\/www.campingdoller.fr\/de\/camping-swimmingpool-elsass\/\" target=\"\" rel=\"noopener\" class=\"ls-cta__link\">\n\n\t<div class=\"ls-cta__image\"><img decoding=\"async\" src=\"https:\/\/www.campingdoller.fr\/wp-content\/uploads\/2025\/12\/Piscine-1-768x512.jpg\" alt=\"Schwimmbad\"><\/div>\n\t<div class=\"ls-cta__title\">\n\t\tDas Schwimmbad\t<\/div>\n\n\t\n<\/a><\/div><\/div><div class=\"wp-block-column\"><div class=\"ls-cta\">\n\n<a href=\"https:\/\/www.campingdoller.fr\/de\/camping-animationen-im-elsass\/\" target=\"\" rel=\"noopener\" class=\"ls-cta__link\">\n\n\t<div class=\"ls-cta__image\"><img decoding=\"async\" src=\"https:\/\/www.campingdoller.fr\/wp-content\/uploads\/2025\/12\/Observation-1-768x1024.jpg\" alt=\"Beobachtung\"><\/div>\n\t<div class=\"ls-cta__title\">\n\t\tUnterhaltung\t<\/div>\n\n\t\n<\/a><\/div><\/div><\/div><\/div>\n\r\n    <\/div>\r\n<\/section>","protected":false},"excerpt":{"rendered":"","protected":false},"author":1,"featured_media":2923,"parent":0,"menu_order":0,"comment_status":"closed","ping_status":"closed","template":"","meta":{"_acf_changed":false,"footnotes":""},"sujet":[],"class_list":["post-1782","page","type-page","status-publish","has-post-thumbnail","hentry"],"acf":[],"yoast_head":"<!-- This site is optimized with the Yoast SEO plugin v25.3 - https:\/\/yoast.com\/wordpress\/plugins\/seo\/ -->\n<title>Restaurant im Elsass | Bar, Restaurant in der N\u00e4he von Mulhouse<\/title>\n<meta name=\"robots\" content=\"index, follow, max-snippet:-1, max-image-preview:large, max-video-preview:-1\" \/>\n<link rel=\"canonical\" href=\"https:\/\/www.campingdoller.fr\/de\/restaurant-im-guewenheim\/\" \/>\n<meta property=\"og:locale\" content=\"de_DE\" \/>\n<meta property=\"og:type\" content=\"article\" \/>\n<meta property=\"og:title\" content=\"Restaurant im Elsass | Bar, Restaurant in der N\u00e4he von Mulhouse\" \/>\n<meta property=\"og:url\" content=\"https:\/\/www.campingdoller.fr\/de\/restaurant-im-guewenheim\/\" \/>\n<meta property=\"og:site_name\" content=\"Camping de la Doller\" \/>\n<meta property=\"article:modified_time\" content=\"2026-01-12T10:50:07+00:00\" \/>\n<meta property=\"og:image\" content=\"https:\/\/www.campingdoller.fr\/wp-content\/uploads\/2025\/12\/19-aout-groupe-bord-piscine-e1765464357694.jpg\" \/>\n\t<meta property=\"og:image:width\" content=\"1038\" \/>\n\t<meta property=\"og:image:height\" content=\"777\" \/>\n\t<meta property=\"og:image:type\" content=\"image\/jpeg\" \/>\n<meta name=\"twitter:card\" content=\"summary_large_image\" \/>\n<meta name=\"twitter:label1\" content=\"Gesch\u00e4tzte Lesezeit\" \/>\n\t<meta name=\"twitter:data1\" content=\"2\u00a0Minuten\" \/>\n<script type=\"application\/ld+json\" class=\"yoast-schema-graph\">{\"@context\":\"https:\/\/schema.org\",\"@graph\":[{\"@type\":\"WebPage\",\"@id\":\"https:\/\/www.campingdoller.fr\/de\/restaurant-im-guewenheim\/\",\"url\":\"https:\/\/www.campingdoller.fr\/de\/restaurant-im-guewenheim\/\",\"name\":\"Restaurant im Elsass | Bar, Restaurant in der N\u00e4he von Mulhouse\",\"isPartOf\":{\"@id\":\"https:\/\/www.campingdoller.fr\/#website\"},\"primaryImageOfPage\":{\"@id\":\"https:\/\/www.campingdoller.fr\/de\/restaurant-im-guewenheim\/#primaryimage\"},\"image\":{\"@id\":\"https:\/\/www.campingdoller.fr\/de\/restaurant-im-guewenheim\/#primaryimage\"},\"thumbnailUrl\":\"https:\/\/www.campingdoller.fr\/wp-content\/uploads\/2025\/12\/19-aout-groupe-bord-piscine-e1765464357694.jpg\",\"datePublished\":\"2023-05-03T12:19:55+00:00\",\"dateModified\":\"2026-01-12T10:50:07+00:00\",\"breadcrumb\":{\"@id\":\"https:\/\/www.campingdoller.fr\/de\/restaurant-im-guewenheim\/#breadcrumb\"},\"inLanguage\":\"de\",\"potentialAction\":[{\"@type\":\"ReadAction\",\"target\":[\"https:\/\/www.campingdoller.fr\/de\/restaurant-im-guewenheim\/\"]}]},{\"@type\":\"ImageObject\",\"inLanguage\":\"de\",\"@id\":\"https:\/\/www.campingdoller.fr\/de\/restaurant-im-guewenheim\/#primaryimage\",\"url\":\"https:\/\/www.campingdoller.fr\/wp-content\/uploads\/2025\/12\/19-aout-groupe-bord-piscine-e1765464357694.jpg\",\"contentUrl\":\"https:\/\/www.campingdoller.fr\/wp-content\/uploads\/2025\/12\/19-aout-groupe-bord-piscine-e1765464357694.jpg\",\"width\":1038,\"height\":777,\"caption\":\"19. August Gruppe am Pool\"},{\"@type\":\"BreadcrumbList\",\"@id\":\"https:\/\/www.campingdoller.fr\/de\/restaurant-im-guewenheim\/#breadcrumb\",\"itemListElement\":[{\"@type\":\"ListItem\",\"position\":1,\"name\":\"Camping Alsace\",\"item\":\"https:\/\/www.campingdoller.fr\/de\/\"},{\"@type\":\"ListItem\",\"position\":2,\"name\":\"Bar im Elsass\"}]},{\"@type\":\"WebSite\",\"@id\":\"https:\/\/www.campingdoller.fr\/#website\",\"url\":\"https:\/\/www.campingdoller.fr\/\",\"name\":\"Camping de la Doller\",\"description\":\"\",\"publisher\":{\"@id\":\"https:\/\/www.campingdoller.fr\/#organization\"},\"potentialAction\":[{\"@type\":\"SearchAction\",\"target\":{\"@type\":\"EntryPoint\",\"urlTemplate\":\"https:\/\/www.campingdoller.fr\/?s={search_term_string}\"},\"query-input\":{\"@type\":\"PropertyValueSpecification\",\"valueRequired\":true,\"valueName\":\"search_term_string\"}}],\"inLanguage\":\"de\"},{\"@type\":\"Organization\",\"@id\":\"https:\/\/www.campingdoller.fr\/#organization\",\"name\":\"Camping de la Doller\",\"url\":\"https:\/\/www.campingdoller.fr\/\",\"logo\":{\"@type\":\"ImageObject\",\"inLanguage\":\"de\",\"@id\":\"https:\/\/www.campingdoller.fr\/#\/schema\/logo\/image\/\",\"url\":\"https:\/\/www.campingdoller.fr\/wp-content\/uploads\/2023\/03\/cropped-logo-camping-de-la-doller.png\",\"contentUrl\":\"https:\/\/www.campingdoller.fr\/wp-content\/uploads\/2023\/03\/cropped-logo-camping-de-la-doller.png\",\"width\":512,\"height\":512,\"caption\":\"Camping de la Doller\"},\"image\":{\"@id\":\"https:\/\/www.campingdoller.fr\/#\/schema\/logo\/image\/\"}}]}<\/script>\n<!-- \/ Yoast SEO plugin. -->","yoast_head_json":{"title":"Restaurant im Elsass | Bar, Restaurant in der N\u00e4he von Mulhouse","robots":{"index":"index","follow":"follow","max-snippet":"max-snippet:-1","max-image-preview":"max-image-preview:large","max-video-preview":"max-video-preview:-1"},"canonical":"https:\/\/www.campingdoller.fr\/de\/restaurant-im-guewenheim\/","og_locale":"de_DE","og_type":"article","og_title":"Restaurant im Elsass | Bar, Restaurant in der N\u00e4he von Mulhouse","og_url":"https:\/\/www.campingdoller.fr\/de\/restaurant-im-guewenheim\/","og_site_name":"Camping de la Doller","article_modified_time":"2026-01-12T10:50:07+00:00","og_image":[{"width":1038,"height":777,"url":"https:\/\/www.campingdoller.fr\/wp-content\/uploads\/2025\/12\/19-aout-groupe-bord-piscine-e1765464357694.jpg","type":"image\/jpeg"}],"twitter_card":"summary_large_image","twitter_misc":{"Gesch\u00e4tzte Lesezeit":"2\u00a0Minuten"},"schema":{"@context":"https:\/\/schema.org","@graph":[{"@type":"WebPage","@id":"https:\/\/www.campingdoller.fr\/de\/restaurant-im-guewenheim\/","url":"https:\/\/www.campingdoller.fr\/de\/restaurant-im-guewenheim\/","name":"Restaurant im Elsass | Bar, Restaurant in der N\u00e4he von Mulhouse","isPartOf":{"@id":"https:\/\/www.campingdoller.fr\/#website"},"primaryImageOfPage":{"@id":"https:\/\/www.campingdoller.fr\/de\/restaurant-im-guewenheim\/#primaryimage"},"image":{"@id":"https:\/\/www.campingdoller.fr\/de\/restaurant-im-guewenheim\/#primaryimage"},"thumbnailUrl":"https:\/\/www.campingdoller.fr\/wp-content\/uploads\/2025\/12\/19-aout-groupe-bord-piscine-e1765464357694.jpg","datePublished":"2023-05-03T12:19:55+00:00","dateModified":"2026-01-12T10:50:07+00:00","breadcrumb":{"@id":"https:\/\/www.campingdoller.fr\/de\/restaurant-im-guewenheim\/#breadcrumb"},"inLanguage":"de","potentialAction":[{"@type":"ReadAction","target":["https:\/\/www.campingdoller.fr\/de\/restaurant-im-guewenheim\/"]}]},{"@type":"ImageObject","inLanguage":"de","@id":"https:\/\/www.campingdoller.fr\/de\/restaurant-im-guewenheim\/#primaryimage","url":"https:\/\/www.campingdoller.fr\/wp-content\/uploads\/2025\/12\/19-aout-groupe-bord-piscine-e1765464357694.jpg","contentUrl":"https:\/\/www.campingdoller.fr\/wp-content\/uploads\/2025\/12\/19-aout-groupe-bord-piscine-e1765464357694.jpg","width":1038,"height":777,"caption":"19. August Gruppe am Pool"},{"@type":"BreadcrumbList","@id":"https:\/\/www.campingdoller.fr\/de\/restaurant-im-guewenheim\/#breadcrumb","itemListElement":[{"@type":"ListItem","position":1,"name":"Camping Alsace","item":"https:\/\/www.campingdoller.fr\/de\/"},{"@type":"ListItem","position":2,"name":"Bar im Elsass"}]},{"@type":"WebSite","@id":"https:\/\/www.campingdoller.fr\/#website","url":"https:\/\/www.campingdoller.fr\/","name":"Camping de la Doller","description":"","publisher":{"@id":"https:\/\/www.campingdoller.fr\/#organization"},"potentialAction":[{"@type":"SearchAction","target":{"@type":"EntryPoint","urlTemplate":"https:\/\/www.campingdoller.fr\/?s={search_term_string}"},"query-input":{"@type":"PropertyValueSpecification","valueRequired":true,"valueName":"search_term_string"}}],"inLanguage":"de"},{"@type":"Organization","@id":"https:\/\/www.campingdoller.fr\/#organization","name":"Camping de la Doller","url":"https:\/\/www.campingdoller.fr\/","logo":{"@type":"ImageObject","inLanguage":"de","@id":"https:\/\/www.campingdoller.fr\/#\/schema\/logo\/image\/","url":"https:\/\/www.campingdoller.fr\/wp-content\/uploads\/2023\/03\/cropped-logo-camping-de-la-doller.png","contentUrl":"https:\/\/www.campingdoller.fr\/wp-content\/uploads\/2023\/03\/cropped-logo-camping-de-la-doller.png","width":512,"height":512,"caption":"Camping de la Doller"},"image":{"@id":"https:\/\/www.campingdoller.fr\/#\/schema\/logo\/image\/"}}]}},"_links":{"self":[{"href":"https:\/\/www.campingdoller.fr\/de\/wp-json\/wp\/v2\/pages\/1782","targetHints":{"allow":["GET"]}}],"collection":[{"href":"https:\/\/www.campingdoller.fr\/de\/wp-json\/wp\/v2\/pages"}],"about":[{"href":"https:\/\/www.campingdoller.fr\/de\/wp-json\/wp\/v2\/types\/page"}],"author":[{"embeddable":true,"href":"https:\/\/www.campingdoller.fr\/de\/wp-json\/wp\/v2\/users\/1"}],"replies":[{"embeddable":true,"href":"https:\/\/www.campingdoller.fr\/de\/wp-json\/wp\/v2\/comments?post=1782"}],"version-history":[{"count":7,"href":"https:\/\/www.campingdoller.fr\/de\/wp-json\/wp\/v2\/pages\/1782\/revisions"}],"predecessor-version":[{"id":3139,"href":"https:\/\/www.campingdoller.fr\/de\/wp-json\/wp\/v2\/pages\/1782\/revisions\/3139"}],"wp:featuredmedia":[{"embeddable":true,"href":"https:\/\/www.campingdoller.fr\/de\/wp-json\/wp\/v2\/media\/2923"}],"wp:attachment":[{"href":"https:\/\/www.campingdoller.fr\/de\/wp-json\/wp\/v2\/media?parent=1782"}],"wp:term":[{"taxonomy":"sujet","embeddable":true,"href":"https:\/\/www.campingdoller.fr\/de\/wp-json\/wp\/v2\/sujet?post=1782"}],"curies":[{"name":"wp","href":"https:\/\/api.w.org\/{rel}","templated":true}]}}