{"id":1800,"date":"2023-05-03T14:28:18","date_gmt":"2023-05-03T12:28:18","guid":{"rendered":"https:\/\/www.campingdoller.fr\/camping-animationen-im-elsass\/"},"modified":"2026-01-12T10:28:12","modified_gmt":"2026-01-12T09:28:12","slug":"camping-animationen-im-elsass","status":"publish","type":"page","link":"https:\/\/www.campingdoller.fr\/de\/camping-animationen-im-elsass\/","title":{"rendered":"Unterhaltung und Themenabende"},"content":{"rendered":"<section id=\"ls-section-block_c2fb18602197de3c40f5b3a0b6f2f589\" class=\"ls-section  home-first m-b-0 page-one has-background-image\" >\r\n    <div class=\"ls-section__background-image opacity-100\"><img decoding=\"async\" src=\"https:\/\/www.campingdoller.fr\/wp-content\/uploads\/2023\/04\/fond-bois-camping-de-la-doller.webp\" alt=\"Campingplatz Haut Rhin\"><\/div>    <div class=\"container container--wide\">\r\n        \n\n<h1 class=\"ls__heading wp-block-heading has-text-align-center m-b-5\">Die Top-Animation auf dem Campingplatz im Elsass<\/h1>\n\n\n\n<div class=\"wp-block-columns are-vertically-aligned-center is-layout-flex wp-container-core-columns-is-layout-9d6595d7 wp-block-columns-is-layout-flex\">\n<div class=\"wp-block-column is-vertically-aligned-center is-layout-flow wp-block-column-is-layout-flow\" style=\"flex-basis:66.66%\">\n<figure class=\"wp-block-image size-full animated fadeInLeft slow\"><a href=\"https:\/\/www.campingdoller.fr\/wp-content\/uploads\/2025\/12\/9-mai-drole.jpg\"><img decoding=\"async\" width=\"1039\" height=\"779\" src=\"https:\/\/www.campingdoller.fr\/wp-content\/uploads\/2025\/12\/9-mai-drole.jpg\" alt=\"9. Mai lustig\" class=\"wp-image-2895\" srcset=\"https:\/\/www.campingdoller.fr\/wp-content\/uploads\/2025\/12\/9-mai-drole.jpg 1039w, https:\/\/www.campingdoller.fr\/wp-content\/uploads\/2025\/12\/9-mai-drole-300x225.jpg 300w, https:\/\/www.campingdoller.fr\/wp-content\/uploads\/2025\/12\/9-mai-drole-1024x768.jpg 1024w, https:\/\/www.campingdoller.fr\/wp-content\/uploads\/2025\/12\/9-mai-drole-768x576.jpg 768w\" sizes=\"(max-width: 1039px) 100vw, 1039px\" \/><\/a><\/figure>\n<\/div>\n\n\n\n<div class=\"wp-block-column is-vertically-aligned-center is-layout-flow wp-block-column-is-layout-flow\" style=\"flex-basis:33.33%\">\n<h2 class=\"ls__heading wp-block-heading\">Der Spielplatz f\u00fcr Ihre Kinder in der N\u00e4he von Colmar<\/h2>\n\n\n\n<p class=\"ls-paragraph\">Fahren Sie mit Ihren kleinen W\u00f6lfen in den Familienurlaub? Wir haben alles geplant! Auf dem <a href=\"https:\/\/www.campingdoller.fr\/de\/\">Campingplatz La Doller<\/a> erwartet Sie ein <strong>Spielplatz mit Rutschen und Schaukeln<\/strong> f\u00fcr Kinder, der speziell daf\u00fcr konzipiert wurde, ihnen w\u00e4hrend Ihres Aufenthalts im Elsass Spa\u00df zu bereiten. K\u00fcrzlich renoviert, ist es f\u00fcr Kinder zwischen 2 und 12 Jahren geeignet.<\/p>\n\n\n\n<p class=\"ls-paragraph\">Ein <strong>Kinderclub<\/strong>, der vom 8. Juli bis zum 19. August mittwochs ge\u00f6ffnet ist, steht ebenfalls auf dem Programm. Kinder von 6 bis 12 Jahren k\u00f6nnen zahlreiche <strong>Freizeitaktivit\u00e4ten <\/strong>genie\u00dfen, darunter Bastelworkshops, handwerkliche Aktivit\u00e4ten, Kochen, Gruppenspiele und vieles mehr.<\/p>\n<\/div>\n<\/div>\n\n\n\n<figure class=\"wp-block-image size-full illustration-oiseau\"><img decoding=\"async\" width=\"800\" height=\"650\" src=\"https:\/\/www.campingdoller.fr\/wp-content\/uploads\/2023\/03\/oiseau-camping-de-la-doller.webp\" alt=\"Bird Camping de la Doller\" class=\"wp-image-348\" srcset=\"https:\/\/www.campingdoller.fr\/wp-content\/uploads\/2023\/03\/oiseau-camping-de-la-doller.webp 800w, https:\/\/www.campingdoller.fr\/wp-content\/uploads\/2023\/03\/oiseau-camping-de-la-doller-300x244.webp 300w, https:\/\/www.campingdoller.fr\/wp-content\/uploads\/2023\/03\/oiseau-camping-de-la-doller-768x624.webp 768w\" sizes=\"(max-width: 800px) 100vw, 800px\" \/><\/figure>\n\n\r\n    <\/div>\r\n<\/section><section id=\"ls-section-block_b2b9c972d85f676336160a8c638f6e6b\" class=\"ls-section  home-third page-two m-b-0 has-background-image\" >\r\n    <div class=\"ls-section__background-image opacity-100\"><img decoding=\"async\" src=\"https:\/\/www.campingdoller.fr\/wp-content\/uploads\/2023\/04\/fond-bois-camping-de-la-doller.webp\" alt=\"Campingplatz Haut Rhin\"><\/div>    <div class=\"container container--wide\">\r\n        \n\n<div class=\"wp-block-columns are-vertically-aligned-center is-layout-flex wp-container-core-columns-is-layout-9d6595d7 wp-block-columns-is-layout-flex\">\n<div class=\"wp-block-column is-vertically-aligned-center is-layout-flow wp-block-column-is-layout-flow\" style=\"flex-basis:40%\">\n<h2 class=\"ls__heading wp-block-heading\">Ihre sportlichen Aktivit\u00e4ten auf den Sportpl\u00e4tzen im Elsass<\/h2>\n\n\n\n<p class=\"ls-paragraph\">Wenn Sie sportliche Aktivit\u00e4ten lieben, kommen Sie auf dem Campingplatz \u201eCamping de la Doller\u201c in der N\u00e4he von Colmar voll auf Ihre Kosten!<\/p>\n\n\n\n<p class=\"ls-paragraph\">Wir haben <strong>mehrere Sportpl\u00e4tze<\/strong> vor Ort, auf denen Sie sich austoben und Spa\u00df haben k\u00f6nnen. Neben dem Campingplatz stehen Ihnen ein Volleyballplatz, ein Petanque-Platz und sogar Tennispl\u00e4tze zur Verf\u00fcgung. Planen Sie einen kleinen Aufpreis ein, <strong>um die Tennispl\u00e4tze nutzen zu k\u00f6nnen<\/strong>!<\/p>\n\n\n\n<p class=\"ls-paragraph\">Auf unserem 3-Sterne-Campingplatz haben sportliche Aktivit\u00e4ten ihren Platz und Sie m\u00fcssen sich nicht einmal bewegen.<\/p>\n<\/div>\n\n\n\n<div class=\"wp-block-column is-vertically-aligned-center is-layout-flow wp-block-column-is-layout-flow\" style=\"flex-basis:60%\">\n<figure class=\"wp-block-gallery has-nested-images columns-1 is-cropped wp-block-gallery-1 is-layout-flex wp-block-gallery-is-layout-flex\">\n<figure class=\"wp-block-image size-full animated fadeInRight slow\"><a href=\"https:\/\/www.campingdoller.fr\/wp-content\/uploads\/2023\/04\/court-de-tennis-camping-la-doller-a-colmar.jpg\"><img decoding=\"async\" width=\"857\" height=\"536\" data-id=\"810\" src=\"https:\/\/www.campingdoller.fr\/wp-content\/uploads\/2023\/04\/court-de-tennis-camping-la-doller-a-colmar.jpg\" alt=\"Tennisplatz auf dem Campingplatz\" class=\"wp-image-810\" srcset=\"https:\/\/www.campingdoller.fr\/wp-content\/uploads\/2023\/04\/court-de-tennis-camping-la-doller-a-colmar.jpg 857w, https:\/\/www.campingdoller.fr\/wp-content\/uploads\/2023\/04\/court-de-tennis-camping-la-doller-a-colmar-300x188.jpg 300w, https:\/\/www.campingdoller.fr\/wp-content\/uploads\/2023\/04\/court-de-tennis-camping-la-doller-a-colmar-768x480.jpg 768w\" sizes=\"(max-width: 857px) 100vw, 857px\" \/><\/a><\/figure>\n\n\n\n<figure class=\"wp-block-image size-full animated fadeInRight slow delay-200ms\"><a href=\"https:\/\/www.campingdoller.fr\/wp-content\/uploads\/2023\/04\/activites-sportives-camping-colmar-alsace.jpg\"><img decoding=\"async\" width=\"900\" height=\"437\" data-id=\"2228\" src=\"https:\/\/www.campingdoller.fr\/wp-content\/uploads\/2023\/04\/activites-sportives-camping-colmar-alsace.jpg\" alt=\"Sportaktivit&#xE4;ten Campingplatz Colmar Elsass\" class=\"wp-image-2228\" srcset=\"https:\/\/www.campingdoller.fr\/wp-content\/uploads\/2023\/04\/activites-sportives-camping-colmar-alsace.jpg 900w, https:\/\/www.campingdoller.fr\/wp-content\/uploads\/2023\/04\/activites-sportives-camping-colmar-alsace-300x146.jpg 300w, https:\/\/www.campingdoller.fr\/wp-content\/uploads\/2023\/04\/activites-sportives-camping-colmar-alsace-768x373.jpg 768w\" sizes=\"(max-width: 900px) 100vw, 900px\" \/><\/a><\/figure>\n<\/figure>\n<\/div>\n<\/div>\n\n\r\n    <\/div>\r\n<\/section><section id=\"ls-section-block_98e4ae17b5cc3ad3689733b92fae1144\" class=\"ls-section  page-three m-b-0 m-t-0 has-background-image has-parallax\" >\r\n    <div class=\"ls-section__background-image opacity-100\"><img decoding=\"async\" src=\"https:\/\/www.campingdoller.fr\/wp-content\/uploads\/2025\/12\/22-aout-daniele-e1765464080761.jpg\" alt=\"22. August daniele\"><\/div>    <div class=\"container container--full\">\r\n        \r\n    <\/div>\r\n<\/section><section id=\"ls-section-block_5d775d895157710050225cab6e153644\" class=\"ls-section  home-fifth m-t-0 doller-tente m-b-0 page-fourth has-background has-color-1-background-color has-text-color has-color-white-color\" >\r\n        <div class=\"container \">\r\n        \n\n<h2 class=\"ls__heading wp-block-heading has-text-align-center has-color-white-color has-text-color\"><strong>Ihre lebhaften Abende auf dem Campingplatz in der N\u00e4he von Colmar<\/strong><\/h2>\n\n\n\n<p class=\"ls-paragraph has-text-align-center\">Auf der Suche nach einem Campingplatz mit Abendunterhaltung? Dann sind Sie hier genau richtig! W\u00e4hrend der gesamten Saison organisieren wir <strong>Themenabende<\/strong> , damit Sie wunderbare n\u00e4chtliche Momente erleben k\u00f6nnen. F\u00fcr Spieleliebhaber organisieren wir <strong>Spieleabende mit Gesellschaftsspielen und\/oder Kartenspielen<\/strong>. Die Abendveranstaltungen sind f\u00fcr alle zug\u00e4nglich, Kinder, Erwachsene und Familien.<\/p>\n\n\n\n<p class=\"ls-paragraph has-text-align-center\">Musikliebhaber k\u00f6nnen jeden Freitagabend im Juli\/August auf unserem els\u00e4ssischen Campingplatz<strong> Konzerte besuchen<\/strong>, und die Spielfreudigen k\u00f6nnen sich von den <strong>Lottoabenden<\/strong> verf\u00fchren lassen und Preise gewinnen! L\u2019esprit est \u00e0 la f\u00eate au Camping de la Doller, m\u00eame le soir !<\/p>\n\n\r\n    <\/div>\r\n<\/section><section id=\"ls-section-block_8afb01538d6413fdc32a9e52014824bd\" class=\"ls-section  page-five m-t-0 m-b-0\" >\r\n        <div class=\"container container--wide\">\r\n        \n\n<div id=\"ls-heading ls-titre-div-block_2a86312708a4e8a2f9b13e506b1b0aa1\" class=\"ls-titre-div aligncenter h2-like\" >\n    <strong>Entdecken Sie unsere Dienstleistungen, unser Restaurant und unser Schwimmbad<\/strong><\/div>\n\n\n<div id=\"ls-maillage-block_b7b4d5f9889844b737cf08b20a8ca249\" class=\"ls-maillage cta-style-normal\" data-rows=\"3\">\r\n    <div class=\"wp-block-columns\"><div class=\"wp-block-column\"><div class=\"ls-cta\">\n\n<a href=\"https:\/\/www.campingdoller.fr\/de\/camping-familiar-colmar\/\" target=\"\" rel=\"noopener\" class=\"ls-cta__link\">\n\n\t<div class=\"ls-cta__image\"><img decoding=\"async\" src=\"https:\/\/www.campingdoller.fr\/wp-content\/uploads\/2024\/02\/bandeau-service-cta.jpg\" alt=\"Banner Service CTA\"><\/div>\n\t<div class=\"ls-cta__title\">\n\t\tDienste\t<\/div>\n\n\t\n<\/a><\/div><\/div><div class=\"wp-block-column\"><div class=\"ls-cta\">\n\n<a href=\"https:\/\/www.campingdoller.fr\/de\/camping-swimmingpool-elsass\/\" target=\"\" rel=\"noopener\" class=\"ls-cta__link\">\n\n\t<div class=\"ls-cta__image\"><img decoding=\"async\" src=\"https:\/\/www.campingdoller.fr\/wp-content\/uploads\/2025\/12\/Piscine-1-768x512.jpg\" alt=\"Schwimmbad\"><\/div>\n\t<div class=\"ls-cta__title\">\n\t\tDas Schwimmbad\t<\/div>\n\n\t\n<\/a><\/div><\/div><div class=\"wp-block-column\"><div class=\"ls-cta\">\n\n<a href=\"https:\/\/www.campingdoller.fr\/de\/restaurant-im-guewenheim\/\" target=\"\" rel=\"noopener\" class=\"ls-cta__link\">\n\n\t<div class=\"ls-cta__image\"><img decoding=\"async\" src=\"https:\/\/www.campingdoller.fr\/wp-content\/uploads\/2025\/12\/Soiree-1-768x512.jpg\" alt=\"Abendveranstaltung\"><\/div>\n\t<div class=\"ls-cta__title\">\n\t\tBar, Eis &amp; Restaurant\t<\/div>\n\n\t\n<\/a><\/div><\/div><\/div><\/div>\n\r\n    <\/div>\r\n<\/section>","protected":false},"excerpt":{"rendered":"","protected":false},"author":1,"featured_media":2893,"parent":0,"menu_order":0,"comment_status":"closed","ping_status":"closed","template":"","meta":{"_acf_changed":false,"footnotes":""},"sujet":[],"class_list":["post-1800","page","type-page","status-publish","has-post-thumbnail","hentry"],"acf":[],"yoast_head":"<!-- This site is optimized with the Yoast SEO plugin v25.3 - https:\/\/yoast.com\/wordpress\/plugins\/seo\/ -->\n<title>Camping-Animationen im Elsass | Spielplatz in der N\u00e4he von Colmar<\/title>\n<meta name=\"robots\" content=\"index, follow, max-snippet:-1, max-image-preview:large, max-video-preview:-1\" \/>\n<link rel=\"canonical\" href=\"https:\/\/www.campingdoller.fr\/de\/camping-animationen-im-elsass\/\" \/>\n<meta property=\"og:locale\" content=\"de_DE\" \/>\n<meta property=\"og:type\" content=\"article\" \/>\n<meta property=\"og:title\" content=\"Camping-Animationen im Elsass | Spielplatz in der N\u00e4he von Colmar\" \/>\n<meta property=\"og:url\" content=\"https:\/\/www.campingdoller.fr\/de\/camping-animationen-im-elsass\/\" \/>\n<meta property=\"og:site_name\" content=\"Camping de la Doller\" \/>\n<meta property=\"article:modified_time\" content=\"2026-01-12T09:28:12+00:00\" \/>\n<meta property=\"og:image\" content=\"https:\/\/www.campingdoller.fr\/wp-content\/uploads\/2025\/12\/Bandeau-7-aout-groupe-en-montee.jpg\" \/>\n\t<meta property=\"og:image:width\" content=\"1165\" \/>\n\t<meta property=\"og:image:height\" content=\"781\" \/>\n\t<meta property=\"og:image:type\" content=\"image\/jpeg\" \/>\n<meta name=\"twitter:card\" content=\"summary_large_image\" \/>\n<meta name=\"twitter:label1\" content=\"Gesch\u00e4tzte Lesezeit\" \/>\n\t<meta name=\"twitter:data1\" content=\"3\u00a0Minuten\" \/>\n<script type=\"application\/ld+json\" class=\"yoast-schema-graph\">{\"@context\":\"https:\/\/schema.org\",\"@graph\":[{\"@type\":\"WebPage\",\"@id\":\"https:\/\/www.campingdoller.fr\/de\/camping-animationen-im-elsass\/\",\"url\":\"https:\/\/www.campingdoller.fr\/de\/camping-animationen-im-elsass\/\",\"name\":\"Camping-Animationen im Elsass | Spielplatz in der N\u00e4he von Colmar\",\"isPartOf\":{\"@id\":\"https:\/\/www.campingdoller.fr\/#website\"},\"primaryImageOfPage\":{\"@id\":\"https:\/\/www.campingdoller.fr\/de\/camping-animationen-im-elsass\/#primaryimage\"},\"image\":{\"@id\":\"https:\/\/www.campingdoller.fr\/de\/camping-animationen-im-elsass\/#primaryimage\"},\"thumbnailUrl\":\"https:\/\/www.campingdoller.fr\/wp-content\/uploads\/2025\/12\/Bandeau-7-aout-groupe-en-montee.jpg\",\"datePublished\":\"2023-05-03T12:28:18+00:00\",\"dateModified\":\"2026-01-12T09:28:12+00:00\",\"breadcrumb\":{\"@id\":\"https:\/\/www.campingdoller.fr\/de\/camping-animationen-im-elsass\/#breadcrumb\"},\"inLanguage\":\"de\",\"potentialAction\":[{\"@type\":\"ReadAction\",\"target\":[\"https:\/\/www.campingdoller.fr\/de\/camping-animationen-im-elsass\/\"]}]},{\"@type\":\"ImageObject\",\"inLanguage\":\"de\",\"@id\":\"https:\/\/www.campingdoller.fr\/de\/camping-animationen-im-elsass\/#primaryimage\",\"url\":\"https:\/\/www.campingdoller.fr\/wp-content\/uploads\/2025\/12\/Bandeau-7-aout-groupe-en-montee.jpg\",\"contentUrl\":\"https:\/\/www.campingdoller.fr\/wp-content\/uploads\/2025\/12\/Bandeau-7-aout-groupe-en-montee.jpg\",\"width\":1165,\"height\":781,\"caption\":\"Stirnband 7. August Gruppe beim Aufstieg\"},{\"@type\":\"BreadcrumbList\",\"@id\":\"https:\/\/www.campingdoller.fr\/de\/camping-animationen-im-elsass\/#breadcrumb\",\"itemListElement\":[{\"@type\":\"ListItem\",\"position\":1,\"name\":\"Camping Alsace\",\"item\":\"https:\/\/www.campingdoller.fr\/de\/\"},{\"@type\":\"ListItem\",\"position\":2,\"name\":\"Spielplatz in der N\u00e4he von Colmar\"}]},{\"@type\":\"WebSite\",\"@id\":\"https:\/\/www.campingdoller.fr\/#website\",\"url\":\"https:\/\/www.campingdoller.fr\/\",\"name\":\"Camping de la Doller\",\"description\":\"\",\"publisher\":{\"@id\":\"https:\/\/www.campingdoller.fr\/#organization\"},\"potentialAction\":[{\"@type\":\"SearchAction\",\"target\":{\"@type\":\"EntryPoint\",\"urlTemplate\":\"https:\/\/www.campingdoller.fr\/?s={search_term_string}\"},\"query-input\":{\"@type\":\"PropertyValueSpecification\",\"valueRequired\":true,\"valueName\":\"search_term_string\"}}],\"inLanguage\":\"de\"},{\"@type\":\"Organization\",\"@id\":\"https:\/\/www.campingdoller.fr\/#organization\",\"name\":\"Camping de la Doller\",\"url\":\"https:\/\/www.campingdoller.fr\/\",\"logo\":{\"@type\":\"ImageObject\",\"inLanguage\":\"de\",\"@id\":\"https:\/\/www.campingdoller.fr\/#\/schema\/logo\/image\/\",\"url\":\"https:\/\/www.campingdoller.fr\/wp-content\/uploads\/2023\/03\/cropped-logo-camping-de-la-doller.png\",\"contentUrl\":\"https:\/\/www.campingdoller.fr\/wp-content\/uploads\/2023\/03\/cropped-logo-camping-de-la-doller.png\",\"width\":512,\"height\":512,\"caption\":\"Camping de la Doller\"},\"image\":{\"@id\":\"https:\/\/www.campingdoller.fr\/#\/schema\/logo\/image\/\"}}]}<\/script>\n<!-- \/ Yoast SEO plugin. -->","yoast_head_json":{"title":"Camping-Animationen im Elsass | Spielplatz in der N\u00e4he von Colmar","robots":{"index":"index","follow":"follow","max-snippet":"max-snippet:-1","max-image-preview":"max-image-preview:large","max-video-preview":"max-video-preview:-1"},"canonical":"https:\/\/www.campingdoller.fr\/de\/camping-animationen-im-elsass\/","og_locale":"de_DE","og_type":"article","og_title":"Camping-Animationen im Elsass | Spielplatz in der N\u00e4he von Colmar","og_url":"https:\/\/www.campingdoller.fr\/de\/camping-animationen-im-elsass\/","og_site_name":"Camping de la Doller","article_modified_time":"2026-01-12T09:28:12+00:00","og_image":[{"width":1165,"height":781,"url":"https:\/\/www.campingdoller.fr\/wp-content\/uploads\/2025\/12\/Bandeau-7-aout-groupe-en-montee.jpg","type":"image\/jpeg"}],"twitter_card":"summary_large_image","twitter_misc":{"Gesch\u00e4tzte Lesezeit":"3\u00a0Minuten"},"schema":{"@context":"https:\/\/schema.org","@graph":[{"@type":"WebPage","@id":"https:\/\/www.campingdoller.fr\/de\/camping-animationen-im-elsass\/","url":"https:\/\/www.campingdoller.fr\/de\/camping-animationen-im-elsass\/","name":"Camping-Animationen im Elsass | Spielplatz in der N\u00e4he von Colmar","isPartOf":{"@id":"https:\/\/www.campingdoller.fr\/#website"},"primaryImageOfPage":{"@id":"https:\/\/www.campingdoller.fr\/de\/camping-animationen-im-elsass\/#primaryimage"},"image":{"@id":"https:\/\/www.campingdoller.fr\/de\/camping-animationen-im-elsass\/#primaryimage"},"thumbnailUrl":"https:\/\/www.campingdoller.fr\/wp-content\/uploads\/2025\/12\/Bandeau-7-aout-groupe-en-montee.jpg","datePublished":"2023-05-03T12:28:18+00:00","dateModified":"2026-01-12T09:28:12+00:00","breadcrumb":{"@id":"https:\/\/www.campingdoller.fr\/de\/camping-animationen-im-elsass\/#breadcrumb"},"inLanguage":"de","potentialAction":[{"@type":"ReadAction","target":["https:\/\/www.campingdoller.fr\/de\/camping-animationen-im-elsass\/"]}]},{"@type":"ImageObject","inLanguage":"de","@id":"https:\/\/www.campingdoller.fr\/de\/camping-animationen-im-elsass\/#primaryimage","url":"https:\/\/www.campingdoller.fr\/wp-content\/uploads\/2025\/12\/Bandeau-7-aout-groupe-en-montee.jpg","contentUrl":"https:\/\/www.campingdoller.fr\/wp-content\/uploads\/2025\/12\/Bandeau-7-aout-groupe-en-montee.jpg","width":1165,"height":781,"caption":"Stirnband 7. August Gruppe beim Aufstieg"},{"@type":"BreadcrumbList","@id":"https:\/\/www.campingdoller.fr\/de\/camping-animationen-im-elsass\/#breadcrumb","itemListElement":[{"@type":"ListItem","position":1,"name":"Camping Alsace","item":"https:\/\/www.campingdoller.fr\/de\/"},{"@type":"ListItem","position":2,"name":"Spielplatz in der N\u00e4he von Colmar"}]},{"@type":"WebSite","@id":"https:\/\/www.campingdoller.fr\/#website","url":"https:\/\/www.campingdoller.fr\/","name":"Camping de la Doller","description":"","publisher":{"@id":"https:\/\/www.campingdoller.fr\/#organization"},"potentialAction":[{"@type":"SearchAction","target":{"@type":"EntryPoint","urlTemplate":"https:\/\/www.campingdoller.fr\/?s={search_term_string}"},"query-input":{"@type":"PropertyValueSpecification","valueRequired":true,"valueName":"search_term_string"}}],"inLanguage":"de"},{"@type":"Organization","@id":"https:\/\/www.campingdoller.fr\/#organization","name":"Camping de la Doller","url":"https:\/\/www.campingdoller.fr\/","logo":{"@type":"ImageObject","inLanguage":"de","@id":"https:\/\/www.campingdoller.fr\/#\/schema\/logo\/image\/","url":"https:\/\/www.campingdoller.fr\/wp-content\/uploads\/2023\/03\/cropped-logo-camping-de-la-doller.png","contentUrl":"https:\/\/www.campingdoller.fr\/wp-content\/uploads\/2023\/03\/cropped-logo-camping-de-la-doller.png","width":512,"height":512,"caption":"Camping de la Doller"},"image":{"@id":"https:\/\/www.campingdoller.fr\/#\/schema\/logo\/image\/"}}]}},"_links":{"self":[{"href":"https:\/\/www.campingdoller.fr\/de\/wp-json\/wp\/v2\/pages\/1800","targetHints":{"allow":["GET"]}}],"collection":[{"href":"https:\/\/www.campingdoller.fr\/de\/wp-json\/wp\/v2\/pages"}],"about":[{"href":"https:\/\/www.campingdoller.fr\/de\/wp-json\/wp\/v2\/types\/page"}],"author":[{"embeddable":true,"href":"https:\/\/www.campingdoller.fr\/de\/wp-json\/wp\/v2\/users\/1"}],"replies":[{"embeddable":true,"href":"https:\/\/www.campingdoller.fr\/de\/wp-json\/wp\/v2\/comments?post=1800"}],"version-history":[{"count":7,"href":"https:\/\/www.campingdoller.fr\/de\/wp-json\/wp\/v2\/pages\/1800\/revisions"}],"predecessor-version":[{"id":3138,"href":"https:\/\/www.campingdoller.fr\/de\/wp-json\/wp\/v2\/pages\/1800\/revisions\/3138"}],"wp:featuredmedia":[{"embeddable":true,"href":"https:\/\/www.campingdoller.fr\/de\/wp-json\/wp\/v2\/media\/2893"}],"wp:attachment":[{"href":"https:\/\/www.campingdoller.fr\/de\/wp-json\/wp\/v2\/media?parent=1800"}],"wp:term":[{"taxonomy":"sujet","embeddable":true,"href":"https:\/\/www.campingdoller.fr\/de\/wp-json\/wp\/v2\/sujet?post=1800"}],"curies":[{"name":"wp","href":"https:\/\/api.w.org\/{rel}","templated":true}]}}