{"id":1722,"date":"2023-05-03T14:01:01","date_gmt":"2023-05-03T12:01:01","guid":{"rendered":"https:\/\/www.campingdoller.fr\/tourism-alsace\/"},"modified":"2025-12-16T17:03:44","modified_gmt":"2025-12-16T16:03:44","slug":"tourism-alsace","status":"publish","type":"page","link":"https:\/\/www.campingdoller.fr\/en\/tourism-alsace\/","title":{"rendered":"Visits around"},"content":{"rendered":"<section id=\"ls-section-block_1f9b8d99afdd5d2fb19247fac4399b54\" class=\"ls-section  home-first m-b-0 page-one has-background-image\" >\r\n    <div class=\"ls-section__background-image opacity-100\"><img decoding=\"async\" src=\"https:\/\/www.campingdoller.fr\/wp-content\/uploads\/2023\/04\/fond-bois-camping-de-la-doller.webp\" alt=\"Campsite Haut Rhin\"><\/div>    <div class=\"container container--wide\">\r\n        \n\n<h1 class=\"ls__heading wp-block-heading has-text-align-center m-b-5\">Alsace: the must-see places to discover<\/h1>\n\n\n\n<div class=\"wp-block-columns are-vertically-aligned-center is-layout-flex wp-container-core-columns-is-layout-9d6595d7 wp-block-columns-is-layout-flex\">\n<div class=\"wp-block-column is-vertically-aligned-center is-layout-flow wp-block-column-is-layout-flow\" style=\"flex-basis:66.66%\">\n<figure class=\"wp-block-image size-full animated fadeInLeft slow\"><a href=\"https:\/\/www.campingdoller.fr\/wp-content\/uploads\/2023\/04\/visiter-colmar-depuis-camping-la-doller.jpg\"><img decoding=\"async\" width=\"857\" height=\"536\" src=\"https:\/\/www.campingdoller.fr\/wp-content\/uploads\/2023\/04\/visiter-colmar-depuis-camping-la-doller.jpg\" alt=\"Visit Colmar and Strasbourg\" class=\"wp-image-1054\" srcset=\"https:\/\/www.campingdoller.fr\/wp-content\/uploads\/2023\/04\/visiter-colmar-depuis-camping-la-doller.jpg 857w, https:\/\/www.campingdoller.fr\/wp-content\/uploads\/2023\/04\/visiter-colmar-depuis-camping-la-doller-300x188.jpg 300w, https:\/\/www.campingdoller.fr\/wp-content\/uploads\/2023\/04\/visiter-colmar-depuis-camping-la-doller-768x480.jpg 768w\" sizes=\"(max-width: 857px) 100vw, 857px\" \/><\/a><\/figure>\n<\/div>\n\n\n\n<div class=\"wp-block-column is-vertically-aligned-center is-layout-flow wp-block-column-is-layout-flow\" style=\"flex-basis:33.33%\">\n<h2 class=\"ls__heading wp-block-heading\">The most beautiful cities to visit<\/h2>\n\n\n\n<p class=\"ls-paragraph\">We can&#8217;t tell you about the most beautiful cities to visit during your stay without mentioning <a href=\"https:\/\/www.visitstrasbourg.fr\/\" target=\"_blank\" rel=\"noreferrer noopener\">Strasbourg<\/a>. The largest Alsatian city, its <strong>atypical architecture<\/strong> and parks to visit will delight holidaymakers.<\/p>\n\n\n\n<p class=\"ls-paragraph\">Similarly, it is impossible to stay with us without visiting <a href=\"https:\/\/tourisme-colmar.com\/fr\/\" target=\"_blank\" rel=\"noreferrer noopener\">Colmar<\/a> ! This small town, nicknamed &#8221; <strong>Little Venice&#8221;<\/strong> is known as one of the most beautiful in France. Also discover <strong>Riquewihr<\/strong>, <strong>Ribeauvill\u00e9<\/strong>, <strong>Eguisheim<\/strong> or <strong>Kaysersberg<\/strong>, near our <a href=\"https:\/\/www.campingdoller.fr\/en\/\">campsite in Alsace<\/a> !<\/p>\n<\/div>\n<\/div>\n\n\n\n<figure class=\"wp-block-image size-full illustration-oiseau\"><img decoding=\"async\" width=\"800\" height=\"650\" src=\"https:\/\/www.campingdoller.fr\/wp-content\/uploads\/2023\/03\/oiseau-camping-de-la-doller.webp\" alt=\"Bird Camping de la Doller\" class=\"wp-image-348\" srcset=\"https:\/\/www.campingdoller.fr\/wp-content\/uploads\/2023\/03\/oiseau-camping-de-la-doller.webp 800w, https:\/\/www.campingdoller.fr\/wp-content\/uploads\/2023\/03\/oiseau-camping-de-la-doller-300x244.webp 300w, https:\/\/www.campingdoller.fr\/wp-content\/uploads\/2023\/03\/oiseau-camping-de-la-doller-768x624.webp 768w\" sizes=\"(max-width: 800px) 100vw, 800px\" \/><\/figure>\n\n\r\n    <\/div>\r\n<\/section><section id=\"ls-section-block_b38e3cc8ada766b23ee6c67d5320c608\" class=\"ls-section  home-third page-two m-b-0 has-background-image\" >\r\n    <div class=\"ls-section__background-image opacity-100\"><img decoding=\"async\" src=\"https:\/\/www.campingdoller.fr\/wp-content\/uploads\/2023\/04\/fond-bois-camping-de-la-doller.webp\" alt=\"Campsite Haut Rhin\"><\/div>    <div class=\"container container--wide\">\r\n        \n\n<div class=\"wp-block-columns are-vertically-aligned-center is-layout-flex wp-container-core-columns-is-layout-9d6595d7 wp-block-columns-is-layout-flex\">\n<div class=\"wp-block-column is-vertically-aligned-center is-layout-flow wp-block-column-is-layout-flow\" style=\"flex-basis:40%\">\n<h2 class=\"ls__heading wp-block-heading\">Your cultural visits in Alsace<\/h2>\n\n\n\n<p class=\"ls-paragraph\">Do you like museums and <strong>cultural visits<\/strong> ? Know that the city of <a href=\"https:\/\/www.tourisme-mulhouse.com\/\">Mulhouse<\/a> is full of them! Cit\u00e9 de l&#8217;Automobile, Mus\u00e9e Electropolis, Cit\u00e9 du Train&#8230; There&#8217;s something for everyone!<\/p>\n\n\n\n<p class=\"ls-paragraph\">In Ungersheim, you can also visit the Ecomuseum, an open-air museum in the form of a <strong>lively Alsatian village<\/strong>. Finally, Wesserling Park is perfect for park lovers! Its museum traces the history of the site and the textile trades.<\/p>\n\n\n\n<h2 class=\"ls__heading wp-block-heading\">The best family visits<\/h2>\n\n\n\n<p class=\"ls-paragraph\">Are you planning to go on a family holiday with the children? Know that you can go to <a href=\"https:\/\/www.europapark.de\/fr\" target=\"_blank\" rel=\"noreferrer noopener\">Europa Park<\/a>, located just 1 hour from our campsite. A treasure trove for anyone who loves <strong>fun and thrills<\/strong>! This amusement park is for everyone, with something for young and old alike to enjoy!<br\/>Also discover the <strong>Little Prince Park<\/strong> and <strong>Cigoland<\/strong>. The Monkey Mountain and the Eagle Flight will also enchant you.<\/p>\n<\/div>\n\n\n\n<div class=\"wp-block-column is-vertically-aligned-center is-layout-flow wp-block-column-is-layout-flow\" style=\"flex-basis:60%\">\n<figure class=\"wp-block-gallery has-nested-images columns-1 is-cropped wp-block-gallery-1 is-layout-flex wp-block-gallery-is-layout-flex\">\n<figure class=\"wp-block-image size-full animated fadeInRight slow\"><a href=\"https:\/\/www.campingdoller.fr\/wp-content\/uploads\/2023\/04\/cite-de-lautomobile-mulhouse.jpg\"><img decoding=\"async\" width=\"857\" height=\"536\" data-id=\"1066\" src=\"https:\/\/www.campingdoller.fr\/wp-content\/uploads\/2023\/04\/cite-de-lautomobile-mulhouse.jpg\" alt=\"Cite de l'automobile Mulhouse\" class=\"wp-image-1066\" srcset=\"https:\/\/www.campingdoller.fr\/wp-content\/uploads\/2023\/04\/cite-de-lautomobile-mulhouse.jpg 857w, https:\/\/www.campingdoller.fr\/wp-content\/uploads\/2023\/04\/cite-de-lautomobile-mulhouse-300x188.jpg 300w, https:\/\/www.campingdoller.fr\/wp-content\/uploads\/2023\/04\/cite-de-lautomobile-mulhouse-768x480.jpg 768w\" sizes=\"(max-width: 857px) 100vw, 857px\" \/><\/a><\/figure>\n\n\n\n<figure class=\"wp-block-image size-full animated fadeInRight slow delay-200ms\"><a href=\"https:\/\/www.campingdoller.fr\/wp-content\/uploads\/2025\/12\/Europa-Park.jpg\"><img decoding=\"async\" width=\"1000\" height=\"563\" data-id=\"2983\" src=\"https:\/\/www.campingdoller.fr\/wp-content\/uploads\/2025\/12\/Europa-Park.jpg\" alt=\"Europa Park\" class=\"wp-image-2983\" srcset=\"https:\/\/www.campingdoller.fr\/wp-content\/uploads\/2025\/12\/Europa-Park.jpg 1000w, https:\/\/www.campingdoller.fr\/wp-content\/uploads\/2025\/12\/Europa-Park-300x169.jpg 300w, https:\/\/www.campingdoller.fr\/wp-content\/uploads\/2025\/12\/Europa-Park-768x432.jpg 768w\" sizes=\"(max-width: 1000px) 100vw, 1000px\" \/><\/a><\/figure>\n<\/figure>\n<\/div>\n<\/div>\n\n\r\n    <\/div>\r\n<\/section><section id=\"ls-section-block_651e76698cb1f0dff115725940669b02\" class=\"ls-section  page-three m-b-0 m-t-0 has-background-image has-parallax\" >\r\n    <div class=\"ls-section__background-image opacity-100\"><img decoding=\"async\" src=\"https:\/\/www.campingdoller.fr\/wp-content\/uploads\/2023\/05\/deguster-le-vin-alsacien-route-des-vins-1.webp\" alt=\"taste Alsatian wine on the wine route\"><\/div>    <div class=\"container container--full\">\r\n        \r\n    <\/div>\r\n<\/section><section id=\"ls-section-block_203a3f8fbc9c500b38f7f1a1c805205e\" class=\"ls-section  home-fifth m-t-0 doller-tente m-b-0 page-fourth has-background has-color-1-background-color has-text-color has-color-white-color\" >\r\n        <div class=\"container \">\r\n        \n\n<h2 class=\"ls__heading wp-block-heading has-text-align-center has-color-white-color has-text-color\"><strong>The Alsatian vineyards<\/strong><\/h2>\n\n\n\n<p class=\"ls-paragraph has-text-align-center\">If you are with your family with older children, <a href=\"https:\/\/www.routedesvins.alsace\/\" target=\"_blank\" rel=\"noreferrer noopener\">\n  <mark style=\"background-color:rgba(0, 0, 0, 0)\" class=\"has-inline-color has-color-2-color\">the wine route<\/mark>\n<\/a> is absolutely unavoidable! A <strong>mythical itinerary<\/strong>, breathtaking landscapes and of course&#8230; Very good wines to taste.<\/p>\n\n\n\n<p class=\"ls-paragraph has-text-align-center\">If you like good wine, there&#8217;s nothing like crossing the Alsace Wine Route. Visit the surrounding vineyards and <strong>enjoy tastings<\/strong> that will make you discover the best Alsatian wines. Moreover, the <a href=\"https:\/\/www.vinsalsace.com\/fr\/grands-crus\/rangen\/\" target=\"_blank\" rel=\"noreferrer noopener nofollow\">vineyards of Rangen<\/a>, located near our campsite, is a treasure to discover for wine lovers. With its recent distinction in 2022 as <strong>one of the top 12 vineyards<\/strong> in the world, Rangen offers a unique experience in the wine world. Whether you are an experienced wine lover or simply curious, the Rangen vineyard awaits you for an exceptional taste experience.<\/p>\n\n\r\n    <\/div>\r\n<\/section><section id=\"ls-section-block_ab535906e9f9f6cf7390a3b449907741\" class=\"ls-section  page-five m-t-0 m-b-0\" >\r\n        <div class=\"container container--wide\">\r\n        \n\n<div id=\"ls-heading ls-titre-div-block_615e72cea15945419a9ad738bc0387a8\" class=\"ls-titre-div aligncenter h2-like\" >\n    <strong>Discover the surroundings of the campsite<\/strong><\/div>\n\n\n<div id=\"ls-maillage-block_af6e5e7c6fb6da04f610c8478f12e37b\" class=\"ls-maillage cta-style-normal\" data-rows=\"3\">\r\n    <div class=\"wp-block-columns\"><div class=\"wp-block-column\"><div class=\"ls-cta\">\n\n<a href=\"https:\/\/www.campingdoller.fr\/en\/cheap-camping-colmar\/\" target=\"\" rel=\"noopener\" class=\"ls-cta__link\">\n\n\t<div class=\"ls-cta__image\"><img decoding=\"async\" src=\"https:\/\/www.campingdoller.fr\/wp-content\/uploads\/2025\/12\/Ballon-foot-WhatsApp-Nathalie.jpg\" alt=\"WhatsApp football ball Nathalie\"><\/div>\n\t<div class=\"ls-cta__title\">\n\t\tRates\t<\/div>\n\n\t\n<\/a><\/div><\/div><div class=\"wp-block-column\"><div class=\"ls-cta\">\n\n<a href=\"https:\/\/www.campingdoller.fr\/en\/activities-in-alsace\/\" target=\"\" rel=\"noopener\" class=\"ls-cta__link\">\n\n\t<div class=\"ls-cta__image\"><img decoding=\"async\" src=\"https:\/\/www.campingdoller.fr\/wp-content\/uploads\/2025\/12\/Accrobranche.jpg\" alt=\"Tree climbing\"><\/div>\n\t<div class=\"ls-cta__title\">\n\t\tActivities around the campsite\t<\/div>\n\n\t\n<\/a><\/div><\/div><div class=\"wp-block-column\"><div class=\"ls-cta\">\n\n<a href=\"https:\/\/www.campingdoller.fr\/en\/riverside-campsite-alsace\/\" target=\"\" rel=\"noopener\" class=\"ls-cta__link\">\n\n\t<div class=\"ls-cta__image\"><img decoding=\"async\" src=\"https:\/\/www.campingdoller.fr\/wp-content\/uploads\/2025\/12\/Riviere-1-768x508.jpg\" alt=\"River\"><\/div>\n\t<div class=\"ls-cta__title\">\n\t\tRiverside campsite\t<\/div>\n\n\t\n<\/a><\/div><\/div><\/div><\/div>\n\r\n    <\/div>\r\n<\/section>","protected":false},"excerpt":{"rendered":"","protected":false},"author":1,"featured_media":2979,"parent":0,"menu_order":0,"comment_status":"closed","ping_status":"closed","template":"","meta":{"_acf_changed":false,"footnotes":""},"sujet":[],"class_list":["post-1722","page","type-page","status-publish","has-post-thumbnail","hentry"],"acf":[],"yoast_head":"<!-- This site is optimized with the Yoast SEO plugin v25.3 - https:\/\/yoast.com\/wordpress\/plugins\/seo\/ -->\n<title>Tourism in Alsace | Cultural visits to do in Alsace<\/title>\n<meta name=\"robots\" content=\"index, follow, max-snippet:-1, max-image-preview:large, max-video-preview:-1\" \/>\n<link rel=\"canonical\" href=\"https:\/\/www.campingdoller.fr\/en\/tourism-alsace\/\" \/>\n<meta property=\"og:locale\" content=\"en_US\" \/>\n<meta property=\"og:type\" content=\"article\" \/>\n<meta property=\"og:title\" content=\"Tourism in Alsace | Cultural visits to do in Alsace\" \/>\n<meta property=\"og:url\" content=\"https:\/\/www.campingdoller.fr\/en\/tourism-alsace\/\" \/>\n<meta property=\"og:site_name\" content=\"Camping de la Doller\" \/>\n<meta property=\"article:modified_time\" content=\"2025-12-16T16:03:44+00:00\" \/>\n<meta property=\"og:image\" content=\"https:\/\/www.campingdoller.fr\/wp-content\/uploads\/2025\/12\/Bandeau-Michelbach-WhatsApp-Nathalie.jpg\" \/>\n\t<meta property=\"og:image:width\" content=\"1040\" \/>\n\t<meta property=\"og:image:height\" content=\"780\" \/>\n\t<meta property=\"og:image:type\" content=\"image\/jpeg\" \/>\n<meta name=\"twitter:card\" content=\"summary_large_image\" \/>\n<meta name=\"twitter:label1\" content=\"Est. reading time\" \/>\n\t<meta name=\"twitter:data1\" content=\"2 minutes\" \/>\n<script type=\"application\/ld+json\" class=\"yoast-schema-graph\">{\"@context\":\"https:\/\/schema.org\",\"@graph\":[{\"@type\":\"WebPage\",\"@id\":\"https:\/\/www.campingdoller.fr\/en\/tourism-alsace\/\",\"url\":\"https:\/\/www.campingdoller.fr\/en\/tourism-alsace\/\",\"name\":\"Tourism in Alsace | Cultural visits to do in Alsace\",\"isPartOf\":{\"@id\":\"https:\/\/www.campingdoller.fr\/#website\"},\"primaryImageOfPage\":{\"@id\":\"https:\/\/www.campingdoller.fr\/en\/tourism-alsace\/#primaryimage\"},\"image\":{\"@id\":\"https:\/\/www.campingdoller.fr\/en\/tourism-alsace\/#primaryimage\"},\"thumbnailUrl\":\"https:\/\/www.campingdoller.fr\/wp-content\/uploads\/2025\/12\/Bandeau-Michelbach-WhatsApp-Nathalie.jpg\",\"datePublished\":\"2023-05-03T12:01:01+00:00\",\"dateModified\":\"2025-12-16T16:03:44+00:00\",\"breadcrumb\":{\"@id\":\"https:\/\/www.campingdoller.fr\/en\/tourism-alsace\/#breadcrumb\"},\"inLanguage\":\"en-US\",\"potentialAction\":[{\"@type\":\"ReadAction\",\"target\":[\"https:\/\/www.campingdoller.fr\/en\/tourism-alsace\/\"]}]},{\"@type\":\"ImageObject\",\"inLanguage\":\"en-US\",\"@id\":\"https:\/\/www.campingdoller.fr\/en\/tourism-alsace\/#primaryimage\",\"url\":\"https:\/\/www.campingdoller.fr\/wp-content\/uploads\/2025\/12\/Bandeau-Michelbach-WhatsApp-Nathalie.jpg\",\"contentUrl\":\"https:\/\/www.campingdoller.fr\/wp-content\/uploads\/2025\/12\/Bandeau-Michelbach-WhatsApp-Nathalie.jpg\",\"width\":1040,\"height\":780,\"caption\":\"Michelbach banner WhatsApp Nathalie\"},{\"@type\":\"BreadcrumbList\",\"@id\":\"https:\/\/www.campingdoller.fr\/en\/tourism-alsace\/#breadcrumb\",\"itemListElement\":[{\"@type\":\"ListItem\",\"position\":1,\"name\":\"Camping Alsace\",\"item\":\"https:\/\/www.campingdoller.fr\/en\/\"},{\"@type\":\"ListItem\",\"position\":2,\"name\":\"Tourism in Alsace\"}]},{\"@type\":\"WebSite\",\"@id\":\"https:\/\/www.campingdoller.fr\/#website\",\"url\":\"https:\/\/www.campingdoller.fr\/\",\"name\":\"Camping de la Doller\",\"description\":\"\",\"publisher\":{\"@id\":\"https:\/\/www.campingdoller.fr\/#organization\"},\"potentialAction\":[{\"@type\":\"SearchAction\",\"target\":{\"@type\":\"EntryPoint\",\"urlTemplate\":\"https:\/\/www.campingdoller.fr\/?s={search_term_string}\"},\"query-input\":{\"@type\":\"PropertyValueSpecification\",\"valueRequired\":true,\"valueName\":\"search_term_string\"}}],\"inLanguage\":\"en-US\"},{\"@type\":\"Organization\",\"@id\":\"https:\/\/www.campingdoller.fr\/#organization\",\"name\":\"Camping de la Doller\",\"url\":\"https:\/\/www.campingdoller.fr\/\",\"logo\":{\"@type\":\"ImageObject\",\"inLanguage\":\"en-US\",\"@id\":\"https:\/\/www.campingdoller.fr\/#\/schema\/logo\/image\/\",\"url\":\"https:\/\/www.campingdoller.fr\/wp-content\/uploads\/2023\/03\/cropped-logo-camping-de-la-doller.png\",\"contentUrl\":\"https:\/\/www.campingdoller.fr\/wp-content\/uploads\/2023\/03\/cropped-logo-camping-de-la-doller.png\",\"width\":512,\"height\":512,\"caption\":\"Camping de la Doller\"},\"image\":{\"@id\":\"https:\/\/www.campingdoller.fr\/#\/schema\/logo\/image\/\"}}]}<\/script>\n<!-- \/ Yoast SEO plugin. -->","yoast_head_json":{"title":"Tourism in Alsace | Cultural visits to do in Alsace","robots":{"index":"index","follow":"follow","max-snippet":"max-snippet:-1","max-image-preview":"max-image-preview:large","max-video-preview":"max-video-preview:-1"},"canonical":"https:\/\/www.campingdoller.fr\/en\/tourism-alsace\/","og_locale":"en_US","og_type":"article","og_title":"Tourism in Alsace | Cultural visits to do in Alsace","og_url":"https:\/\/www.campingdoller.fr\/en\/tourism-alsace\/","og_site_name":"Camping de la Doller","article_modified_time":"2025-12-16T16:03:44+00:00","og_image":[{"width":1040,"height":780,"url":"https:\/\/www.campingdoller.fr\/wp-content\/uploads\/2025\/12\/Bandeau-Michelbach-WhatsApp-Nathalie.jpg","type":"image\/jpeg"}],"twitter_card":"summary_large_image","twitter_misc":{"Est. reading time":"2 minutes"},"schema":{"@context":"https:\/\/schema.org","@graph":[{"@type":"WebPage","@id":"https:\/\/www.campingdoller.fr\/en\/tourism-alsace\/","url":"https:\/\/www.campingdoller.fr\/en\/tourism-alsace\/","name":"Tourism in Alsace | Cultural visits to do in Alsace","isPartOf":{"@id":"https:\/\/www.campingdoller.fr\/#website"},"primaryImageOfPage":{"@id":"https:\/\/www.campingdoller.fr\/en\/tourism-alsace\/#primaryimage"},"image":{"@id":"https:\/\/www.campingdoller.fr\/en\/tourism-alsace\/#primaryimage"},"thumbnailUrl":"https:\/\/www.campingdoller.fr\/wp-content\/uploads\/2025\/12\/Bandeau-Michelbach-WhatsApp-Nathalie.jpg","datePublished":"2023-05-03T12:01:01+00:00","dateModified":"2025-12-16T16:03:44+00:00","breadcrumb":{"@id":"https:\/\/www.campingdoller.fr\/en\/tourism-alsace\/#breadcrumb"},"inLanguage":"en-US","potentialAction":[{"@type":"ReadAction","target":["https:\/\/www.campingdoller.fr\/en\/tourism-alsace\/"]}]},{"@type":"ImageObject","inLanguage":"en-US","@id":"https:\/\/www.campingdoller.fr\/en\/tourism-alsace\/#primaryimage","url":"https:\/\/www.campingdoller.fr\/wp-content\/uploads\/2025\/12\/Bandeau-Michelbach-WhatsApp-Nathalie.jpg","contentUrl":"https:\/\/www.campingdoller.fr\/wp-content\/uploads\/2025\/12\/Bandeau-Michelbach-WhatsApp-Nathalie.jpg","width":1040,"height":780,"caption":"Michelbach banner WhatsApp Nathalie"},{"@type":"BreadcrumbList","@id":"https:\/\/www.campingdoller.fr\/en\/tourism-alsace\/#breadcrumb","itemListElement":[{"@type":"ListItem","position":1,"name":"Camping Alsace","item":"https:\/\/www.campingdoller.fr\/en\/"},{"@type":"ListItem","position":2,"name":"Tourism in Alsace"}]},{"@type":"WebSite","@id":"https:\/\/www.campingdoller.fr\/#website","url":"https:\/\/www.campingdoller.fr\/","name":"Camping de la Doller","description":"","publisher":{"@id":"https:\/\/www.campingdoller.fr\/#organization"},"potentialAction":[{"@type":"SearchAction","target":{"@type":"EntryPoint","urlTemplate":"https:\/\/www.campingdoller.fr\/?s={search_term_string}"},"query-input":{"@type":"PropertyValueSpecification","valueRequired":true,"valueName":"search_term_string"}}],"inLanguage":"en-US"},{"@type":"Organization","@id":"https:\/\/www.campingdoller.fr\/#organization","name":"Camping de la Doller","url":"https:\/\/www.campingdoller.fr\/","logo":{"@type":"ImageObject","inLanguage":"en-US","@id":"https:\/\/www.campingdoller.fr\/#\/schema\/logo\/image\/","url":"https:\/\/www.campingdoller.fr\/wp-content\/uploads\/2023\/03\/cropped-logo-camping-de-la-doller.png","contentUrl":"https:\/\/www.campingdoller.fr\/wp-content\/uploads\/2023\/03\/cropped-logo-camping-de-la-doller.png","width":512,"height":512,"caption":"Camping de la Doller"},"image":{"@id":"https:\/\/www.campingdoller.fr\/#\/schema\/logo\/image\/"}}]}},"_links":{"self":[{"href":"https:\/\/www.campingdoller.fr\/en\/wp-json\/wp\/v2\/pages\/1722","targetHints":{"allow":["GET"]}}],"collection":[{"href":"https:\/\/www.campingdoller.fr\/en\/wp-json\/wp\/v2\/pages"}],"about":[{"href":"https:\/\/www.campingdoller.fr\/en\/wp-json\/wp\/v2\/types\/page"}],"author":[{"embeddable":true,"href":"https:\/\/www.campingdoller.fr\/en\/wp-json\/wp\/v2\/users\/1"}],"replies":[{"embeddable":true,"href":"https:\/\/www.campingdoller.fr\/en\/wp-json\/wp\/v2\/comments?post=1722"}],"version-history":[{"count":4,"href":"https:\/\/www.campingdoller.fr\/en\/wp-json\/wp\/v2\/pages\/1722\/revisions"}],"predecessor-version":[{"id":3126,"href":"https:\/\/www.campingdoller.fr\/en\/wp-json\/wp\/v2\/pages\/1722\/revisions\/3126"}],"wp:featuredmedia":[{"embeddable":true,"href":"https:\/\/www.campingdoller.fr\/en\/wp-json\/wp\/v2\/media\/2979"}],"wp:attachment":[{"href":"https:\/\/www.campingdoller.fr\/en\/wp-json\/wp\/v2\/media?parent=1722"}],"wp:term":[{"taxonomy":"sujet","embeddable":true,"href":"https:\/\/www.campingdoller.fr\/en\/wp-json\/wp\/v2\/sujet?post=1722"}],"curies":[{"name":"wp","href":"https:\/\/api.w.org\/{rel}","templated":true}]}}