{"id":1780,"date":"2023-05-03T14:19:29","date_gmt":"2023-05-03T12:19:29","guid":{"rendered":"https:\/\/www.campingdoller.fr\/restaurant-in-alsace\/"},"modified":"2025-12-16T10:52:59","modified_gmt":"2025-12-16T09:52:59","slug":"restaurant-in-guewenheim","status":"publish","type":"page","link":"https:\/\/www.campingdoller.fr\/en\/restaurant-in-guewenheim\/","title":{"rendered":"Bar, Ice cream &amp; restaurant"},"content":{"rendered":"<section id=\"ls-section-block_1dec9f8df7cc89d06cf05aa40e51e262\" class=\"ls-section  home-first m-b-0 page-one has-background-image\" >\r\n    <div class=\"ls-section__background-image opacity-100\"><img decoding=\"async\" src=\"https:\/\/www.campingdoller.fr\/wp-content\/uploads\/2023\/04\/fond-bois-camping-de-la-doller.webp\" alt=\"Campsite Haut Rhin\"><\/div>    <div class=\"container container--wide\">\r\n        \n\n<h1 class=\"ls__heading wp-block-heading has-text-align-center m-b-5\">Catering near Mulhouse<\/h1>\n\n\n\n<div class=\"wp-block-columns are-vertically-aligned-center is-layout-flex wp-container-core-columns-is-layout-9d6595d7 wp-block-columns-is-layout-flex\">\n<div class=\"wp-block-column is-vertically-aligned-center is-layout-flow wp-block-column-is-layout-flow\" style=\"flex-basis:66.66%\">\n<figure class=\"wp-block-image size-full animated fadeInLeft slow\"><a href=\"&lt;!--[CDATA[https:\/\/www.campingdoller.fr\/wp-content\/uploads\/2023\/04\/snack-pizza-et-tartes-camping-la-doller-alsace.jpg]]--&gt;\"><img decoding=\"async\" width=\"857\" height=\"536\" src=\"https:\/\/www.campingdoller.fr\/wp-content\/uploads\/2023\/04\/snack-pizza-et-tartes-camping-la-doller-alsace.jpg\" alt=\"snack pizza Guewenheim\" class=\"wp-image-865\" srcset=\"https:\/\/www.campingdoller.fr\/wp-content\/uploads\/2023\/04\/snack-pizza-et-tartes-camping-la-doller-alsace.jpg 857w, https:\/\/www.campingdoller.fr\/wp-content\/uploads\/2023\/04\/snack-pizza-et-tartes-camping-la-doller-alsace-300x188.jpg 300w, https:\/\/www.campingdoller.fr\/wp-content\/uploads\/2023\/04\/snack-pizza-et-tartes-camping-la-doller-alsace-768x480.jpg 768w\" sizes=\"(max-width: 857px) 100vw, 857px\" \/><\/a><\/figure>\n<\/div>\n\n\n\n<div class=\"wp-block-column is-vertically-aligned-center is-layout-flow wp-block-column-is-layout-flow\" style=\"flex-basis:33.33%\">\n<h2 class=\"ls__heading wp-block-heading\">Traditional cuisine and local products in Alsace <\/h2>\n\n\n\n<p class=\"ls-paragraph\">The restaurant area at <a href=\"https:\/\/www.campingdoller.fr\/en\/\">Camping de la Doller<\/a> (<strong>mainly open in July\/August<\/strong>) offers traditional specialities cooked exclusively with fresh produce. These meals are announced and require registration. <strong> Traditional cuisine<\/strong>, local produce and delicious Alsatian dishes await you!<\/p>\n\n\n\n<p class=\"ls-paragraph\">Come and enjoy our <strong>wood-fired pizzas <\/strong>and <strong>tartes flamb\u00e9es<\/strong> every <strong>Friday evening<\/strong> throughout the season, as well as on <strong>Monday evenings in July and August<\/strong>.<\/p>\n\n\n\n<p class=\"ls-paragraph\">On <strong>Wednesday evenings in July and August<\/strong>, enjoy <strong>burgers <\/strong>lovingly prepared by our chef. You can choose from <strong>several varieties<\/strong> and enjoy the warm atmosphere of the campsite terrace. <\/p>\n\n\n\n<p class=\"ls-paragraph\">On <strong>Sundays at lunchtime in July\/August<\/strong>, we are delighted to offer you <strong>chicken<\/strong>, <strong>ham hocks<\/strong> and <strong>chips <\/strong>to take away.<\/p>\n\n\n\n<p class=\"ls-paragraph\">On <strong>Sunday evenings in July and August<\/strong>, our partner KanoKwan visits our campsite with its food truck, offering you a culinary journey through the <strong>myriad flavours of Thailand<\/strong>.<\/p>\n\n\n\n<p class=\"ls-paragraph\">Additional meals may be added during the season, such as paella prepared by Jos\u00e9 Aparicio&#8217;s teams. There will also be Italian evenings with wonderful arraginis from Gio Gusto caterers. Alsatian specialities will also be available: Baeckaoffa, Choucroute, Fleischschnakas, etc. These meals will be advertised within the campsite.   <\/p>\n\n\n\n<p class=\"ls-paragraph addReadMore showlesscontent\">Please note that our restaurant in Alsace has a large dining room and a 100m\u00b2 terrace. You won&#8217;t even have to leave the campsite to enjoy delicious <strong>dishes cooked with the best products of the region<\/strong> !<\/p>\n<\/div>\n<\/div>\n\n\n\n<figure class=\"wp-block-image size-full illustration-oiseau\"><img decoding=\"async\" width=\"800\" height=\"650\" src=\"https:\/\/www.campingdoller.fr\/wp-content\/uploads\/2023\/03\/oiseau-camping-de-la-doller.webp\" alt=\"Bird Camping de la Doller\" class=\"wp-image-348\" srcset=\"https:\/\/www.campingdoller.fr\/wp-content\/uploads\/2023\/03\/oiseau-camping-de-la-doller.webp 800w, https:\/\/www.campingdoller.fr\/wp-content\/uploads\/2023\/03\/oiseau-camping-de-la-doller-300x244.webp 300w, https:\/\/www.campingdoller.fr\/wp-content\/uploads\/2023\/03\/oiseau-camping-de-la-doller-768x624.webp 768w\" sizes=\"(max-width: 800px) 100vw, 800px\" \/><\/figure>\n\n\r\n    <\/div>\r\n<\/section><section id=\"ls-section-block_f16735361fa45677cad10d1481f18c5f\" class=\"ls-section  home-third page-two m-b-0 has-background-image\" >\r\n    <div class=\"ls-section__background-image opacity-100\"><img decoding=\"async\" src=\"https:\/\/www.campingdoller.fr\/wp-content\/uploads\/2023\/04\/fond-bois-camping-de-la-doller.webp\" alt=\"Campsite Haut Rhin\"><\/div>    <div class=\"container container--wide\">\r\n        \n\n<div class=\"wp-block-columns are-vertically-aligned-center is-layout-flex wp-container-core-columns-is-layout-9d6595d7 wp-block-columns-is-layout-flex\">\n<div class=\"wp-block-column is-vertically-aligned-center is-layout-flow wp-block-column-is-layout-flow\" style=\"flex-basis:40%\">\n<h2 class=\"ls__heading wp-block-heading\">Themed meals near Mulhouse<\/h2>\n\n\n\n<p class=\"ls-paragraph\">During the season, we can welcome you for <strong>themed meals<\/strong> on certain evenings. You will find the schedule of evening events posted around the campsite and on our Facebook and Instagram pages.<\/p>\n\n\n\n<p class=\"ls-paragraph\">Enjoy high-quality catering while having fun alone or with your loved ones! Our themed meals are an opportunity to discover new dishes and flavors. A wonderful opportunity to spend a special evening at Camping de la Doller!<\/p>\n\n\n\n<h2 class=\"ls__heading wp-block-heading\">The bar (license IV) of the campsite<\/h2>\n\n\n\n<p class=\"ls-paragraph\">The bar at our 3-star campsite in Alsace is open every day during the following hours:<\/p>\n\n\n\n<p class=\"ls-paragraph\"><strong>Off-season<\/strong> (April, May, June and September): 9:00 a.m. to 12:00 p.m.\/3:00 p.m. to 8:00 p.m.<\/p>\n\n\n\n<p class=\"ls-paragraph\"><strong>High season<\/strong> (July and August): 8:00 a.m. to 12:00 p.m.\/2:00 p.m. to 10:00 p.m.<\/p>\n\n\n\n<p class=\"ls-paragraph\"><strong>Take advantage of our terrace<\/strong> to gather and relax with a drink! Cocktails, bi\u00e8res, vins, et boissons sans alcool ou encore coupes de glaces, cr\u00eapes ou gaufres vous attendent pour passer un moment d\u00e9licieux.<\/p>\n<\/div>\n\n\n\n<div class=\"wp-block-column is-vertically-aligned-center is-layout-flow wp-block-column-is-layout-flow\" style=\"flex-basis:60%\">\n<figure class=\"wp-block-gallery has-nested-images columns-1 is-cropped wp-block-gallery-1 is-layout-flex wp-block-gallery-is-layout-flex\">\n<figure class=\"wp-block-image size-full animated fadeInRight slow\"><a href=\"https:\/\/www.campingdoller.fr\/wp-content\/uploads\/2023\/04\/repas-a-theme-camping-alsace.jpg\"><img decoding=\"async\" width=\"857\" height=\"536\" data-id=\"870\" src=\"https:\/\/www.campingdoller.fr\/wp-content\/uploads\/2023\/04\/repas-a-theme-camping-alsace.jpg\" alt=\"Themed meal Camping Alsace\" class=\"wp-image-870\" srcset=\"https:\/\/www.campingdoller.fr\/wp-content\/uploads\/2023\/04\/repas-a-theme-camping-alsace.jpg 857w, https:\/\/www.campingdoller.fr\/wp-content\/uploads\/2023\/04\/repas-a-theme-camping-alsace-300x188.jpg 300w, https:\/\/www.campingdoller.fr\/wp-content\/uploads\/2023\/04\/repas-a-theme-camping-alsace-768x480.jpg 768w\" sizes=\"(max-width: 857px) 100vw, 857px\" \/><\/a><\/figure>\n\n\n\n<figure class=\"wp-block-image size-full animated fadeInRight slow delay-200ms\"><a href=\"https:\/\/www.campingdoller.fr\/wp-content\/uploads\/2023\/05\/snack-du-camping.webp\"><img decoding=\"async\" width=\"1000\" height=\"667\" data-id=\"1540\" src=\"https:\/\/www.campingdoller.fr\/wp-content\/uploads\/2023\/05\/snack-du-camping.webp\" alt=\"Campsite snack\" class=\"wp-image-1540\" srcset=\"https:\/\/www.campingdoller.fr\/wp-content\/uploads\/2023\/05\/snack-du-camping.webp 1000w, https:\/\/www.campingdoller.fr\/wp-content\/uploads\/2023\/05\/snack-du-camping-300x200.webp 300w, https:\/\/www.campingdoller.fr\/wp-content\/uploads\/2023\/05\/snack-du-camping-768x512.webp 768w\" sizes=\"(max-width: 1000px) 100vw, 1000px\" \/><\/a><\/figure>\n<\/figure>\n<\/div>\n<\/div>\n\n\r\n    <\/div>\r\n<\/section><section id=\"ls-section-block_e6c469f2460bbd583efdfd7a987da379\" class=\"ls-section  page-five m-t-0 m-b-0\" >\r\n        <div class=\"container container--wide\">\r\n        \n\n<div id=\"ls-heading ls-titre-div-block_ef2cd692e5785c37eff2f8823aded281\" class=\"ls-titre-div aligncenter h2-like\" >\n    <strong>Discover the animations, services and swimming pool of our campsite<\/strong><\/div>\n\n\n<div id=\"ls-maillage-block_ec1659ef9303320422b494f83bd37323\" class=\"ls-maillage cta-style-normal\" data-rows=\"3\">\r\n    <div class=\"wp-block-columns\"><div class=\"wp-block-column\"><div class=\"ls-cta\">\n\n<a href=\"https:\/\/www.campingdoller.fr\/en\/family-campsite-colmar\/\" target=\"\" rel=\"noopener\" class=\"ls-cta__link\">\n\n\t<div class=\"ls-cta__image\"><img decoding=\"async\" src=\"https:\/\/www.campingdoller.fr\/wp-content\/uploads\/2024\/02\/bandeau-service-cta.jpg\" alt=\"service banner cta\"><\/div>\n\t<div class=\"ls-cta__title\">\n\t\tServices\t<\/div>\n\n\t\n<\/a><\/div><\/div><div class=\"wp-block-column\"><div class=\"ls-cta\">\n\n<a href=\"https:\/\/www.campingdoller.fr\/en\/campsite-pool-alsace\/\" target=\"\" rel=\"noopener\" class=\"ls-cta__link\">\n\n\t<div class=\"ls-cta__image\"><img decoding=\"async\" src=\"https:\/\/www.campingdoller.fr\/wp-content\/uploads\/2025\/12\/Piscine-1-768x512.jpg\" alt=\"Swimming pool\"><\/div>\n\t<div class=\"ls-cta__title\">\n\t\tThe swimming pool\t<\/div>\n\n\t\n<\/a><\/div><\/div><div class=\"wp-block-column\"><div class=\"ls-cta\">\n\n<a href=\"https:\/\/www.campingdoller.fr\/en\/campsite-animations-alsace\/\" target=\"\" rel=\"noopener\" class=\"ls-cta__link\">\n\n\t<div class=\"ls-cta__image\"><img decoding=\"async\" src=\"https:\/\/www.campingdoller.fr\/wp-content\/uploads\/2025\/12\/Observation-1-768x1024.jpg\" alt=\"Observation\"><\/div>\n\t<div class=\"ls-cta__title\">\n\t\tEntertainment\t<\/div>\n\n\t\n<\/a><\/div><\/div><\/div><\/div>\n\r\n    <\/div>\r\n<\/section>","protected":false},"excerpt":{"rendered":"","protected":false},"author":1,"featured_media":2922,"parent":0,"menu_order":0,"comment_status":"closed","ping_status":"closed","template":"","meta":{"_acf_changed":false,"footnotes":""},"sujet":[],"class_list":["post-1780","page","type-page","status-publish","has-post-thumbnail","hentry"],"acf":[],"yoast_head":"<!-- This site is optimized with the Yoast SEO plugin v25.3 - https:\/\/yoast.com\/wordpress\/plugins\/seo\/ -->\n<title>Restaurant in Alsace | Bar, restaurant near Mulhouse<\/title>\n<meta name=\"robots\" content=\"index, follow, max-snippet:-1, max-image-preview:large, max-video-preview:-1\" \/>\n<link rel=\"canonical\" href=\"https:\/\/www.campingdoller.fr\/en\/restaurant-in-guewenheim\/\" \/>\n<meta property=\"og:locale\" content=\"en_US\" \/>\n<meta property=\"og:type\" content=\"article\" \/>\n<meta property=\"og:title\" content=\"Restaurant in Alsace | Bar, restaurant near Mulhouse\" \/>\n<meta property=\"og:url\" content=\"https:\/\/www.campingdoller.fr\/en\/restaurant-in-guewenheim\/\" \/>\n<meta property=\"og:site_name\" content=\"Camping de la Doller\" \/>\n<meta property=\"article:modified_time\" content=\"2025-12-16T09:52:59+00:00\" \/>\n<meta property=\"og:image\" content=\"https:\/\/www.campingdoller.fr\/wp-content\/uploads\/2025\/12\/19-aout-groupe-bord-piscine-e1765464357694.jpg\" \/>\n\t<meta property=\"og:image:width\" content=\"1038\" \/>\n\t<meta property=\"og:image:height\" content=\"777\" \/>\n\t<meta property=\"og:image:type\" content=\"image\/jpeg\" \/>\n<meta name=\"twitter:card\" content=\"summary_large_image\" \/>\n<meta name=\"twitter:label1\" content=\"Est. reading time\" \/>\n\t<meta name=\"twitter:data1\" content=\"2 minutes\" \/>\n<script type=\"application\/ld+json\" class=\"yoast-schema-graph\">{\"@context\":\"https:\/\/schema.org\",\"@graph\":[{\"@type\":\"WebPage\",\"@id\":\"https:\/\/www.campingdoller.fr\/en\/restaurant-in-guewenheim\/\",\"url\":\"https:\/\/www.campingdoller.fr\/en\/restaurant-in-guewenheim\/\",\"name\":\"Restaurant in Alsace | Bar, restaurant near Mulhouse\",\"isPartOf\":{\"@id\":\"https:\/\/www.campingdoller.fr\/#website\"},\"primaryImageOfPage\":{\"@id\":\"https:\/\/www.campingdoller.fr\/en\/restaurant-in-guewenheim\/#primaryimage\"},\"image\":{\"@id\":\"https:\/\/www.campingdoller.fr\/en\/restaurant-in-guewenheim\/#primaryimage\"},\"thumbnailUrl\":\"https:\/\/www.campingdoller.fr\/wp-content\/uploads\/2025\/12\/19-aout-groupe-bord-piscine-e1765464357694.jpg\",\"datePublished\":\"2023-05-03T12:19:29+00:00\",\"dateModified\":\"2025-12-16T09:52:59+00:00\",\"breadcrumb\":{\"@id\":\"https:\/\/www.campingdoller.fr\/en\/restaurant-in-guewenheim\/#breadcrumb\"},\"inLanguage\":\"en-US\",\"potentialAction\":[{\"@type\":\"ReadAction\",\"target\":[\"https:\/\/www.campingdoller.fr\/en\/restaurant-in-guewenheim\/\"]}]},{\"@type\":\"ImageObject\",\"inLanguage\":\"en-US\",\"@id\":\"https:\/\/www.campingdoller.fr\/en\/restaurant-in-guewenheim\/#primaryimage\",\"url\":\"https:\/\/www.campingdoller.fr\/wp-content\/uploads\/2025\/12\/19-aout-groupe-bord-piscine-e1765464357694.jpg\",\"contentUrl\":\"https:\/\/www.campingdoller.fr\/wp-content\/uploads\/2025\/12\/19-aout-groupe-bord-piscine-e1765464357694.jpg\",\"width\":1038,\"height\":777,\"caption\":\"19 August poolside group\"},{\"@type\":\"BreadcrumbList\",\"@id\":\"https:\/\/www.campingdoller.fr\/en\/restaurant-in-guewenheim\/#breadcrumb\",\"itemListElement\":[{\"@type\":\"ListItem\",\"position\":1,\"name\":\"Camping Alsace\",\"item\":\"https:\/\/www.campingdoller.fr\/en\/\"},{\"@type\":\"ListItem\",\"position\":2,\"name\":\"Bar in Alsace\"}]},{\"@type\":\"WebSite\",\"@id\":\"https:\/\/www.campingdoller.fr\/#website\",\"url\":\"https:\/\/www.campingdoller.fr\/\",\"name\":\"Camping de la Doller\",\"description\":\"\",\"publisher\":{\"@id\":\"https:\/\/www.campingdoller.fr\/#organization\"},\"potentialAction\":[{\"@type\":\"SearchAction\",\"target\":{\"@type\":\"EntryPoint\",\"urlTemplate\":\"https:\/\/www.campingdoller.fr\/?s={search_term_string}\"},\"query-input\":{\"@type\":\"PropertyValueSpecification\",\"valueRequired\":true,\"valueName\":\"search_term_string\"}}],\"inLanguage\":\"en-US\"},{\"@type\":\"Organization\",\"@id\":\"https:\/\/www.campingdoller.fr\/#organization\",\"name\":\"Camping de la Doller\",\"url\":\"https:\/\/www.campingdoller.fr\/\",\"logo\":{\"@type\":\"ImageObject\",\"inLanguage\":\"en-US\",\"@id\":\"https:\/\/www.campingdoller.fr\/#\/schema\/logo\/image\/\",\"url\":\"https:\/\/www.campingdoller.fr\/wp-content\/uploads\/2023\/03\/cropped-logo-camping-de-la-doller.png\",\"contentUrl\":\"https:\/\/www.campingdoller.fr\/wp-content\/uploads\/2023\/03\/cropped-logo-camping-de-la-doller.png\",\"width\":512,\"height\":512,\"caption\":\"Camping de la Doller\"},\"image\":{\"@id\":\"https:\/\/www.campingdoller.fr\/#\/schema\/logo\/image\/\"}}]}<\/script>\n<!-- \/ Yoast SEO plugin. -->","yoast_head_json":{"title":"Restaurant in Alsace | Bar, restaurant near Mulhouse","robots":{"index":"index","follow":"follow","max-snippet":"max-snippet:-1","max-image-preview":"max-image-preview:large","max-video-preview":"max-video-preview:-1"},"canonical":"https:\/\/www.campingdoller.fr\/en\/restaurant-in-guewenheim\/","og_locale":"en_US","og_type":"article","og_title":"Restaurant in Alsace | Bar, restaurant near Mulhouse","og_url":"https:\/\/www.campingdoller.fr\/en\/restaurant-in-guewenheim\/","og_site_name":"Camping de la Doller","article_modified_time":"2025-12-16T09:52:59+00:00","og_image":[{"width":1038,"height":777,"url":"https:\/\/www.campingdoller.fr\/wp-content\/uploads\/2025\/12\/19-aout-groupe-bord-piscine-e1765464357694.jpg","type":"image\/jpeg"}],"twitter_card":"summary_large_image","twitter_misc":{"Est. reading time":"2 minutes"},"schema":{"@context":"https:\/\/schema.org","@graph":[{"@type":"WebPage","@id":"https:\/\/www.campingdoller.fr\/en\/restaurant-in-guewenheim\/","url":"https:\/\/www.campingdoller.fr\/en\/restaurant-in-guewenheim\/","name":"Restaurant in Alsace | Bar, restaurant near Mulhouse","isPartOf":{"@id":"https:\/\/www.campingdoller.fr\/#website"},"primaryImageOfPage":{"@id":"https:\/\/www.campingdoller.fr\/en\/restaurant-in-guewenheim\/#primaryimage"},"image":{"@id":"https:\/\/www.campingdoller.fr\/en\/restaurant-in-guewenheim\/#primaryimage"},"thumbnailUrl":"https:\/\/www.campingdoller.fr\/wp-content\/uploads\/2025\/12\/19-aout-groupe-bord-piscine-e1765464357694.jpg","datePublished":"2023-05-03T12:19:29+00:00","dateModified":"2025-12-16T09:52:59+00:00","breadcrumb":{"@id":"https:\/\/www.campingdoller.fr\/en\/restaurant-in-guewenheim\/#breadcrumb"},"inLanguage":"en-US","potentialAction":[{"@type":"ReadAction","target":["https:\/\/www.campingdoller.fr\/en\/restaurant-in-guewenheim\/"]}]},{"@type":"ImageObject","inLanguage":"en-US","@id":"https:\/\/www.campingdoller.fr\/en\/restaurant-in-guewenheim\/#primaryimage","url":"https:\/\/www.campingdoller.fr\/wp-content\/uploads\/2025\/12\/19-aout-groupe-bord-piscine-e1765464357694.jpg","contentUrl":"https:\/\/www.campingdoller.fr\/wp-content\/uploads\/2025\/12\/19-aout-groupe-bord-piscine-e1765464357694.jpg","width":1038,"height":777,"caption":"19 August poolside group"},{"@type":"BreadcrumbList","@id":"https:\/\/www.campingdoller.fr\/en\/restaurant-in-guewenheim\/#breadcrumb","itemListElement":[{"@type":"ListItem","position":1,"name":"Camping Alsace","item":"https:\/\/www.campingdoller.fr\/en\/"},{"@type":"ListItem","position":2,"name":"Bar in Alsace"}]},{"@type":"WebSite","@id":"https:\/\/www.campingdoller.fr\/#website","url":"https:\/\/www.campingdoller.fr\/","name":"Camping de la Doller","description":"","publisher":{"@id":"https:\/\/www.campingdoller.fr\/#organization"},"potentialAction":[{"@type":"SearchAction","target":{"@type":"EntryPoint","urlTemplate":"https:\/\/www.campingdoller.fr\/?s={search_term_string}"},"query-input":{"@type":"PropertyValueSpecification","valueRequired":true,"valueName":"search_term_string"}}],"inLanguage":"en-US"},{"@type":"Organization","@id":"https:\/\/www.campingdoller.fr\/#organization","name":"Camping de la Doller","url":"https:\/\/www.campingdoller.fr\/","logo":{"@type":"ImageObject","inLanguage":"en-US","@id":"https:\/\/www.campingdoller.fr\/#\/schema\/logo\/image\/","url":"https:\/\/www.campingdoller.fr\/wp-content\/uploads\/2023\/03\/cropped-logo-camping-de-la-doller.png","contentUrl":"https:\/\/www.campingdoller.fr\/wp-content\/uploads\/2023\/03\/cropped-logo-camping-de-la-doller.png","width":512,"height":512,"caption":"Camping de la Doller"},"image":{"@id":"https:\/\/www.campingdoller.fr\/#\/schema\/logo\/image\/"}}]}},"_links":{"self":[{"href":"https:\/\/www.campingdoller.fr\/en\/wp-json\/wp\/v2\/pages\/1780","targetHints":{"allow":["GET"]}}],"collection":[{"href":"https:\/\/www.campingdoller.fr\/en\/wp-json\/wp\/v2\/pages"}],"about":[{"href":"https:\/\/www.campingdoller.fr\/en\/wp-json\/wp\/v2\/types\/page"}],"author":[{"embeddable":true,"href":"https:\/\/www.campingdoller.fr\/en\/wp-json\/wp\/v2\/users\/1"}],"replies":[{"embeddable":true,"href":"https:\/\/www.campingdoller.fr\/en\/wp-json\/wp\/v2\/comments?post=1780"}],"version-history":[{"count":8,"href":"https:\/\/www.campingdoller.fr\/en\/wp-json\/wp\/v2\/pages\/1780\/revisions"}],"predecessor-version":[{"id":3119,"href":"https:\/\/www.campingdoller.fr\/en\/wp-json\/wp\/v2\/pages\/1780\/revisions\/3119"}],"wp:featuredmedia":[{"embeddable":true,"href":"https:\/\/www.campingdoller.fr\/en\/wp-json\/wp\/v2\/media\/2922"}],"wp:attachment":[{"href":"https:\/\/www.campingdoller.fr\/en\/wp-json\/wp\/v2\/media?parent=1780"}],"wp:term":[{"taxonomy":"sujet","embeddable":true,"href":"https:\/\/www.campingdoller.fr\/en\/wp-json\/wp\/v2\/sujet?post=1780"}],"curies":[{"name":"wp","href":"https:\/\/api.w.org\/{rel}","templated":true}]}}